{"id":20067,"date":"2021-01-11T14:22:08","date_gmt":"2021-01-11T14:22:08","guid":{"rendered":"https:\/\/careers.edwardjones.com\/?page_id=20067"},"modified":"2021-02-06T16:15:45","modified_gmt":"2021-02-06T16:15:45","slug":"carte-du-site","status":"publish","type":"page","link":"https:\/\/edwardjones.site.findly.com\/fr-CA\/carte-du-site\/","title":{"rendered":"Carte du site \u2013 Canada"},"content":{"rendered":"<p>[av_section min_height=\u00a0\u00bb min_height_px=&rsquo;500px&rsquo; padding=&rsquo;no-padding&rsquo; shadow=&rsquo;no-border-styling&rsquo; bottom_border=&rsquo;no-border-styling&rsquo; bottom_border_diagonal_color=&rsquo;#333333&prime; bottom_border_diagonal_direction=\u00a0\u00bb bottom_border_style=\u00a0\u00bb id=\u00a0\u00bb color=&rsquo;main_color&rsquo; custom_bg=\u00a0\u00bb src=\u00a0\u00bb attachment=\u00a0\u00bb attachment_size=\u00a0\u00bb attach=&rsquo;scroll&rsquo; position=&rsquo;top left&rsquo; repeat=&rsquo;no-repeat&rsquo; video=\u00a0\u00bb video_ratio=&rsquo;16:9&prime; overlay_opacity=&rsquo;0.5&prime; overlay_color=\u00a0\u00bb overlay_pattern=\u00a0\u00bb overlay_custom_pattern=\u00a0\u00bb custom_class=&rsquo;banner-text&rsquo;]<br \/>\n[av_textblock size=\u00a0\u00bb font_color=\u00a0\u00bb color=\u00a0\u00bb custom_class=&rsquo;pt70 pb70&prime;]<\/p>\n<h1>Carte du site \u2013 Canada<\/h1>\n<p>[\/av_textblock]<br \/>\n[\/av_section]<\/p>\n<p>[av_section min_height=\u00a0\u00bb min_height_px=&rsquo;500px&rsquo; padding=&rsquo;no-padding&rsquo; shadow=&rsquo;no-border-styling&rsquo; bottom_border=&rsquo;no-border-styling&rsquo; bottom_border_diagonal_color=&rsquo;#333333&prime; bottom_border_diagonal_direction=\u00a0\u00bb bottom_border_style=\u00a0\u00bb id=\u00a0\u00bb color=&rsquo;main_color&rsquo; custom_bg=\u00a0\u00bb src=\u00a0\u00bb attachment=\u00a0\u00bb attachment_size=\u00a0\u00bb attach=&rsquo;scroll&rsquo; position=&rsquo;top left&rsquo; repeat=&rsquo;no-repeat&rsquo; video=\u00a0\u00bb video_ratio=&rsquo;16:9&prime; overlay_opacity=&rsquo;0.5&prime; overlay_color=\u00a0\u00bb overlay_pattern=\u00a0\u00bb overlay_custom_pattern=\u00a0\u00bb custom_class=&rsquo;pt60 pb90 sitemap-section&rsquo;]<\/p>\n<p>[av_one_third first min_height=&rsquo;av-equal-height-column&rsquo; vertical_alignment=&rsquo;av-align-top&rsquo; space=&rsquo;no_margin&rsquo; margin=&rsquo;0px&rsquo; margin_sync=&rsquo;true&rsquo; padding=&rsquo;0px&rsquo; padding_sync=&rsquo;true&rsquo; border=\u00a0\u00bb border_color=\u00a0\u00bb radius=&rsquo;0px&rsquo; radius_sync=&rsquo;true&rsquo; background_color=\u00a0\u00bb src=\u00a0\u00bb attachment=\u00a0\u00bb attachment_size=\u00a0\u00bb background_position=&rsquo;top left&rsquo; background_repeat=&rsquo;no-repeat&rsquo; animation=\u00a0\u00bb mobile_display=\u00a0\u00bb custom_class=\u00a0\u00bb]<\/p>\n<p>[av_textblock size=\u00a0\u00bb font_color=\u00a0\u00bb color=\u00a0\u00bb custom_class=&rsquo;h2fs17&prime;]<\/p>\n<h2 class=\"pb0\">D\u00e9couvrir Edward Jones<\/h2>\n<ul class=\"list-style-none\">\n<li><a href=\"\/fr-CA\">Page d\u2019accueil<\/a><\/li>\n<li><a href=\"\/fr-CA\/concu-differemment\/\">Con\u00e7u diff\u00e9remment<\/a><\/li>\n<li><a href=\"\/fr-CA\/votre-potentiel\/\">Votre potentiel<\/a><\/li>\n<li><a href=\"\/fr-CA\/blogue\/\">Valeurs et points de vue<\/a><\/li>\n<li><a href=\"\/fr-CA\/remuneration-et-avantages-sociaux\/\">R\u00e9mun\u00e9ration et valeurs<\/a><\/li>\n<li><a href=\"\/fr-CA\/domaines-de-carriere\/\">Domaines de carri\u00e8re<\/a><\/li>\n<li><a href=\"\/fr-CA\/resultats-de-la-recherche-demploi\/\">Recherche d\u2019emploi<\/a><\/li>\n<li><a href=\"\/fr-CA\/selection-demplois\/\">S\u00e9lection d\u2019emplois<\/a><\/li>\n<li><a href=\"\/fr-CA\/profile\/login\/\">Connexion au r\u00e9seau de talents<\/a><\/li>\n<li><a href=\"\/fr-CA\/profile\/join\/\">Joignez-vous \u00e0 notre communaut\u00e9 de talents<\/a><\/li>\n<li><a href=\"\/fr-CA\/profile\/\">Profil<\/a><\/li>\n<li><a href=\"\/fr-CA\/page-pour-communiquer-avec-nous\/\">Communiquer avec nous<\/a><\/li>\n<li><a href=\"\/fr-CA\/renseignements-personnels\/\">M\u00e9fiez-vous des escroqueries dans le domaine de l\u2019emploi<\/a><\/li>\n<\/ul>\n<p>[\/av_textblock]<\/p>\n<p>[\/av_one_third][av_one_third min_height=&rsquo;av-equal-height-column&rsquo; vertical_alignment=&rsquo;av-align-top&rsquo; space=\u00a0\u00bb margin=&rsquo;0px&rsquo; margin_sync=&rsquo;true&rsquo; padding=&rsquo;0px&rsquo; padding_sync=&rsquo;true&rsquo; border=\u00a0\u00bb border_color=\u00a0\u00bb radius=&rsquo;0px&rsquo; radius_sync=&rsquo;true&rsquo; background_color=\u00a0\u00bb src=\u00a0\u00bb attachment=\u00a0\u00bb attachment_size=\u00a0\u00bb background_position=&rsquo;top left&rsquo; background_repeat=&rsquo;no-repeat&rsquo; animation=\u00a0\u00bb mobile_display=\u00a0\u00bb custom_class=\u00a0\u00bb]<\/p>\n<p>[av_textblock size=\u00a0\u00bb font_color=\u00a0\u00bb color=\u00a0\u00bb custom_class=&rsquo;h2fs17&prime;]<\/p>\n<h2 class=\"pb0\">Repr\u00e9sentants en services financiers chevronn\u00e9s<\/h2>\n<ul class=\"list-style-none pb20\">\n<li><a href=\"\/fr-CA\/domaines-de-carriere\/representants-en-services-financiers-chevronnes\/\">\u00c0 propos des repr\u00e9sentants en services financiers chevronn\u00e9s<\/a><\/li>\n<li><a href=\"\/fr-CA\/domaines-de-carriere\/representants-en-services-financiers-chevronnes\/remuneration-et-avantages-sociaux\/\">R\u00e9mun\u00e9ration et avantages sociaux<\/a><\/li>\n<li><a href=\"\/fr-CA\/domaines-de-carriere\/representants-en-services-financiers-chevronnes\/technologie\/\">Technologie<\/a><\/li>\n<li><a href=\"\/fr-CA\/domaines-de-carriere\/domaines-de-carriere-sieges-sociaux\/soutien-et-perfectionnement\/\">Soutien et perfectionnement<\/a><\/li>\n<li><a href=\"\/fr-CA\/domaines-de-carriere\/representants-en-services-financiers-chevronnes\/produits-et-services\/\">Produits et services<\/a><\/li>\n<li><a href=\"\/fr-CA\/domaines-de-carriere\/representants-en-services-financiers-chevronnes\/transition-et-integration\/\">Transition et int\u00e9gration<\/a><\/li>\n<\/ul>\n<h2 class=\"pb0\">Nouveaux repr\u00e9sentants en services financiers<\/h2>\n<ul class=\"list-style-none\">\n<li><a href=\"\/fr-CA\/domaines-de-carriere\/domaines-de-carriere-nouveaux-representants-en-services-financiers\/\">\u00c0 propos des nouveaux repr\u00e9sentants en services financiers<\/a><\/li>\n<li><a href=\"\/fr-CA\/domaines-de-carriere\/domaines-de-carriere-nouveaux-representants-en-services-financiers\/remuneration\/\">R\u00e9mun\u00e9ration<\/a><\/li>\n<li><a href=\"\/fr-CA\/domaines-de-carriere\/domaines-de-carriere-nouveaux-representants-en-services-financiers\/permis-et-soutien\/\">Permis et soutien<\/a><\/li>\n<\/ul>\n<p>[\/av_textblock]<\/p>\n<p>[\/av_one_third][av_one_third min_height=&rsquo;av-equal-height-column&rsquo; vertical_alignment=&rsquo;av-align-top&rsquo; space=\u00a0\u00bb margin=&rsquo;0px&rsquo; margin_sync=&rsquo;true&rsquo; padding=&rsquo;0px&rsquo; padding_sync=&rsquo;true&rsquo; border=\u00a0\u00bb border_color=\u00a0\u00bb radius=&rsquo;0px&rsquo; radius_sync=&rsquo;true&rsquo; background_color=\u00a0\u00bb src=\u00a0\u00bb attachment=\u00a0\u00bb attachment_size=\u00a0\u00bb background_position=&rsquo;top left&rsquo; background_repeat=&rsquo;no-repeat&rsquo; animation=\u00a0\u00bb mobile_display=\u00a0\u00bb custom_class=\u00a0\u00bb]<\/p>\n<p>[av_textblock size=\u00a0\u00bb font_color=\u00a0\u00bb color=\u00a0\u00bb custom_class=&rsquo;h2fs17&prime;]<\/p>\n<h2 class=\"pb0\">Soutien en succursale<\/h2>\n<ul class=\"list-style-none pb20\">\n<li><a href=\"\/fr-CA\/domaines-de-carriere\/soutien-en-succursale\/\">\u00c0 propos du soutien en succursale<\/a><\/li>\n<li><a href=\"\/fr-CA\/domaines-de-carriere\/soutien-en-succursale\/formation\/\">Formation<\/a><\/li>\n<li><a href=\"\/fr-CA\/domaines-de-carriere\/soutien-en-succursale\/notre-processus-dembauche\/\">Notre processus d\u2019embauche<\/a><\/li>\n<\/ul>\n<h2 class=\"pb0\">Si\u00e8ges sociaux<\/h2>\n<ul class=\"list-style-none\">\n<li><a href=\"\/fr-CA\/domaines-de-carriere\/domaines-de-carriere-sieges-sociaux\/\">\u00c0 propos des si\u00e8ges sociaux<\/a><\/li>\n<li><a href=\"\/fr-CA\/domaines-de-carriere\/domaines-de-carriere-sieges-sociaux\/services-des-sieges-sociaux\/\">Services<\/a><\/li>\n<li><a href=\"\/fr-CA\/domaines-de-carriere\/sieges-sociaux\/mississauga\/\">Mississauga<\/a><\/li>\n<li><a href=\"\/fr-CA\/domaines-de-carriere\/sieges-sociaux\/soutien-et-perfectionnement\/\">Soutien et perfectionnement<\/a><\/li>\n<li><a href=\"\/fr-CA\/domaines-de-carriere\/sieges-sociaux\/processus-dembauche\/\">Processus d\u2019embauche<\/a><\/li>\n<\/ul>\n<p>[\/av_textblock]<\/p>\n<p>[\/av_one_third][\/av_section]<\/p>\n","protected":false},"excerpt":{"rendered":"<p>[av_section min_height=\u00a0\u00bb min_height_px=&rsquo;500px&rsquo; padding=&rsquo;no-padding&rsquo; shadow=&rsquo;no-border-styling&rsquo; bottom_border=&rsquo;no-border-styling&rsquo; bottom_border_diagonal_color=&rsquo;#333333&prime; bottom_border_diagonal_direction=\u00a0\u00bb bottom_border_style=\u00a0\u00bb id=\u00a0\u00bb<\/p>\n","protected":false},"author":423,"featured_media":0,"parent":0,"menu_order":0,"comment_status":"closed","ping_status":"closed","template":"100-width.php","meta":{"_acf_changed":false,"pgc_meta":"","footnotes":""},"persona":[],"class_list":["post-20067","page","type-page","status-publish","hentry"],"yoast_head":"<!-- This site is optimized with the Yoast SEO Premium plugin v23.0 (Yoast SEO v23.0) - https:\/\/yoast.com\/wordpress\/plugins\/seo\/ -->\n<title>Sitemap - Edward Jones<\/title>\n<meta name=\"description\" content=\"Carte du site des carri\u00e8res \u00e0 Edward Jones\" \/>\n<meta name=\"robots\" content=\"index, follow, max-snippet:-1, max-image-preview:large, max-video-preview:-1\" \/>\n<link rel=\"canonical\" href=\"https:\/\/careers.edwardjones.com\/fr-CA\/carte-du-site\/\" \/>\n<meta property=\"og:locale\" content=\"fr_CA\" \/>\n<meta property=\"og:type\" content=\"article\" \/>\n<meta property=\"og:title\" content=\"Carte du site \u2013 Canada\" \/>\n<meta property=\"og:description\" content=\"Carte du site des carri\u00e8res \u00e0 Edward Jones\" \/>\n<meta property=\"og:url\" content=\"https:\/\/edwardjones.site.findly.com\/fr-CA\/carte-du-site\/\" \/>\n<meta property=\"og:site_name\" content=\"Edwardjones\" \/>\n<meta property=\"article:modified_time\" content=\"2021-02-06T16:15:45+00:00\" \/>\n<meta property=\"og:image\" content=\"https:\/\/edwardjones.site.findly.com\/wp-content\/uploads\/sites\/3808\/2020\/10\/EdwardJonesCareers-logo-200x200px.jpg\" \/>\n\t<meta property=\"og:image:width\" content=\"200\" \/>\n\t<meta property=\"og:image:height\" content=\"200\" \/>\n\t<meta property=\"og:image:type\" content=\"image\/jpeg\" \/>\n<meta name=\"twitter:label1\" content=\"Estimation du temps de lecture\" \/>\n\t<meta name=\"twitter:data1\" content=\"3 minutes\" \/>\n<script type=\"application\/ld+json\" class=\"yoast-schema-graph\">{\"@context\":\"https:\/\/schema.org\",\"@graph\":[{\"@type\":\"WebPage\",\"@id\":\"https:\/\/edwardjones.site.findly.com\/fr-CA\/carte-du-site\/\",\"url\":\"https:\/\/edwardjones.site.findly.com\/fr-CA\/carte-du-site\/\",\"name\":\"Sitemap - Edward Jones\",\"isPartOf\":{\"@id\":\"https:\/\/careers.edwardjones.com\/#website\"},\"datePublished\":\"2021-01-11T14:22:08+00:00\",\"dateModified\":\"2021-02-06T16:15:45+00:00\",\"description\":\"Carte du site des carri\u00e8res \u00e0 Edward Jones\",\"breadcrumb\":{\"@id\":\"https:\/\/edwardjones.site.findly.com\/fr-CA\/carte-du-site\/#breadcrumb\"},\"inLanguage\":\"fr-CA\",\"potentialAction\":[{\"@type\":\"ReadAction\",\"target\":[\"https:\/\/edwardjones.site.findly.com\/fr-CA\/carte-du-site\/\"]}]},{\"@type\":\"BreadcrumbList\",\"@id\":\"https:\/\/edwardjones.site.findly.com\/fr-CA\/carte-du-site\/#breadcrumb\",\"itemListElement\":[{\"@type\":\"ListItem\",\"position\":1,\"name\":\"Home\",\"item\":\"https:\/\/edwardjones.site.findly.com\/fr-CA\/\"},{\"@type\":\"ListItem\",\"position\":2,\"name\":\"Carte du site \u2013 Canada\"}]},{\"@type\":\"WebSite\",\"@id\":\"https:\/\/careers.edwardjones.com\/#website\",\"url\":\"https:\/\/careers.edwardjones.com\/\",\"name\":\"Edwardjones\",\"description\":\"ibee Demo Site\",\"potentialAction\":[{\"@type\":\"SearchAction\",\"target\":{\"@type\":\"EntryPoint\",\"urlTemplate\":\"https:\/\/careers.edwardjones.com\/?s={search_term_string}\"},\"query-input\":\"required name=search_term_string\"}],\"inLanguage\":\"fr-CA\"}]}<\/script>\n<!-- \/ Yoast SEO Premium plugin. -->","yoast_head_json":{"title":"Sitemap - Edward Jones","description":"Carte du site des carri\u00e8res \u00e0 Edward Jones","robots":{"index":"index","follow":"follow","max-snippet":"max-snippet:-1","max-image-preview":"max-image-preview:large","max-video-preview":"max-video-preview:-1"},"canonical":"https:\/\/careers.edwardjones.com\/fr-CA\/carte-du-site\/","og_locale":"fr_CA","og_type":"article","og_title":"Carte du site \u2013 Canada","og_description":"Carte du site des carri\u00e8res \u00e0 Edward Jones","og_url":"https:\/\/edwardjones.site.findly.com\/fr-CA\/carte-du-site\/","og_site_name":"Edwardjones","article_modified_time":"2021-02-06T16:15:45+00:00","og_image":[{"width":200,"height":200,"url":"https:\/\/edwardjones.site.findly.com\/wp-content\/uploads\/sites\/3808\/2020\/10\/EdwardJonesCareers-logo-200x200px.jpg","type":"image\/jpeg"}],"twitter_misc":{"Estimation du temps de lecture":"3 minutes"},"schema":{"@context":"https:\/\/schema.org","@graph":[{"@type":"WebPage","@id":"https:\/\/edwardjones.site.findly.com\/fr-CA\/carte-du-site\/","url":"https:\/\/edwardjones.site.findly.com\/fr-CA\/carte-du-site\/","name":"Sitemap - Edward Jones","isPartOf":{"@id":"https:\/\/careers.edwardjones.com\/#website"},"datePublished":"2021-01-11T14:22:08+00:00","dateModified":"2021-02-06T16:15:45+00:00","description":"Carte du site des carri\u00e8res \u00e0 Edward Jones","breadcrumb":{"@id":"https:\/\/edwardjones.site.findly.com\/fr-CA\/carte-du-site\/#breadcrumb"},"inLanguage":"fr-CA","potentialAction":[{"@type":"ReadAction","target":["https:\/\/edwardjones.site.findly.com\/fr-CA\/carte-du-site\/"]}]},{"@type":"BreadcrumbList","@id":"https:\/\/edwardjones.site.findly.com\/fr-CA\/carte-du-site\/#breadcrumb","itemListElement":[{"@type":"ListItem","position":1,"name":"Home","item":"https:\/\/edwardjones.site.findly.com\/fr-CA\/"},{"@type":"ListItem","position":2,"name":"Carte du site \u2013 Canada"}]},{"@type":"WebSite","@id":"https:\/\/careers.edwardjones.com\/#website","url":"https:\/\/careers.edwardjones.com\/","name":"Edwardjones","description":"ibee Demo Site","potentialAction":[{"@type":"SearchAction","target":{"@type":"EntryPoint","urlTemplate":"https:\/\/careers.edwardjones.com\/?s={search_term_string}"},"query-input":"required name=search_term_string"}],"inLanguage":"fr-CA"}]}},"acf":[],"pgc_meta":"","_links":{"self":[{"href":"https:\/\/edwardjones.site.findly.com\/fr-CA\/wp-json\/wp\/v2\/pages\/20067","targetHints":{"allow":["GET"]}}],"collection":[{"href":"https:\/\/edwardjones.site.findly.com\/fr-CA\/wp-json\/wp\/v2\/pages"}],"about":[{"href":"https:\/\/edwardjones.site.findly.com\/fr-CA\/wp-json\/wp\/v2\/types\/page"}],"author":[{"embeddable":true,"href":"https:\/\/edwardjones.site.findly.com\/fr-CA\/wp-json\/wp\/v2\/users\/423"}],"replies":[{"embeddable":true,"href":"https:\/\/edwardjones.site.findly.com\/fr-CA\/wp-json\/wp\/v2\/comments?post=20067"}],"version-history":[{"count":0,"href":"https:\/\/edwardjones.site.findly.com\/fr-CA\/wp-json\/wp\/v2\/pages\/20067\/revisions"}],"wp:attachment":[{"href":"https:\/\/edwardjones.site.findly.com\/fr-CA\/wp-json\/wp\/v2\/media?parent=20067"}],"wp:term":[{"taxonomy":"persona","embeddable":true,"href":"https:\/\/edwardjones.site.findly.com\/fr-CA\/wp-json\/wp\/v2\/persona?post=20067"}],"curies":[{"name":"wp","href":"https:\/\/api.w.org\/{rel}","templated":true}]}}