{"id":19915,"date":"2021-01-07T04:20:19","date_gmt":"2021-01-07T04:20:19","guid":{"rendered":"https:\/\/careers.edwardjones.com\/?page_id=19915"},"modified":"2026-03-31T00:19:13","modified_gmt":"2026-03-31T00:19:13","slug":"join","status":"publish","type":"page","link":"https:\/\/edwardjones.site.findly.com\/fr-CA\/profile\/join\/","title":{"rendered":"Joignez-vous \u00e0 notre communaut\u00e9 de talents"},"content":{"rendered":"<div id=\"sessionNotificationContainer\"><\/div>\n<div id=\"genericContainer\"><\/div>\n<div ng-view><\/div>\n","protected":false},"excerpt":{"rendered":"","protected":false},"author":423,"featured_media":0,"parent":19910,"menu_order":0,"comment_status":"closed","ping_status":"closed","template":"100-width.php","meta":{"_acf_changed":false,"pgc_meta":"","footnotes":""},"persona":[],"class_list":["post-19915","page","type-page","status-publish","hentry"],"yoast_head":"<!-- This site is optimized with the Yoast SEO Premium plugin v23.0 (Yoast SEO v23.0) - https:\/\/yoast.com\/wordpress\/plugins\/seo\/ -->\n<title>Joignez-vous \u00e0 notre communaut\u00e9 de talents | Edward Jones<\/title>\n<meta name=\"description\" content=\"En tant que membre de la communaut\u00e9 de talents, vous aurez acc\u00e8s \u00e0 des possibilit\u00e9s d\u2019emploi qui correspondent \u00e0 vos comp\u00e9tences et \u00e0 votre exp\u00e9rience.\" \/>\n<meta name=\"robots\" content=\"index, follow, max-snippet:-1, max-image-preview:large, max-video-preview:-1\" \/>\n<link rel=\"canonical\" href=\"https:\/\/careers.edwardjones.com\/fr-CA\/profile\/join\/\" \/>\n<meta property=\"og:locale\" content=\"fr_CA\" \/>\n<meta property=\"og:type\" content=\"article\" \/>\n<meta property=\"og:title\" content=\"Joignez-vous \u00e0 notre communaut\u00e9 de talents\" \/>\n<meta property=\"og:description\" content=\"En tant que membre de la communaut\u00e9 de talents, vous aurez acc\u00e8s \u00e0 des possibilit\u00e9s d\u2019emploi qui correspondent \u00e0 vos comp\u00e9tences et \u00e0 votre exp\u00e9rience.\" \/>\n<meta property=\"og:url\" content=\"https:\/\/careers.edwardjones.com\/fr-CA\/profile\/join\/\" \/>\n<meta property=\"og:site_name\" content=\"Edwardjones\" \/>\n<meta property=\"article:modified_time\" content=\"2026-03-31T00:19:13+00:00\" \/>\n<meta property=\"og:image\" content=\"https:\/\/edwardjones.site.findly.com\/wp-content\/uploads\/sites\/3808\/2020\/10\/EdwardJonesCareers-logo-200x200px.jpg\" \/>\n\t<meta property=\"og:image:width\" content=\"200\" \/>\n\t<meta property=\"og:image:height\" content=\"200\" \/>\n\t<meta property=\"og:image:type\" content=\"image\/jpeg\" \/>\n<script type=\"application\/ld+json\" class=\"yoast-schema-graph\">{\"@context\":\"https:\/\/schema.org\",\"@graph\":[{\"@type\":\"WebPage\",\"@id\":\"https:\/\/careers.edwardjones.com\/fr-CA\/profile\/join\/\",\"url\":\"https:\/\/careers.edwardjones.com\/fr-CA\/profile\/join\/\",\"name\":\"Joignez-vous \u00e0 notre communaut\u00e9 de talents | Edward Jones\",\"isPartOf\":{\"@id\":\"https:\/\/careers.edwardjones.com\/#website\"},\"datePublished\":\"2021-01-07T04:20:19+00:00\",\"dateModified\":\"2026-03-31T00:19:13+00:00\",\"description\":\"En tant que membre de la communaut\u00e9 de talents, vous aurez acc\u00e8s \u00e0 des possibilit\u00e9s d\u2019emploi qui correspondent \u00e0 vos comp\u00e9tences et \u00e0 votre exp\u00e9rience.\",\"breadcrumb\":{\"@id\":\"https:\/\/careers.edwardjones.com\/fr-CA\/profile\/join\/#breadcrumb\"},\"inLanguage\":\"fr-CA\",\"potentialAction\":[{\"@type\":\"ReadAction\",\"target\":[\"https:\/\/careers.edwardjones.com\/fr-CA\/profile\/join\/\"]}]},{\"@type\":\"BreadcrumbList\",\"@id\":\"https:\/\/careers.edwardjones.com\/fr-CA\/profile\/join\/#breadcrumb\",\"itemListElement\":[{\"@type\":\"ListItem\",\"position\":1,\"name\":\"Home\",\"item\":\"https:\/\/edwardjones.site.findly.com\/fr-CA\/\"},{\"@type\":\"ListItem\",\"position\":2,\"name\":\"Profil\",\"item\":\"https:\/\/careers.edwardjones.com\/fr-CA\/profile\/\"},{\"@type\":\"ListItem\",\"position\":3,\"name\":\"Joignez-vous \u00e0 notre communaut\u00e9 de talents\"}]},{\"@type\":\"WebSite\",\"@id\":\"https:\/\/careers.edwardjones.com\/#website\",\"url\":\"https:\/\/careers.edwardjones.com\/\",\"name\":\"Edwardjones\",\"description\":\"ibee Demo Site\",\"potentialAction\":[{\"@type\":\"SearchAction\",\"target\":{\"@type\":\"EntryPoint\",\"urlTemplate\":\"https:\/\/careers.edwardjones.com\/?s={search_term_string}\"},\"query-input\":\"required name=search_term_string\"}],\"inLanguage\":\"fr-CA\"}]}<\/script>\n<!-- \/ Yoast SEO Premium plugin. -->","yoast_head_json":{"title":"Joignez-vous \u00e0 notre communaut\u00e9 de talents | Edward Jones","description":"En tant que membre de la communaut\u00e9 de talents, vous aurez acc\u00e8s \u00e0 des possibilit\u00e9s d\u2019emploi qui correspondent \u00e0 vos comp\u00e9tences et \u00e0 votre exp\u00e9rience.","robots":{"index":"index","follow":"follow","max-snippet":"max-snippet:-1","max-image-preview":"max-image-preview:large","max-video-preview":"max-video-preview:-1"},"canonical":"https:\/\/careers.edwardjones.com\/fr-CA\/profile\/join\/","og_locale":"fr_CA","og_type":"article","og_title":"Joignez-vous \u00e0 notre communaut\u00e9 de talents","og_description":"En tant que membre de la communaut\u00e9 de talents, vous aurez acc\u00e8s \u00e0 des possibilit\u00e9s d\u2019emploi qui correspondent \u00e0 vos comp\u00e9tences et \u00e0 votre exp\u00e9rience.","og_url":"https:\/\/careers.edwardjones.com\/fr-CA\/profile\/join\/","og_site_name":"Edwardjones","article_modified_time":"2026-03-31T00:19:13+00:00","og_image":[{"width":200,"height":200,"url":"https:\/\/edwardjones.site.findly.com\/wp-content\/uploads\/sites\/3808\/2020\/10\/EdwardJonesCareers-logo-200x200px.jpg","type":"image\/jpeg"}],"schema":{"@context":"https:\/\/schema.org","@graph":[{"@type":"WebPage","@id":"https:\/\/careers.edwardjones.com\/fr-CA\/profile\/join\/","url":"https:\/\/careers.edwardjones.com\/fr-CA\/profile\/join\/","name":"Joignez-vous \u00e0 notre communaut\u00e9 de talents | Edward Jones","isPartOf":{"@id":"https:\/\/careers.edwardjones.com\/#website"},"datePublished":"2021-01-07T04:20:19+00:00","dateModified":"2026-03-31T00:19:13+00:00","description":"En tant que membre de la communaut\u00e9 de talents, vous aurez acc\u00e8s \u00e0 des possibilit\u00e9s d\u2019emploi qui correspondent \u00e0 vos comp\u00e9tences et \u00e0 votre exp\u00e9rience.","breadcrumb":{"@id":"https:\/\/careers.edwardjones.com\/fr-CA\/profile\/join\/#breadcrumb"},"inLanguage":"fr-CA","potentialAction":[{"@type":"ReadAction","target":["https:\/\/careers.edwardjones.com\/fr-CA\/profile\/join\/"]}]},{"@type":"BreadcrumbList","@id":"https:\/\/careers.edwardjones.com\/fr-CA\/profile\/join\/#breadcrumb","itemListElement":[{"@type":"ListItem","position":1,"name":"Home","item":"https:\/\/edwardjones.site.findly.com\/fr-CA\/"},{"@type":"ListItem","position":2,"name":"Profil","item":"https:\/\/careers.edwardjones.com\/fr-CA\/profile\/"},{"@type":"ListItem","position":3,"name":"Joignez-vous \u00e0 notre communaut\u00e9 de talents"}]},{"@type":"WebSite","@id":"https:\/\/careers.edwardjones.com\/#website","url":"https:\/\/careers.edwardjones.com\/","name":"Edwardjones","description":"ibee Demo Site","potentialAction":[{"@type":"SearchAction","target":{"@type":"EntryPoint","urlTemplate":"https:\/\/careers.edwardjones.com\/?s={search_term_string}"},"query-input":"required name=search_term_string"}],"inLanguage":"fr-CA"}]}},"acf":[],"pgc_meta":"","_links":{"self":[{"href":"https:\/\/edwardjones.site.findly.com\/fr-CA\/wp-json\/wp\/v2\/pages\/19915","targetHints":{"allow":["GET"]}}],"collection":[{"href":"https:\/\/edwardjones.site.findly.com\/fr-CA\/wp-json\/wp\/v2\/pages"}],"about":[{"href":"https:\/\/edwardjones.site.findly.com\/fr-CA\/wp-json\/wp\/v2\/types\/page"}],"author":[{"embeddable":true,"href":"https:\/\/edwardjones.site.findly.com\/fr-CA\/wp-json\/wp\/v2\/users\/423"}],"replies":[{"embeddable":true,"href":"https:\/\/edwardjones.site.findly.com\/fr-CA\/wp-json\/wp\/v2\/comments?post=19915"}],"version-history":[{"count":2,"href":"https:\/\/edwardjones.site.findly.com\/fr-CA\/wp-json\/wp\/v2\/pages\/19915\/revisions"}],"predecessor-version":[{"id":42386,"href":"https:\/\/edwardjones.site.findly.com\/fr-CA\/wp-json\/wp\/v2\/pages\/19915\/revisions\/42386"}],"up":[{"embeddable":true,"href":"https:\/\/edwardjones.site.findly.com\/fr-CA\/wp-json\/wp\/v2\/pages\/19910"}],"wp:attachment":[{"href":"https:\/\/edwardjones.site.findly.com\/fr-CA\/wp-json\/wp\/v2\/media?parent=19915"}],"wp:term":[{"taxonomy":"persona","embeddable":true,"href":"https:\/\/edwardjones.site.findly.com\/fr-CA\/wp-json\/wp\/v2\/persona?post=19915"}],"curies":[{"name":"wp","href":"https:\/\/api.w.org\/{rel}","templated":true}]}}