{"id":19367,"date":"2020-12-31T15:54:07","date_gmt":"2020-12-31T15:54:07","guid":{"rendered":"https:\/\/careers.edwardjones.com\/?page_id=19367"},"modified":"2021-02-14T20:28:55","modified_gmt":"2021-02-14T20:28:55","slug":"produits-et-services","status":"publish","type":"page","link":"https:\/\/edwardjones.site.findly.com\/fr-CA\/domaines-de-carriere\/representants-en-services-financiers-chevronnes\/produits-et-services\/","title":{"rendered":"Produits et services"},"content":{"rendered":"<p>[av_section min_height=\u00a0\u00bb min_height_px=&rsquo;60px&rsquo; padding=&rsquo;no-padding&rsquo; shadow=&rsquo;no-border-styling&rsquo; bottom_border=&rsquo;no-border-styling&rsquo; bottom_border_diagonal_color=&rsquo;#333333&prime; bottom_border_diagonal_direction=\u00a0\u00bb bottom_border_style=\u00a0\u00bb id=\u00a0\u00bb color=&rsquo;main_color&rsquo; custom_bg=\u00a0\u00bb src=\u00a0\u00bb attachment=\u00a0\u00bb attachment_size=\u00a0\u00bb attach=&rsquo;scroll&rsquo; position=&rsquo;top left&rsquo; repeat=&rsquo;no-repeat&rsquo; video=\u00a0\u00bb video_ratio=&rsquo;16:9&prime; overlay_opacity=&rsquo;0.5&prime; overlay_color=\u00a0\u00bb overlay_pattern=\u00a0\u00bb overlay_custom_pattern=\u00a0\u00bb custom_class=&rsquo;breadcrumb-section minht0 pb40&prime;]<br \/>\n[av_textblock size=\u00a0\u00bb font_color=\u00a0\u00bb color=\u00a0\u00bb custom_class=\u00a0\u00bb]<br \/>\n[cws_bread_crumb separator=&gt;]<br \/>\n[\/av_textblock]<br \/>\n[\/av_section]<\/p>\n<p>[av_section min_height=\u00a0\u00bb min_height_px=&rsquo;500px&rsquo; padding=&rsquo;no-padding&rsquo; shadow=&rsquo;no-border-styling&rsquo; bottom_border=&rsquo;no-border-styling&rsquo; bottom_border_diagonal_color=&rsquo;#333333&prime; bottom_border_diagonal_direction=\u00a0\u00bb bottom_border_style=\u00a0\u00bb id=\u00a0\u00bb color=&rsquo;main_color&rsquo; custom_bg=\u00a0\u00bb src=\u00a0\u00bb attachment=\u00a0\u00bb attachment_size=\u00a0\u00bb attach=&rsquo;scroll&rsquo; position=&rsquo;top left&rsquo; repeat=&rsquo;no-repeat&rsquo; video=\u00a0\u00bb video_ratio=&rsquo;16:9&prime; overlay_opacity=&rsquo;0.5&prime; overlay_color=\u00a0\u00bb overlay_pattern=\u00a0\u00bb overlay_custom_pattern=\u00a0\u00bb custom_class=&rsquo;left-text-right-image two-col-wideimg reverse-col pb90&prime;]<\/p>\n<p>[av_one_half first min_height=&rsquo;av-equal-height-column&rsquo; vertical_alignment=&rsquo;av-align-middle&rsquo; space=&rsquo;no_margin&rsquo; margin=&rsquo;0px&rsquo; margin_sync=&rsquo;true&rsquo; padding=&rsquo;0px&rsquo; padding_sync=&rsquo;true&rsquo; border=\u00a0\u00bb border_color=\u00a0\u00bb radius=&rsquo;0px&rsquo; radius_sync=&rsquo;true&rsquo; background_color=&rsquo;#f1f3f4&prime; src=\u00a0\u00bb attachment=\u00a0\u00bb attachment_size=\u00a0\u00bb background_position=&rsquo;top left&rsquo; background_repeat=&rsquo;no-repeat&rsquo; animation=\u00a0\u00bb mobile_display=\u00a0\u00bb custom_class=&rsquo;l-text&rsquo;]<\/p>\n<p>[av_textblock size=\u00a0\u00bb font_color=\u00a0\u00bb color=\u00a0\u00bb custom_class=&rsquo;h1fs45&prime;]<\/p>\n<h1>Des clients ayant des besoins complexes? Nous sommes l\u00e0 pour \u00e7a : allons\u2011y.<\/h1>\n<p>[\/av_textblock]<\/p>\n<p>[\/av_one_half][av_one_half min_height=\u00a0\u00bb vertical_alignment=&rsquo;av-align-top&rsquo; space=\u00a0\u00bb margin=&rsquo;0px&rsquo; margin_sync=&rsquo;true&rsquo; padding=&rsquo;0px&rsquo; padding_sync=&rsquo;true&rsquo; border=\u00a0\u00bb border_color=\u00a0\u00bb radius=&rsquo;0px&rsquo; radius_sync=&rsquo;true&rsquo; background_color=\u00a0\u00bb src=\u00a0\u00bb attachment=\u00a0\u00bb attachment_size=\u00a0\u00bb background_position=&rsquo;top left&rsquo; background_repeat=&rsquo;no-repeat&rsquo; animation=\u00a0\u00bb mobile_display=\u00a0\u00bb custom_class=&rsquo;r-img&rsquo;]<\/p>\n<p>[av_image src=&rsquo;\/wp-content\/uploads\/sites\/1392\/2021\/02\/2017-04-STL-Downtown-Branch-0801.jpg&rsquo; attachment=&rsquo;21790&prime; attachment_size=&rsquo;full&rsquo; align=&rsquo;right&rsquo; styling=\u00a0\u00bb hover=\u00a0\u00bb link=\u00a0\u00bb target=\u00a0\u00bb caption=\u00a0\u00bb font_size=\u00a0\u00bb appearance=\u00a0\u00bb overlay_opacity=&rsquo;0.4&prime; overlay_color=&rsquo;#000000&prime; overlay_text_color=&rsquo;#ffffff&rsquo; animation=&rsquo;no-animation&rsquo; custom_class=\u00a0\u00bb][\/av_image]<\/p>\n<p>[\/av_one_half][\/av_section][av_section min_height=\u00a0\u00bb min_height_px=&rsquo;500px&rsquo; padding=&rsquo;no-padding&rsquo; shadow=&rsquo;no-border-styling&rsquo; bottom_border=&rsquo;no-border-styling&rsquo; bottom_border_diagonal_color=&rsquo;#333333&prime; bottom_border_diagonal_direction=\u00a0\u00bb bottom_border_style=\u00a0\u00bb id=\u00a0\u00bb color=&rsquo;main_color&rsquo; custom_bg=\u00a0\u00bb src=\u00a0\u00bb attachment=\u00a0\u00bb attachment_size=\u00a0\u00bb attach=&rsquo;scroll&rsquo; position=&rsquo;top left&rsquo; repeat=&rsquo;no-repeat&rsquo; video=\u00a0\u00bb video_ratio=&rsquo;16:9&prime; overlay_opacity=&rsquo;0.5&prime; overlay_color=\u00a0\u00bb overlay_pattern=\u00a0\u00bb overlay_custom_pattern=\u00a0\u00bb custom_class=&rsquo;pb90 search-widget-vertical-container&rsquo;]<br \/>\n[av_three_fourth first min_height=\u00a0\u00bb vertical_alignment=&rsquo;av-align-top&rsquo; space=\u00a0\u00bb margin=&rsquo;0px&rsquo; margin_sync=&rsquo;true&rsquo; padding=&rsquo;0px&rsquo; padding_sync=&rsquo;true&rsquo; border=\u00a0\u00bb border_color=\u00a0\u00bb radius=&rsquo;0px&rsquo; radius_sync=&rsquo;true&rsquo; background_color=\u00a0\u00bb src=\u00a0\u00bb attachment=\u00a0\u00bb attachment_size=\u00a0\u00bb background_position=&rsquo;top left&rsquo; background_repeat=&rsquo;no-repeat&rsquo; animation=\u00a0\u00bb mobile_display=\u00a0\u00bb custom_class=&rsquo;h4fs20 &lsquo;]<\/p>\n<p>[av_textblock size=\u00a0\u00bb font_color=\u00a0\u00bb color=\u00a0\u00bb custom_class=&rsquo;pb70 h3fs20 h2fs17 h2fw500&rsquo;]<\/p>\n<h2 class=\"pb20\">Gr\u00e2ce \u00e0 notre vaste gamme de produits sp\u00e9cialis\u00e9s, vous pouvez avoir confiance en votre capacit\u00e9 \u00e0 offrir des solutions adapt\u00e9es aux besoins complexes de tout investisseur.<\/h2>\n<p>Nous disposons de ressources, comme notre <strong>\u00e9quipe de consultation<\/strong>, qui se sp\u00e9cialisent aupr\u00e8s des clients \u00e0 valeur nette \u00e9lev\u00e9e ayant des besoins complexes. Cette \u00e9quipe de strat\u00e8ges en gestion de patrimoine de notre si\u00e8ge social peut vous servir de source de r\u00e9troaction pour vos id\u00e9es et vous aider \u00e0 tirer parti des strat\u00e9gies d\u00e9j\u00e0 en place. Toutefois, la gestion des relations avec les clients et des actifs ne quitte jamais votre succursale. L\u2019\u00e9quipe de consultation peut fournir des conseils et des lignes directrices de la part d\u2019autres professionnels, comme des CPA et des avocats, qui font partie de votre \u00e9quipe.<\/p>\n<p class=\"m0\">Voici quelques sujets courants que l\u2019\u00e9quipe de consultation peut aborder :<\/p>\n<ul class=\"pb20\">\n<li>Les besoins en mati\u00e8re de revenu et de flux de tr\u00e9sorerie<\/li>\n<li>La rel\u00e8ve d\u2019entreprise<\/li>\n<li>La r\u00e9mun\u00e9ration des dirigeants<\/li>\n<li>Consid\u00e9rations relatives \u00e0 la succession et au patrimoine<\/li>\n<li>La protection<\/li>\n<\/ul>\n<h3>Portefeuilles Guid\u00e9s Edward Jones<strong><span>\u1d39\u1d30<\/span><\/strong><\/h3>\n<p>Les Portefeuilles Guid\u00e9s Edward Jones<strong><span>\u1d39\u1d30<\/span><\/strong> sont un programme \u00e0 honoraires non discr\u00e9tionnaire qui repose sur une strat\u00e9gie bien pens\u00e9e, des lignes directrices structur\u00e9es en mati\u00e8re de placement et un processus d\u2019examen d\u00e9fini et r\u00e9gulier pour aider les clients \u00e0 garder le cap sur leurs objectifs financiers \u00e0 long terme. Les repr\u00e9sentants en services financiers aideront les clients \u00e0 \u00e9tablir l\u2019ordre de priorit\u00e9 de leurs objectifs financiers, \u00e0 construire un portefeuille et \u00e0 \u00e9laborer une strat\u00e9gie de placement qui sont adapt\u00e9s \u00e0 ces objectifs, et \u00e0 effectuer des examens r\u00e9guliers pour s\u2019assurer que les clients restent sur la bonne voie, peu importe les changements qui se produisent dans leur vie.<\/p>\n<h3>Programme de portefeuille Edward Jones<strong><span>\u1d39\u1d30<\/span><\/strong><\/h3>\n<p>Pour les investisseurs qui cherchent \u00e0 prendre du recul par rapport \u00e0 leurs d\u00e9cisions de placement quotidiennes, le Programme de portefeuille Edward Jones<strong><span>\u1d39\u1d30<\/span><\/strong> peut aider les clients \u00e0 atteindre leurs objectifs de portefeuille \u00e0 long terme. Il s\u2019agit d\u2019un programme de placement g\u00e9r\u00e9 complet qui combine une strat\u00e9gie de placement personnelle et une gestion de portefeuille professionnelle dirig\u00e9e par un gestionnaire d\u2019actif d\u2019envergure mondial, SEI, afin que les objectifs de portefeuille des clients puissent \u00eatre atteints. Les d\u00e9cisions de placement cruciales, comme la r\u00e9partition strat\u00e9gique de l\u2019actif, la construction du portefeuille, la surveillance continue du portefeuille et le r\u00e9\u00e9quilibrage, sont confi\u00e9es \u00e0 des professionnels des placements afin que les clients puissent avoir le temps de se concentrer sur ce qui est important pour eux.<br \/>\n[\/av_textblock]<\/p>\n<p>[av_textblock size=\u00a0\u00bb font_color=\u00a0\u00bb color=\u00a0\u00bb custom_class=&rsquo;pb40&prime;]<\/p>\n<div class=\"grey-bg-header-section h3fs17 h4fs17\">\n<h3>Offre de produits<\/h3>\n<div class=\"inner-grey\">\n<div class=\"flex_column_table av-equal-height-column-flextable\">\n<div class=\"flex_column av_one_half flex_column_table_cell av-equal-height-column av-align-top av-zero-column-padding first avia-builder-el-72 el_before_av_one_half avia-builder-el-first\">\n<section class=\"av_textblock_section\">\n<div class=\"avia_textblock\" itemscope=\"itemscope\">\n<h4 class=\"pt10\">Rentes<\/h4>\n<p>Rentes en service<br \/>\nCPG assurance<br \/>\nFonds distincts<\/p>\n<h4 class=\"pb20\">R\u00e9gimes de retraite collectifs<\/h4>\n<h4>\u00c9pargne-\u00e9tudes<\/h4>\n<p>REEE<\/p>\n<h4>Placements en actions<\/h4>\n<p>Actions ordinaires<\/p>\n<h4 class=\"pb20\">Fonds n\u00e9goci\u00e9s en bourse<\/h4>\n<h4>Placements en titres \u00e0 revenu fixe<\/h4>\n<p>Obligations<br \/>\nCertificats de placement garanti (CPG)<\/p>\n<h4>Comptes de retraite<\/h4>\n<p>REER\/FERR<br \/>\nCompte d\u2019\u00e9pargne libre d\u2019imp\u00f4t (CELI)<br \/>\nCRI\/FRV<\/p>\n<h4 class=\"pt10\">Assurance<\/h4>\n<p>Assurance vie<br \/>\nAssurance de soins de longue dur\u00e9e<br \/>\nAssurance invalidit\u00e9<br \/>\nAssurance contre les maladies graves<\/p>\n<\/div>\n<\/section>\n<\/div>\n<div class=\"av-flex-placeholder\"><\/div>\n<div class=\"flex_column av_one_half flex_column_table_cell av-equal-height-column av-align-top av-zero-column-padding avia-builder-el-74 el_after_av_one_half avia-builder-el-last\">\n<section class=\"av_textblock_section\">\n<div class=\"avia_textblock\" itemscope=\"itemscope\">\n<h4 class=\"pt10 pb20\">Fonds du march\u00e9 mon\u00e9taire<\/h4>\n<h4 class=\"pb20\">Compte d\u2019\u00e9pargne \u00e0 int\u00e9r\u00eat \u00e9lev\u00e9 (CEIE)<\/h4>\n<h4 class=\"pb20\">Fonds communs de placement<\/h4>\n<h4>Outils<\/h4>\n<p class=\"m0\">Consid\u00e9rations successorales<br \/>\nCalculateurs financiers<br \/>\nProgrammes de formation \u00e0 l\u2019intention des investisseurs<br \/>\nAcc\u00e8s au compte en ligne<br \/>\nExamens de r\u00e9gimes<br \/>\nRecherche sur les portefeuilles et la retraite<\/p>\n<ul>\n<li>Actions<\/li>\n<li>Fonds n\u00e9goci\u00e9s en bourse<\/li>\n<li>Titres \u00e0 revenu fixe<\/li>\n<li>Fonds communs de placement<\/li>\n<\/ul>\n<p>R\u00e9gimes de retraite<br \/>\nTransferts et regroupements<br \/>\nSolutions d\u2019\u00e9pargne, de d\u00e9penses et d\u2019emprunt<br \/>\nPlacements syst\u00e9matiques<\/p>\n<h4>Services<\/h4>\n<p>\u00c9quipe de consultation<br \/>\nPortefeuilles Guid\u00e9s Edward Jones<strong><span>\u1d39\u1d30<\/span><\/strong><br \/>\nProgramme de portefeuille Edward Jones<strong><span>\u1d39\u1d30<\/span><\/strong><\/p>\n<\/div>\n<\/section>\n<\/div>\n<\/div>\n<\/div>\n<\/div>\n<p>[\/av_textblock]<\/p>\n<p>[\/av_three_fourth][av_one_fourth min_height=\u00a0\u00bb vertical_alignment=&rsquo;av-align-top&rsquo; space=\u00a0\u00bb margin=&rsquo;0px&rsquo; margin_sync=&rsquo;true&rsquo; padding=&rsquo;0px&rsquo; padding_sync=&rsquo;true&rsquo; border=\u00a0\u00bb border_color=\u00a0\u00bb radius=&rsquo;0px&rsquo; radius_sync=&rsquo;true&rsquo; background_color=&rsquo;#fde57f&rsquo; src=\u00a0\u00bb attachment=\u00a0\u00bb attachment_size=\u00a0\u00bb background_position=&rsquo;top left&rsquo; background_repeat=&rsquo;no-repeat&rsquo; animation=\u00a0\u00bb mobile_display=\u00a0\u00bb custom_class=&rsquo;search-widget search-widget-vertical&rsquo;]<\/p>\n<p>[av_sidebar widget_area=&rsquo;Home &#8211; fr-CA Under banner Job Search Widget &lsquo;]<\/p>\n<p>[\/av_one_fourth]<br \/>\n[\/av_section]<\/p>\n","protected":false},"excerpt":{"rendered":"<p>[av_section min_height=\u00a0\u00bb min_height_px=&rsquo;60px&rsquo; padding=&rsquo;no-padding&rsquo; shadow=&rsquo;no-border-styling&rsquo; bottom_border=&rsquo;no-border-styling&rsquo; bottom_border_diagonal_color=&rsquo;#333333&prime; bottom_border_diagonal_direction=\u00a0\u00bb bottom_border_style=\u00a0\u00bb id=\u00a0\u00bb<\/p>\n","protected":false},"author":1415,"featured_media":0,"parent":19291,"menu_order":0,"comment_status":"closed","ping_status":"closed","template":"100-width.php","meta":{"_acf_changed":false,"pgc_meta":"","footnotes":""},"persona":[],"class_list":["post-19367","page","type-page","status-publish","hentry"],"yoast_head":"<!-- This site is optimized with the Yoast SEO Premium plugin v23.0 (Yoast SEO v23.0) - https:\/\/yoast.com\/wordpress\/plugins\/seo\/ -->\n<title>Produits et services pour r\u00e9pondre aux besoins des investisseurs complexes | Edward Jones<\/title>\n<meta name=\"description\" content=\"Des solutions personnalis\u00e9es pour r\u00e9pondre aux besoins de tout investisseur, y compris les clients \u00e0 valeur nette \u00e9lev\u00e9e ayant des besoins complexes. D\u00e9couvrez notre vaste gamme de produits et de services.\" \/>\n<meta name=\"robots\" content=\"index, follow, max-snippet:-1, max-image-preview:large, max-video-preview:-1\" \/>\n<link rel=\"canonical\" href=\"https:\/\/careers.edwardjones.com\/fr-CA\/domaines-de-carriere\/representants-en-services-financiers-chevronnes\/produits-et-services\/\" \/>\n<meta property=\"og:locale\" content=\"fr_CA\" \/>\n<meta property=\"og:type\" content=\"article\" \/>\n<meta property=\"og:title\" content=\"Produits et services\" \/>\n<meta property=\"og:description\" content=\"Des solutions personnalis\u00e9es pour r\u00e9pondre aux besoins de tout investisseur, y compris les clients \u00e0 valeur nette \u00e9lev\u00e9e ayant des besoins complexes. D\u00e9couvrez notre vaste gamme de produits et de services.\" \/>\n<meta property=\"og:url\" content=\"https:\/\/edwardjones.site.findly.com\/fr-CA\/domaines-de-carriere\/representants-en-services-financiers-chevronnes\/produits-et-services\/\" \/>\n<meta property=\"og:site_name\" content=\"Edwardjones\" \/>\n<meta property=\"article:modified_time\" content=\"2021-02-14T20:28:55+00:00\" \/>\n<meta property=\"og:image\" content=\"https:\/\/edwardjones.site.findly.com\/wp-content\/uploads\/sites\/3808\/2020\/10\/EdwardJonesCareers-logo-200x200px.jpg\" \/>\n\t<meta property=\"og:image:width\" content=\"200\" \/>\n\t<meta property=\"og:image:height\" content=\"200\" \/>\n\t<meta property=\"og:image:type\" content=\"image\/jpeg\" \/>\n<meta name=\"twitter:label1\" content=\"Estimation du temps de lecture\" \/>\n\t<meta name=\"twitter:data1\" content=\"6 minutes\" \/>\n<script type=\"application\/ld+json\" class=\"yoast-schema-graph\">{\"@context\":\"https:\/\/schema.org\",\"@graph\":[{\"@type\":\"WebPage\",\"@id\":\"https:\/\/edwardjones.site.findly.com\/fr-CA\/domaines-de-carriere\/representants-en-services-financiers-chevronnes\/produits-et-services\/\",\"url\":\"https:\/\/edwardjones.site.findly.com\/fr-CA\/domaines-de-carriere\/representants-en-services-financiers-chevronnes\/produits-et-services\/\",\"name\":\"Produits et services pour r\u00e9pondre aux besoins des investisseurs complexes | Edward Jones\",\"isPartOf\":{\"@id\":\"https:\/\/careers.edwardjones.com\/#website\"},\"datePublished\":\"2020-12-31T15:54:07+00:00\",\"dateModified\":\"2021-02-14T20:28:55+00:00\",\"description\":\"Des solutions personnalis\u00e9es pour r\u00e9pondre aux besoins de tout investisseur, y compris les clients \u00e0 valeur nette \u00e9lev\u00e9e ayant des besoins complexes. D\u00e9couvrez notre vaste gamme de produits et de services.\",\"breadcrumb\":{\"@id\":\"https:\/\/edwardjones.site.findly.com\/fr-CA\/domaines-de-carriere\/representants-en-services-financiers-chevronnes\/produits-et-services\/#breadcrumb\"},\"inLanguage\":\"fr-CA\",\"potentialAction\":[{\"@type\":\"ReadAction\",\"target\":[\"https:\/\/edwardjones.site.findly.com\/fr-CA\/domaines-de-carriere\/representants-en-services-financiers-chevronnes\/produits-et-services\/\"]}]},{\"@type\":\"BreadcrumbList\",\"@id\":\"https:\/\/edwardjones.site.findly.com\/fr-CA\/domaines-de-carriere\/representants-en-services-financiers-chevronnes\/produits-et-services\/#breadcrumb\",\"itemListElement\":[{\"@type\":\"ListItem\",\"position\":1,\"name\":\"Home\",\"item\":\"https:\/\/edwardjones.site.findly.com\/fr-CA\/\"},{\"@type\":\"ListItem\",\"position\":2,\"name\":\"Domaines de carri\u00e8re\",\"item\":\"https:\/\/careers.edwardjones.com\/career-areas\/\"},{\"@type\":\"ListItem\",\"position\":3,\"name\":\"Repr\u00e9sentants en services financiers chevronn\u00e9s\",\"item\":\"https:\/\/edwardjones.site.findly.com\/fr-CA\/domaines-de-carriere\/representants-en-services-financiers-chevronnes\/\"},{\"@type\":\"ListItem\",\"position\":4,\"name\":\"Produits et services\"}]},{\"@type\":\"WebSite\",\"@id\":\"https:\/\/careers.edwardjones.com\/#website\",\"url\":\"https:\/\/careers.edwardjones.com\/\",\"name\":\"Edwardjones\",\"description\":\"ibee Demo Site\",\"potentialAction\":[{\"@type\":\"SearchAction\",\"target\":{\"@type\":\"EntryPoint\",\"urlTemplate\":\"https:\/\/careers.edwardjones.com\/?s={search_term_string}\"},\"query-input\":\"required name=search_term_string\"}],\"inLanguage\":\"fr-CA\"}]}<\/script>\n<!-- \/ Yoast SEO Premium plugin. -->","yoast_head_json":{"title":"Produits et services pour r\u00e9pondre aux besoins des investisseurs complexes | Edward Jones","description":"Des solutions personnalis\u00e9es pour r\u00e9pondre aux besoins de tout investisseur, y compris les clients \u00e0 valeur nette \u00e9lev\u00e9e ayant des besoins complexes. D\u00e9couvrez notre vaste gamme de produits et de services.","robots":{"index":"index","follow":"follow","max-snippet":"max-snippet:-1","max-image-preview":"max-image-preview:large","max-video-preview":"max-video-preview:-1"},"canonical":"https:\/\/careers.edwardjones.com\/fr-CA\/domaines-de-carriere\/representants-en-services-financiers-chevronnes\/produits-et-services\/","og_locale":"fr_CA","og_type":"article","og_title":"Produits et services","og_description":"Des solutions personnalis\u00e9es pour r\u00e9pondre aux besoins de tout investisseur, y compris les clients \u00e0 valeur nette \u00e9lev\u00e9e ayant des besoins complexes. D\u00e9couvrez notre vaste gamme de produits et de services.","og_url":"https:\/\/edwardjones.site.findly.com\/fr-CA\/domaines-de-carriere\/representants-en-services-financiers-chevronnes\/produits-et-services\/","og_site_name":"Edwardjones","article_modified_time":"2021-02-14T20:28:55+00:00","og_image":[{"width":200,"height":200,"url":"https:\/\/edwardjones.site.findly.com\/wp-content\/uploads\/sites\/3808\/2020\/10\/EdwardJonesCareers-logo-200x200px.jpg","type":"image\/jpeg"}],"twitter_misc":{"Estimation du temps de lecture":"6 minutes"},"schema":{"@context":"https:\/\/schema.org","@graph":[{"@type":"WebPage","@id":"https:\/\/edwardjones.site.findly.com\/fr-CA\/domaines-de-carriere\/representants-en-services-financiers-chevronnes\/produits-et-services\/","url":"https:\/\/edwardjones.site.findly.com\/fr-CA\/domaines-de-carriere\/representants-en-services-financiers-chevronnes\/produits-et-services\/","name":"Produits et services pour r\u00e9pondre aux besoins des investisseurs complexes | Edward Jones","isPartOf":{"@id":"https:\/\/careers.edwardjones.com\/#website"},"datePublished":"2020-12-31T15:54:07+00:00","dateModified":"2021-02-14T20:28:55+00:00","description":"Des solutions personnalis\u00e9es pour r\u00e9pondre aux besoins de tout investisseur, y compris les clients \u00e0 valeur nette \u00e9lev\u00e9e ayant des besoins complexes. D\u00e9couvrez notre vaste gamme de produits et de services.","breadcrumb":{"@id":"https:\/\/edwardjones.site.findly.com\/fr-CA\/domaines-de-carriere\/representants-en-services-financiers-chevronnes\/produits-et-services\/#breadcrumb"},"inLanguage":"fr-CA","potentialAction":[{"@type":"ReadAction","target":["https:\/\/edwardjones.site.findly.com\/fr-CA\/domaines-de-carriere\/representants-en-services-financiers-chevronnes\/produits-et-services\/"]}]},{"@type":"BreadcrumbList","@id":"https:\/\/edwardjones.site.findly.com\/fr-CA\/domaines-de-carriere\/representants-en-services-financiers-chevronnes\/produits-et-services\/#breadcrumb","itemListElement":[{"@type":"ListItem","position":1,"name":"Home","item":"https:\/\/edwardjones.site.findly.com\/fr-CA\/"},{"@type":"ListItem","position":2,"name":"Domaines de carri\u00e8re","item":"https:\/\/careers.edwardjones.com\/career-areas\/"},{"@type":"ListItem","position":3,"name":"Repr\u00e9sentants en services financiers chevronn\u00e9s","item":"https:\/\/edwardjones.site.findly.com\/fr-CA\/domaines-de-carriere\/representants-en-services-financiers-chevronnes\/"},{"@type":"ListItem","position":4,"name":"Produits et services"}]},{"@type":"WebSite","@id":"https:\/\/careers.edwardjones.com\/#website","url":"https:\/\/careers.edwardjones.com\/","name":"Edwardjones","description":"ibee Demo Site","potentialAction":[{"@type":"SearchAction","target":{"@type":"EntryPoint","urlTemplate":"https:\/\/careers.edwardjones.com\/?s={search_term_string}"},"query-input":"required name=search_term_string"}],"inLanguage":"fr-CA"}]}},"acf":[],"pgc_meta":"","_links":{"self":[{"href":"https:\/\/edwardjones.site.findly.com\/fr-CA\/wp-json\/wp\/v2\/pages\/19367","targetHints":{"allow":["GET"]}}],"collection":[{"href":"https:\/\/edwardjones.site.findly.com\/fr-CA\/wp-json\/wp\/v2\/pages"}],"about":[{"href":"https:\/\/edwardjones.site.findly.com\/fr-CA\/wp-json\/wp\/v2\/types\/page"}],"author":[{"embeddable":true,"href":"https:\/\/edwardjones.site.findly.com\/fr-CA\/wp-json\/wp\/v2\/users\/1415"}],"replies":[{"embeddable":true,"href":"https:\/\/edwardjones.site.findly.com\/fr-CA\/wp-json\/wp\/v2\/comments?post=19367"}],"version-history":[{"count":0,"href":"https:\/\/edwardjones.site.findly.com\/fr-CA\/wp-json\/wp\/v2\/pages\/19367\/revisions"}],"up":[{"embeddable":true,"href":"https:\/\/edwardjones.site.findly.com\/fr-CA\/wp-json\/wp\/v2\/pages\/19291"}],"wp:attachment":[{"href":"https:\/\/edwardjones.site.findly.com\/fr-CA\/wp-json\/wp\/v2\/media?parent=19367"}],"wp:term":[{"taxonomy":"persona","embeddable":true,"href":"https:\/\/edwardjones.site.findly.com\/fr-CA\/wp-json\/wp\/v2\/persona?post=19367"}],"curies":[{"name":"wp","href":"https:\/\/api.w.org\/{rel}","templated":true}]}}