{"id":19327,"date":"2020-12-31T13:29:11","date_gmt":"2020-12-31T13:29:11","guid":{"rendered":"https:\/\/careers.edwardjones.com\/?page_id=19327"},"modified":"2021-02-14T20:22:54","modified_gmt":"2021-02-14T20:22:54","slug":"technologie","status":"publish","type":"page","link":"https:\/\/edwardjones.site.findly.com\/fr-CA\/domaines-de-carriere\/representants-en-services-financiers-chevronnes\/technologie\/","title":{"rendered":"Technologie"},"content":{"rendered":"<p>[av_section min_height=\u00a0\u00bb min_height_px=&rsquo;60px&rsquo; padding=&rsquo;no-padding&rsquo; shadow=&rsquo;no-border-styling&rsquo; bottom_border=&rsquo;no-border-styling&rsquo; bottom_border_diagonal_color=&rsquo;#333333&prime; bottom_border_diagonal_direction=\u00a0\u00bb bottom_border_style=\u00a0\u00bb id=\u00a0\u00bb color=&rsquo;main_color&rsquo; custom_bg=\u00a0\u00bb src=\u00a0\u00bb attachment=\u00a0\u00bb attachment_size=\u00a0\u00bb attach=&rsquo;scroll&rsquo; position=&rsquo;top left&rsquo; repeat=&rsquo;no-repeat&rsquo; video=\u00a0\u00bb video_ratio=&rsquo;16:9&prime; overlay_opacity=&rsquo;0.5&prime; overlay_color=\u00a0\u00bb overlay_pattern=\u00a0\u00bb overlay_custom_pattern=\u00a0\u00bb custom_class=&rsquo;breadcrumb-section minht0 pb40&prime;]<br \/>\n[av_textblock size=\u00a0\u00bb font_color=\u00a0\u00bb color=\u00a0\u00bb custom_class=\u00a0\u00bb]<br \/>\n[cws_bread_crumb separator=&gt;]<br \/>\n[\/av_textblock]<br \/>\n[\/av_section]<\/p>\n<p>[av_section min_height=\u00a0\u00bb min_height_px=&rsquo;500px&rsquo; padding=&rsquo;no-padding&rsquo; shadow=&rsquo;no-border-styling&rsquo; bottom_border=&rsquo;no-border-styling&rsquo; bottom_border_diagonal_color=&rsquo;#333333&prime; bottom_border_diagonal_direction=\u00a0\u00bb bottom_border_style=\u00a0\u00bb id=\u00a0\u00bb color=&rsquo;main_color&rsquo; custom_bg=\u00a0\u00bb src=\u00a0\u00bb attachment=\u00a0\u00bb attachment_size=\u00a0\u00bb attach=&rsquo;scroll&rsquo; position=&rsquo;top left&rsquo; repeat=&rsquo;no-repeat&rsquo; video=\u00a0\u00bb video_ratio=&rsquo;16:9&prime; overlay_opacity=&rsquo;0.5&prime; overlay_color=\u00a0\u00bb overlay_pattern=\u00a0\u00bb overlay_custom_pattern=\u00a0\u00bb custom_class=&rsquo;left-text-right-image two-col-wideimg reverse-col pb90&prime;]<\/p>\n<p>[av_one_third first min_height=&rsquo;av-equal-height-column&rsquo; vertical_alignment=&rsquo;av-align-middle&rsquo; space=&rsquo;no_margin&rsquo; margin=&rsquo;0px&rsquo; margin_sync=&rsquo;true&rsquo; padding=&rsquo;0px&rsquo; padding_sync=&rsquo;true&rsquo; border=\u00a0\u00bb border_color=\u00a0\u00bb radius=&rsquo;0px&rsquo; radius_sync=&rsquo;true&rsquo; background_color=&rsquo;#f1f3f4&prime; src=\u00a0\u00bb attachment=\u00a0\u00bb attachment_size=\u00a0\u00bb background_position=&rsquo;top left&rsquo; background_repeat=&rsquo;no-repeat&rsquo; animation=\u00a0\u00bb mobile_display=\u00a0\u00bb custom_class=&rsquo;l-text&rsquo;]<\/p>\n<p>[av_textblock size=\u00a0\u00bb font_color=\u00a0\u00bb color=\u00a0\u00bb custom_class=&rsquo;hiring-process-banner-text h1fs45&prime;]<\/p>\n<h1>La haute technologie?<br \/>\nLe contact humain?<br \/>\nOui et oui.<\/h1>\n<p>[\/av_textblock]<\/p>\n<p>[\/av_one_third][av_two_third min_height=\u00a0\u00bb vertical_alignment=&rsquo;av-align-top&rsquo; space=\u00a0\u00bb margin=&rsquo;0px&rsquo; margin_sync=&rsquo;true&rsquo; padding=&rsquo;0px&rsquo; padding_sync=&rsquo;true&rsquo; border=\u00a0\u00bb border_color=\u00a0\u00bb radius=&rsquo;0px&rsquo; radius_sync=&rsquo;true&rsquo; background_color=\u00a0\u00bb src=\u00a0\u00bb attachment=\u00a0\u00bb attachment_size=\u00a0\u00bb background_position=&rsquo;top left&rsquo; background_repeat=&rsquo;no-repeat&rsquo; animation=\u00a0\u00bb mobile_display=\u00a0\u00bb custom_class=&rsquo;r-img&rsquo;]<\/p>\n<p>[av_image src=&rsquo;\/wp-content\/uploads\/sites\/1392\/2020\/12\/FPO-hero-1.jpg&rsquo; attachment=&rsquo;19329&prime; attachment_size=&rsquo;full&rsquo; align=&rsquo;center&rsquo; styling=\u00a0\u00bb hover=\u00a0\u00bb link=\u00a0\u00bb target=\u00a0\u00bb caption=\u00a0\u00bb font_size=\u00a0\u00bb appearance=\u00a0\u00bb overlay_opacity=&rsquo;0.4&prime; overlay_color=&rsquo;#000000&prime; overlay_text_color=&rsquo;#ffffff&rsquo; animation=&rsquo;no-animation&rsquo; custom_class=\u00a0\u00bb][\/av_image]<\/p>\n<p>[\/av_two_third][\/av_section][av_section min_height=\u00a0\u00bb min_height_px=&rsquo;500px&rsquo; padding=&rsquo;no-padding&rsquo; shadow=&rsquo;no-border-styling&rsquo; bottom_border=&rsquo;no-border-styling&rsquo; bottom_border_diagonal_color=&rsquo;#333333&prime; bottom_border_diagonal_direction=\u00a0\u00bb bottom_border_style=\u00a0\u00bb id=\u00a0\u00bb color=&rsquo;main_color&rsquo; custom_bg=\u00a0\u00bb src=\u00a0\u00bb attachment=\u00a0\u00bb attachment_size=\u00a0\u00bb attach=&rsquo;scroll&rsquo; position=&rsquo;top left&rsquo; repeat=&rsquo;no-repeat&rsquo; video=\u00a0\u00bb video_ratio=&rsquo;16:9&prime; overlay_opacity=&rsquo;0.5&prime; overlay_color=\u00a0\u00bb overlay_pattern=\u00a0\u00bb overlay_custom_pattern=\u00a0\u00bb custom_class=&rsquo;pb50 search-widget-vertical-container &lsquo;]<br \/>\n[av_three_fourth first min_height=\u00a0\u00bb vertical_alignment=&rsquo;av-align-top&rsquo; space=\u00a0\u00bb margin=&rsquo;0px&rsquo; margin_sync=&rsquo;true&rsquo; padding=&rsquo;0px&rsquo; padding_sync=&rsquo;true&rsquo; border=\u00a0\u00bb border_color=\u00a0\u00bb radius=&rsquo;0px&rsquo; radius_sync=&rsquo;true&rsquo; background_color=\u00a0\u00bb src=\u00a0\u00bb attachment=\u00a0\u00bb attachment_size=\u00a0\u00bb background_position=&rsquo;top left&rsquo; background_repeat=&rsquo;no-repeat&rsquo; animation=\u00a0\u00bb mobile_display=\u00a0\u00bb custom_class=\u00a0\u00bb]<\/p>\n<p>[av_textblock size=\u00a0\u00bb font_color=\u00a0\u00bb color=\u00a0\u00bb custom_class=&rsquo; h2pb0 &lsquo;]<br \/>\nDans le march\u00e9 actuel, les clients font face \u00e0 des choix extr\u00eames : opteront-ils pour un service de conseils-robots qui manque de contact humain ou pour un repr\u00e9sentant en services financiers qui pourrait ne pas avoir acc\u00e8s \u00e0 de la technologie de pointe? Chez Edward Jones, nos clients profitent d\u2019une relation \u00e9troite avec un repr\u00e9sentant en services financiers de confiance, ainsi que des plus r\u00e9cents outils d\u2019analyse de donn\u00e9es.<br \/>\nEn tant que repr\u00e9sentant en services financiers Edward Jones, vous profiterez de syst\u00e8mes novateurs qui offrent :<\/p>\n<ul class=\"pb20 h2fs28 list-style-none two-col-list-icons\">\n<li>\n<div class=\"efa-tech-icons-list-wrapper\">\n<div class=\"efa-tech-icons-list-img\"><img decoding=\"async\" src=\"\/wp-content\/uploads\/sites\/1392\/2020\/10\/efficiency-1.jpg\" alt=\"\" \/><\/div>\n<div class=\"efa-tech-icons-list-text\">\n<h2>Efficacit\u00e9<\/h2>\n<p>Une gamme d\u2019outils int\u00e9gr\u00e9s est automatiquement mise \u00e0 jour dans plusieurs syst\u00e8mes, ce qui permet de gagner du temps et de r\u00e9duire les efforts en double.<\/p>\n<\/div>\n<\/div>\n<\/li>\n<li>\n<div class=\"efa-tech-icons-list-wrapper\">\n<div class=\"efa-tech-icons-list-img\"><img decoding=\"async\" src=\"\/wp-content\/uploads\/sites\/1392\/2020\/10\/analytics-1.jpg\" alt=\"\" \/><\/div>\n<div class=\"efa-tech-icons-list-text\">\n<h2>Analyse<\/h2>\n<p>Les outils de planification des objectifs d\u2019affaires fournissent des analyses pour \u00e9laborer des strat\u00e9gies de clients efficaces.<\/p>\n<\/div>\n<\/div>\n<\/li>\n<li>\n<div class=\"efa-tech-icons-list-wrapper\">\n<div class=\"efa-tech-icons-list-img\"><img decoding=\"async\" src=\"\/wp-content\/uploads\/sites\/1392\/2020\/10\/accessibility-1.jpg\" alt=\"\" \/><\/div>\n<div class=\"efa-tech-icons-list-text\">\n<h2>Accessibilit\u00e9<\/h2>\n<p>L\u2019acc\u00e8s aux syst\u00e8mes mobiles et \u00e0 distance vous permet de travailler \u00e0 partir de n\u2019importe o\u00f9.<\/p>\n<\/div>\n<\/div>\n<\/li>\n<li>\n<div class=\"efa-tech-icons-list-wrapper\">\n<div class=\"efa-tech-icons-list-img\"><img decoding=\"async\" src=\"\/wp-content\/uploads\/sites\/1392\/2020\/10\/continuedlearning-1.jpg\" alt=\"\" \/><\/div>\n<div class=\"efa-tech-icons-list-text\">\n<h2>Apprentissage continu<\/h2>\n<p>Un syst\u00e8me de formation en ligne permet d\u2019acqu\u00e9rir de nouvelles comp\u00e9tences en gestion de la pratique.<\/p>\n<\/div>\n<\/div>\n<\/li>\n<li>\n<div class=\"efa-tech-icons-list-wrapper\">\n<div class=\"efa-tech-icons-list-img\"><img decoding=\"async\" src=\"\/wp-content\/uploads\/sites\/1392\/2020\/10\/connectuvuty-1.jpg\" alt=\"\" \/><\/div>\n<div class=\"efa-tech-icons-list-text\">\n<h2>Connectivit\u00e9<\/h2>\n<p>Les m\u00e9dias sociaux et les outils de marketing \u00e9lectronique vous permettent de communiquer avec vos clients existants et potentiels.<\/p>\n<\/div>\n<\/div>\n<\/li>\n<\/ul>\n<div class=\"h2fs20 h2fw600\">\n<h2>Une exp\u00e9rience num\u00e9rique qui compl\u00e8te notre exp\u00e9rience en succursale.<\/h2>\n<\/div>\n<p>Nous investissons continuellement dans nos outils technologiques afin d\u2019am\u00e9liorer l\u2019exp\u00e9rience que nos clients souhaitent obtenir, soit d\u2019\u00eatre <em>inform\u00e9s<\/em>, <em>compris<\/em>, <em>en contr\u00f4le<\/em> et <em>en s\u00e9curit\u00e9<\/em>.<\/p>\n<p>Nous avons b\u00e2ti notre exp\u00e9rience client num\u00e9rique en fonction d\u2019outils faciles \u00e0 utiliser, comme les portails, les applications mobiles, les fonctions de signature \u00e9lectronique, le suivi des progr\u00e8s, la messagerie texte et d\u2019autres canaux de communication num\u00e9rique. Con\u00e7us du point de vue du client, ces outils aident les clients \u00e0 aller au-del\u00e0 de l\u2019\u00e9quilibrage de portefeuille pour s\u2019attaquer \u00e0 des probl\u00e8mes comme la personnalisation, les compromis fondamentaux en mati\u00e8re de placement et la gestion des objectifs. Ces outils donnent le contr\u00f4le aux clients afin qu\u2019ils puissent g\u00e9rer leur situation financi\u00e8re en toute confiance.<br \/>\n[\/av_textblock]<\/p>\n<p>[\/av_three_fourth][av_one_fourth min_height=\u00a0\u00bb vertical_alignment=&rsquo;av-align-top&rsquo; space=\u00a0\u00bb margin=&rsquo;0px&rsquo; margin_sync=&rsquo;true&rsquo; padding=&rsquo;0px&rsquo; padding_sync=&rsquo;true&rsquo; border=\u00a0\u00bb border_color=\u00a0\u00bb radius=&rsquo;0px&rsquo; radius_sync=&rsquo;true&rsquo; background_color=&rsquo;#fde57f&rsquo; src=\u00a0\u00bb attachment=\u00a0\u00bb attachment_size=\u00a0\u00bb background_position=&rsquo;top left&rsquo; background_repeat=&rsquo;no-repeat&rsquo; animation=\u00a0\u00bb mobile_display=\u00a0\u00bb custom_class=&rsquo;search-widget search-widget-vertical&rsquo;]<\/p>\n<p>[av_sidebar widget_area=&rsquo;Home &#8211; fr-CA Under banner Job Search Widget &lsquo;]<\/p>\n<p>[\/av_one_fourth]<br \/>\n[\/av_section]<\/p>\n<p>[av_section min_height=\u00a0\u00bb min_height_px=&rsquo;500px&rsquo; padding=&rsquo;no-padding&rsquo; shadow=&rsquo;no-border-styling&rsquo; bottom_border=&rsquo;no-border-styling&rsquo; bottom_border_diagonal_color=&rsquo;#333333&prime; bottom_border_diagonal_direction=\u00a0\u00bb bottom_border_style=\u00a0\u00bb id=\u00a0\u00bb color=&rsquo;main_color&rsquo; custom_bg=\u00a0\u00bb src=\u00a0\u00bb attachment=\u00a0\u00bb attachment_size=\u00a0\u00bb attach=&rsquo;scroll&rsquo; position=&rsquo;top left&rsquo; repeat=&rsquo;no-repeat&rsquo; video=\u00a0\u00bb video_ratio=&rsquo;16:9&prime; overlay_opacity=&rsquo;0.5&prime; overlay_color=\u00a0\u00bb overlay_pattern=\u00a0\u00bb overlay_custom_pattern=\u00a0\u00bb custom_class=\u00a0\u00bb][\/av_section]<\/p>\n<p>[av_section min_height=\u00a0\u00bb min_height_px=&rsquo;500px&rsquo; padding=&rsquo;no-padding&rsquo; shadow=&rsquo;no-border-styling&rsquo; bottom_border=&rsquo;no-border-styling&rsquo; bottom_border_diagonal_color=&rsquo;#333333&prime; bottom_border_diagonal_direction=\u00a0\u00bb bottom_border_style=\u00a0\u00bb id=&rsquo;career-fit-tool&rsquo; color=&rsquo;main_color&rsquo; custom_bg=\u00a0\u00bb src=\u00a0\u00bb attachment=\u00a0\u00bb attachment_size=\u00a0\u00bb attach=&rsquo;scroll&rsquo; position=&rsquo;top left&rsquo; repeat=&rsquo;no-repeat&rsquo; video=\u00a0\u00bb video_ratio=&rsquo;16:9&prime; overlay_opacity=&rsquo;0.5&prime; overlay_color=\u00a0\u00bb overlay_pattern=\u00a0\u00bb overlay_custom_pattern=\u00a0\u00bb custom_class=&rsquo;search-two-col career-fit-tool-section market-overview-dont-see reaching-ten-mill-section twoline-after&rsquo;]<br \/>\n[av_codeblock wrapper_element=\u00a0\u00bb wrapper_element_attributes=\u00a0\u00bb custom_class=\u00a0\u00bb]<\/p>\n<section class=\"comp-careerFitTool l-spacer\" data-features=\"careerFitTool\">\n<div class=\"career-tool-info\">\n<div>\n<div class=\"state state-default\">\n<div class=\"career-fit-tool-img reaching-ten-mill\"><img decoding=\"async\" class=\"pull-left\" src=\"\/wp-content\/uploads\/sites\/1392\/2020\/11\/2019-046_B_FRANK_LAQUINTA_Hi-RES_RGB.png\" alt=\"\" \/><\/div>\n<div class=\"inner-wrap\">\n<h2>Servir 7 millions de clients<\/h2>\n<p>Lisez l\u2019article de ThinkAdvisor sur la \u00ab strat\u00e9gie d\u2019acc\u00e9l\u00e9ration num\u00e9rique \u00bb (digital acceleration strategy) d\u2019Edward Jones, qui s\u2019\u00e9l\u00e8ve \u00e0 500 millions de dollars et qui vise \u00e0 renforcer vos activit\u00e9s.<\/p>\n<p><a class=\"edj-btn wid458\" target=\"_blank\" href=\"\/wp-content\/uploads\/sites\/1392\/2020\/10\/TA-article-Frank-LaQuinta-on-Tech.pdf\" rel=\"noopener noreferrer\">T\u00e9l\u00e9chargez l\u2019article complet<\/a><\/p>\n<\/div>\n<\/div>\n<\/div>\n<\/div>\n<\/section>\n<style>\n.career-fit-tool-img.reaching-ten-mill:after {<br \/>\n    content: 'Directeur et chef de l\u2019information';<br \/>\n}<br \/>\n@media (min-width: 768px) {<br \/>\n.career-fit-tool-img.reaching-ten-mill:after, .career-fit-tool-img.reaching-ten-mill:before {<br \/>\n    left: -167px;<br \/>\n}<br \/>\n}<br \/>\n<\/style>\n<p>[\/av_codeblock]<br \/>\n[\/av_section]<\/p>\n","protected":false},"excerpt":{"rendered":"<p>[av_section min_height=\u00a0\u00bb min_height_px=&rsquo;60px&rsquo; padding=&rsquo;no-padding&rsquo; shadow=&rsquo;no-border-styling&rsquo; bottom_border=&rsquo;no-border-styling&rsquo; bottom_border_diagonal_color=&rsquo;#333333&prime; bottom_border_diagonal_direction=\u00a0\u00bb bottom_border_style=\u00a0\u00bb id=\u00a0\u00bb<\/p>\n","protected":false},"author":1415,"featured_media":0,"parent":19291,"menu_order":0,"comment_status":"closed","ping_status":"closed","template":"100-width.php","meta":{"_acf_changed":false,"pgc_meta":"","footnotes":""},"persona":[],"class_list":["post-19327","page","type-page","status-publish","hentry"],"yoast_head":"<!-- This site is optimized with the Yoast SEO Premium plugin v23.0 (Yoast SEO v23.0) - https:\/\/yoast.com\/wordpress\/plugins\/seo\/ -->\n<title>Technologie de pointe, exp\u00e9rience client num\u00e9rique haut de gamme et outils conviviaux | Edward Jones<\/title>\n<meta name=\"description\" content=\"Nos clients profitent d\u2019une relation \u00e9troite avec un repr\u00e9sentant en services financiers de confiance, ainsi que d\u2019outils technologiques int\u00e9gr\u00e9s conviviaux. Mettez les technologies \u00e0 votre service chez Edward Jones.\" \/>\n<meta name=\"robots\" content=\"index, follow, max-snippet:-1, max-image-preview:large, max-video-preview:-1\" \/>\n<link rel=\"canonical\" href=\"https:\/\/careers.edwardjones.com\/fr-CA\/domaines-de-carriere\/representants-en-services-financiers-chevronnes\/technologie\/\" \/>\n<meta property=\"og:locale\" content=\"fr_CA\" \/>\n<meta property=\"og:type\" content=\"article\" \/>\n<meta property=\"og:title\" content=\"Technologie\" \/>\n<meta property=\"og:description\" content=\"Nos clients profitent d\u2019une relation \u00e9troite avec un repr\u00e9sentant en services financiers de confiance, ainsi que d\u2019outils technologiques int\u00e9gr\u00e9s conviviaux. Mettez les technologies \u00e0 votre service chez Edward Jones.\" \/>\n<meta property=\"og:url\" content=\"https:\/\/edwardjones.site.findly.com\/fr-CA\/domaines-de-carriere\/representants-en-services-financiers-chevronnes\/technologie\/\" \/>\n<meta property=\"og:site_name\" content=\"Edwardjones\" \/>\n<meta property=\"article:modified_time\" content=\"2021-02-14T20:22:54+00:00\" \/>\n<meta property=\"og:image\" content=\"https:\/\/edwardjones.site.findly.com\/wp-content\/uploads\/sites\/3808\/2020\/10\/EdwardJonesCareers-logo-200x200px.jpg\" \/>\n\t<meta property=\"og:image:width\" content=\"200\" \/>\n\t<meta property=\"og:image:height\" content=\"200\" \/>\n\t<meta property=\"og:image:type\" content=\"image\/jpeg\" \/>\n<meta name=\"twitter:label1\" content=\"Estimation du temps de lecture\" \/>\n\t<meta name=\"twitter:data1\" content=\"6 minutes\" \/>\n<script type=\"application\/ld+json\" class=\"yoast-schema-graph\">{\"@context\":\"https:\/\/schema.org\",\"@graph\":[{\"@type\":\"WebPage\",\"@id\":\"https:\/\/edwardjones.site.findly.com\/fr-CA\/domaines-de-carriere\/representants-en-services-financiers-chevronnes\/technologie\/\",\"url\":\"https:\/\/edwardjones.site.findly.com\/fr-CA\/domaines-de-carriere\/representants-en-services-financiers-chevronnes\/technologie\/\",\"name\":\"Technologie de pointe, exp\u00e9rience client num\u00e9rique haut de gamme et outils conviviaux | Edward Jones\",\"isPartOf\":{\"@id\":\"https:\/\/careers.edwardjones.com\/#website\"},\"datePublished\":\"2020-12-31T13:29:11+00:00\",\"dateModified\":\"2021-02-14T20:22:54+00:00\",\"description\":\"Nos clients profitent d\u2019une relation \u00e9troite avec un repr\u00e9sentant en services financiers de confiance, ainsi que d\u2019outils technologiques int\u00e9gr\u00e9s conviviaux. Mettez les technologies \u00e0 votre service chez Edward Jones.\",\"breadcrumb\":{\"@id\":\"https:\/\/edwardjones.site.findly.com\/fr-CA\/domaines-de-carriere\/representants-en-services-financiers-chevronnes\/technologie\/#breadcrumb\"},\"inLanguage\":\"fr-CA\",\"potentialAction\":[{\"@type\":\"ReadAction\",\"target\":[\"https:\/\/edwardjones.site.findly.com\/fr-CA\/domaines-de-carriere\/representants-en-services-financiers-chevronnes\/technologie\/\"]}]},{\"@type\":\"BreadcrumbList\",\"@id\":\"https:\/\/edwardjones.site.findly.com\/fr-CA\/domaines-de-carriere\/representants-en-services-financiers-chevronnes\/technologie\/#breadcrumb\",\"itemListElement\":[{\"@type\":\"ListItem\",\"position\":1,\"name\":\"Home\",\"item\":\"https:\/\/edwardjones.site.findly.com\/fr-CA\/\"},{\"@type\":\"ListItem\",\"position\":2,\"name\":\"Domaines de carri\u00e8re\",\"item\":\"https:\/\/careers.edwardjones.com\/career-areas\/\"},{\"@type\":\"ListItem\",\"position\":3,\"name\":\"Repr\u00e9sentants en services financiers chevronn\u00e9s\",\"item\":\"https:\/\/edwardjones.site.findly.com\/fr-CA\/domaines-de-carriere\/representants-en-services-financiers-chevronnes\/\"},{\"@type\":\"ListItem\",\"position\":4,\"name\":\"Technologie\"}]},{\"@type\":\"WebSite\",\"@id\":\"https:\/\/careers.edwardjones.com\/#website\",\"url\":\"https:\/\/careers.edwardjones.com\/\",\"name\":\"Edwardjones\",\"description\":\"ibee Demo Site\",\"potentialAction\":[{\"@type\":\"SearchAction\",\"target\":{\"@type\":\"EntryPoint\",\"urlTemplate\":\"https:\/\/careers.edwardjones.com\/?s={search_term_string}\"},\"query-input\":\"required name=search_term_string\"}],\"inLanguage\":\"fr-CA\"}]}<\/script>\n<!-- \/ Yoast SEO Premium plugin. -->","yoast_head_json":{"title":"Technologie de pointe, exp\u00e9rience client num\u00e9rique haut de gamme et outils conviviaux | Edward Jones","description":"Nos clients profitent d\u2019une relation \u00e9troite avec un repr\u00e9sentant en services financiers de confiance, ainsi que d\u2019outils technologiques int\u00e9gr\u00e9s conviviaux. Mettez les technologies \u00e0 votre service chez Edward Jones.","robots":{"index":"index","follow":"follow","max-snippet":"max-snippet:-1","max-image-preview":"max-image-preview:large","max-video-preview":"max-video-preview:-1"},"canonical":"https:\/\/careers.edwardjones.com\/fr-CA\/domaines-de-carriere\/representants-en-services-financiers-chevronnes\/technologie\/","og_locale":"fr_CA","og_type":"article","og_title":"Technologie","og_description":"Nos clients profitent d\u2019une relation \u00e9troite avec un repr\u00e9sentant en services financiers de confiance, ainsi que d\u2019outils technologiques int\u00e9gr\u00e9s conviviaux. Mettez les technologies \u00e0 votre service chez Edward Jones.","og_url":"https:\/\/edwardjones.site.findly.com\/fr-CA\/domaines-de-carriere\/representants-en-services-financiers-chevronnes\/technologie\/","og_site_name":"Edwardjones","article_modified_time":"2021-02-14T20:22:54+00:00","og_image":[{"width":200,"height":200,"url":"https:\/\/edwardjones.site.findly.com\/wp-content\/uploads\/sites\/3808\/2020\/10\/EdwardJonesCareers-logo-200x200px.jpg","type":"image\/jpeg"}],"twitter_misc":{"Estimation du temps de lecture":"6 minutes"},"schema":{"@context":"https:\/\/schema.org","@graph":[{"@type":"WebPage","@id":"https:\/\/edwardjones.site.findly.com\/fr-CA\/domaines-de-carriere\/representants-en-services-financiers-chevronnes\/technologie\/","url":"https:\/\/edwardjones.site.findly.com\/fr-CA\/domaines-de-carriere\/representants-en-services-financiers-chevronnes\/technologie\/","name":"Technologie de pointe, exp\u00e9rience client num\u00e9rique haut de gamme et outils conviviaux | Edward Jones","isPartOf":{"@id":"https:\/\/careers.edwardjones.com\/#website"},"datePublished":"2020-12-31T13:29:11+00:00","dateModified":"2021-02-14T20:22:54+00:00","description":"Nos clients profitent d\u2019une relation \u00e9troite avec un repr\u00e9sentant en services financiers de confiance, ainsi que d\u2019outils technologiques int\u00e9gr\u00e9s conviviaux. Mettez les technologies \u00e0 votre service chez Edward Jones.","breadcrumb":{"@id":"https:\/\/edwardjones.site.findly.com\/fr-CA\/domaines-de-carriere\/representants-en-services-financiers-chevronnes\/technologie\/#breadcrumb"},"inLanguage":"fr-CA","potentialAction":[{"@type":"ReadAction","target":["https:\/\/edwardjones.site.findly.com\/fr-CA\/domaines-de-carriere\/representants-en-services-financiers-chevronnes\/technologie\/"]}]},{"@type":"BreadcrumbList","@id":"https:\/\/edwardjones.site.findly.com\/fr-CA\/domaines-de-carriere\/representants-en-services-financiers-chevronnes\/technologie\/#breadcrumb","itemListElement":[{"@type":"ListItem","position":1,"name":"Home","item":"https:\/\/edwardjones.site.findly.com\/fr-CA\/"},{"@type":"ListItem","position":2,"name":"Domaines de carri\u00e8re","item":"https:\/\/careers.edwardjones.com\/career-areas\/"},{"@type":"ListItem","position":3,"name":"Repr\u00e9sentants en services financiers chevronn\u00e9s","item":"https:\/\/edwardjones.site.findly.com\/fr-CA\/domaines-de-carriere\/representants-en-services-financiers-chevronnes\/"},{"@type":"ListItem","position":4,"name":"Technologie"}]},{"@type":"WebSite","@id":"https:\/\/careers.edwardjones.com\/#website","url":"https:\/\/careers.edwardjones.com\/","name":"Edwardjones","description":"ibee Demo Site","potentialAction":[{"@type":"SearchAction","target":{"@type":"EntryPoint","urlTemplate":"https:\/\/careers.edwardjones.com\/?s={search_term_string}"},"query-input":"required name=search_term_string"}],"inLanguage":"fr-CA"}]}},"acf":[],"pgc_meta":"","_links":{"self":[{"href":"https:\/\/edwardjones.site.findly.com\/fr-CA\/wp-json\/wp\/v2\/pages\/19327","targetHints":{"allow":["GET"]}}],"collection":[{"href":"https:\/\/edwardjones.site.findly.com\/fr-CA\/wp-json\/wp\/v2\/pages"}],"about":[{"href":"https:\/\/edwardjones.site.findly.com\/fr-CA\/wp-json\/wp\/v2\/types\/page"}],"author":[{"embeddable":true,"href":"https:\/\/edwardjones.site.findly.com\/fr-CA\/wp-json\/wp\/v2\/users\/1415"}],"replies":[{"embeddable":true,"href":"https:\/\/edwardjones.site.findly.com\/fr-CA\/wp-json\/wp\/v2\/comments?post=19327"}],"version-history":[{"count":1,"href":"https:\/\/edwardjones.site.findly.com\/fr-CA\/wp-json\/wp\/v2\/pages\/19327\/revisions"}],"predecessor-version":[{"id":26852,"href":"https:\/\/edwardjones.site.findly.com\/fr-CA\/wp-json\/wp\/v2\/pages\/19327\/revisions\/26852"}],"up":[{"embeddable":true,"href":"https:\/\/edwardjones.site.findly.com\/fr-CA\/wp-json\/wp\/v2\/pages\/19291"}],"wp:attachment":[{"href":"https:\/\/edwardjones.site.findly.com\/fr-CA\/wp-json\/wp\/v2\/media?parent=19327"}],"wp:term":[{"taxonomy":"persona","embeddable":true,"href":"https:\/\/edwardjones.site.findly.com\/fr-CA\/wp-json\/wp\/v2\/persona?post=19327"}],"curies":[{"name":"wp","href":"https:\/\/api.w.org\/{rel}","templated":true}]}}