{"id":19162,"date":"2020-12-28T14:17:10","date_gmt":"2020-12-28T14:17:10","guid":{"rendered":"https:\/\/careers.edwardjones.com\/?page_id=19162"},"modified":"2021-02-05T01:59:45","modified_gmt":"2021-02-05T01:59:45","slug":"permis-et-soutien","status":"publish","type":"page","link":"https:\/\/edwardjones.site.findly.com\/fr-CA\/domaines-de-carriere\/nouveaux-representants-en-services-financiers\/permis-et-soutien\/","title":{"rendered":"Permis et soutien"},"content":{"rendered":"<p>[av_section min_height=\u00a0\u00bb min_height_px=&rsquo;60px&rsquo; padding=&rsquo;no-padding&rsquo; shadow=&rsquo;no-border-styling&rsquo; bottom_border=&rsquo;no-border-styling&rsquo; bottom_border_diagonal_color=&rsquo;#333333&prime; bottom_border_diagonal_direction=\u00a0\u00bb bottom_border_style=\u00a0\u00bb id=\u00a0\u00bb color=&rsquo;main_color&rsquo; custom_bg=\u00a0\u00bb src=\u00a0\u00bb attachment=\u00a0\u00bb attachment_size=\u00a0\u00bb attach=&rsquo;scroll&rsquo; position=&rsquo;top left&rsquo; repeat=&rsquo;no-repeat&rsquo; video=\u00a0\u00bb video_ratio=&rsquo;16:9&prime; overlay_opacity=&rsquo;0.5&prime; overlay_color=\u00a0\u00bb overlay_pattern=\u00a0\u00bb overlay_custom_pattern=\u00a0\u00bb custom_class=&rsquo;breadcrumb-section minht0 pb40&prime;]<br \/>\n[av_textblock size=\u00a0\u00bb font_color=\u00a0\u00bb color=\u00a0\u00bb custom_class=\u00a0\u00bb]<br \/>\n[cws_bread_crumb separator=&gt;]<br \/>\n[\/av_textblock]<br \/>\n[\/av_section]<\/p>\n<p>[av_section min_height=\u00a0\u00bb min_height_px=&rsquo;500px&rsquo; padding=&rsquo;no-padding&rsquo; shadow=&rsquo;no-border-styling&rsquo; bottom_border=&rsquo;no-border-styling&rsquo; bottom_border_diagonal_color=&rsquo;#333333&prime; bottom_border_diagonal_direction=\u00a0\u00bb bottom_border_style=\u00a0\u00bb id=\u00a0\u00bb color=&rsquo;main_color&rsquo; custom_bg=\u00a0\u00bb src=\u00a0\u00bb attachment=\u00a0\u00bb attachment_size=\u00a0\u00bb attach=&rsquo;scroll&rsquo; position=&rsquo;top left&rsquo; repeat=&rsquo;no-repeat&rsquo; video=\u00a0\u00bb video_ratio=&rsquo;16:9&prime; overlay_opacity=&rsquo;0.5&prime; overlay_color=\u00a0\u00bb overlay_pattern=\u00a0\u00bb overlay_custom_pattern=\u00a0\u00bb custom_class=&rsquo;left-text-right-image reverse-col small-image pb130&prime;]<br \/>\n[av_one_half first min_height=&rsquo;av-equal-height-column&rsquo; vertical_alignment=&rsquo;av-align-middle&rsquo; space=&rsquo;no_margin&rsquo; margin=&rsquo;0px&rsquo; margin_sync=&rsquo;true&rsquo; padding=&rsquo;0px&rsquo; padding_sync=&rsquo;true&rsquo; border=\u00a0\u00bb border_color=\u00a0\u00bb radius=&rsquo;0px&rsquo; radius_sync=&rsquo;true&rsquo; background_color=&rsquo;#f1f3f4&prime; src=\u00a0\u00bb attachment=\u00a0\u00bb attachment_size=\u00a0\u00bb background_position=&rsquo;top left&rsquo; background_repeat=&rsquo;no-repeat&rsquo; animation=\u00a0\u00bb mobile_display=\u00a0\u00bb custom_class=&rsquo;l-text&rsquo;]<\/p>\n<p>[av_textblock size=\u00a0\u00bb font_color=\u00a0\u00bb color=\u00a0\u00bb custom_class=\u00a0\u00bb]<\/p>\n<h1>Vous constaterez notre engagement envers votre r\u00e9ussite \u2013 m\u00eame avant que vous d\u00e9crochiez le poste.<\/h1>\n<p>[\/av_textblock]<\/p>\n<p>[\/av_one_half][av_one_half min_height=\u00a0\u00bb vertical_alignment=&rsquo;av-align-top&rsquo; space=\u00a0\u00bb margin=&rsquo;0px&rsquo; margin_sync=&rsquo;true&rsquo; padding=&rsquo;0px&rsquo; padding_sync=&rsquo;true&rsquo; border=\u00a0\u00bb border_color=\u00a0\u00bb radius=&rsquo;0px&rsquo; radius_sync=&rsquo;true&rsquo; background_color=\u00a0\u00bb src=\u00a0\u00bb attachment=\u00a0\u00bb attachment_size=\u00a0\u00bb background_position=&rsquo;top left&rsquo; background_repeat=&rsquo;no-repeat&rsquo; animation=\u00a0\u00bb mobile_display=\u00a0\u00bb custom_class=&rsquo;r-img&rsquo;]<\/p>\n<p>[av_image src=&rsquo;\/wp-content\/uploads\/sites\/1392\/2021\/01\/photo-9.jpg&rsquo; attachment=&rsquo;20457&prime; attachment_size=&rsquo;full&rsquo; align=&rsquo;right&rsquo; styling=\u00a0\u00bb hover=\u00a0\u00bb link=\u00a0\u00bb target=\u00a0\u00bb caption=\u00a0\u00bb font_size=\u00a0\u00bb appearance=\u00a0\u00bb overlay_opacity=&rsquo;0.4&prime; overlay_color=&rsquo;#000000&prime; overlay_text_color=&rsquo;#ffffff&rsquo; animation=&rsquo;no-animation&rsquo; custom_class=\u00a0\u00bb][\/av_image]<\/p>\n<p>[\/av_one_half]<br \/>\n[\/av_section]<\/p>\n<p>[av_section min_height=\u00a0\u00bb min_height_px=&rsquo;500px&rsquo; padding=&rsquo;no-padding&rsquo; shadow=&rsquo;no-border-styling&rsquo; bottom_border=&rsquo;no-border-styling&rsquo; bottom_border_diagonal_color=&rsquo;#333333&prime; bottom_border_diagonal_direction=\u00a0\u00bb bottom_border_style=\u00a0\u00bb id=\u00a0\u00bb color=&rsquo;main_color&rsquo; custom_bg=\u00a0\u00bb src=\u00a0\u00bb attachment=\u00a0\u00bb attachment_size=\u00a0\u00bb attach=&rsquo;scroll&rsquo; position=&rsquo;top left&rsquo; repeat=&rsquo;no-repeat&rsquo; video=\u00a0\u00bb video_ratio=&rsquo;16:9&prime; overlay_opacity=&rsquo;0.5&prime; overlay_color=\u00a0\u00bb overlay_pattern=\u00a0\u00bb overlay_custom_pattern=\u00a0\u00bb custom_class=&rsquo;pb130 search-widget-vertical-container&rsquo;]<\/p>\n<p>[av_three_fourth first min_height=\u00a0\u00bb vertical_alignment=&rsquo;av-align-top&rsquo; space=\u00a0\u00bb margin=&rsquo;0px&rsquo; margin_sync=&rsquo;true&rsquo; padding=&rsquo;0px&rsquo; padding_sync=&rsquo;true&rsquo; border=\u00a0\u00bb border_color=\u00a0\u00bb radius=&rsquo;0px&rsquo; radius_sync=&rsquo;true&rsquo; background_color=\u00a0\u00bb src=\u00a0\u00bb attachment=\u00a0\u00bb attachment_size=\u00a0\u00bb background_position=&rsquo;top left&rsquo; background_repeat=&rsquo;no-repeat&rsquo; animation=\u00a0\u00bb mobile_display=\u00a0\u00bb custom_class=\u00a0\u00bb]<\/p>\n<p>[av_textblock size=\u00a0\u00bb font_color=\u00a0\u00bb color=\u00a0\u00bb custom_class=&rsquo;pb30 h2fs32&prime;]<br \/>\n\u00catre un repr\u00e9sentant en services financiers d\u2019Edward Jones, c\u2019est choisir une carri\u00e8re enrichissante o\u00f9 vous pourrez faire une diff\u00e9rence dans la vie des autres et, surtout, dans la v\u00f4tre. Cet emploi offre de l\u2019autonomie et un potentiel illimit\u00e9. Toutefois, il s\u2019agit d\u2019un emploi complexe qui exige des qualit\u00e9s sp\u00e9cifiques de la personne qui sera appel\u00e9e \u00e0 accomplir les t\u00e2ches qui y sont associ\u00e9es.<\/p>\n<p class=\"pb10\">Notre processus de demande d\u2019emploi et d\u2019entrevue est exhaustif. Pourtant, lorsque le candidat convient, il ne s\u2019agit que du d\u00e9but de notre engagement envers sa r\u00e9ussite.<\/p>\n<h2 class=\"pb10\">Vous avez \u00e9t\u00e9 embauch\u00e9 : et maintenant?<\/h2>\n<p>F\u00e9licitations! Il y a de quoi \u00eatre fier d\u2019obtenir un poste de repr\u00e9sentant en services financiers d\u2019Edward Jones. Vous n\u2019auriez pas pu vous rendre aussi loin si la r\u00e9ussite n\u2019avait pas \u00e9t\u00e9 \u00e0 port\u00e9e de main.<\/p>\n<p>Tout au long du processus d\u2019entrevue, nous vous avons parl\u00e9 de notre formation de calibre mondial, de notre soutien exceptionnel et de nos occasions de perfectionnement professionnel. Tout d\u2019abord, vous avez quelques tests \u00e0 passer.<br \/>\n[\/av_textblock]<\/p>\n<p>[av_textblock size=\u00a0\u00bb font_color=\u00a0\u00bb color=\u00a0\u00bb custom_class=&rsquo;pb40&prime;]<\/p>\n<div class=\"grey-bg-header-section h3fs17 h4fs17\">\n<h3>Premi\u00e8re \u00e9tape : Plongez-vous dans l\u2019\u00e9tude!<\/h3>\n<div class=\"inner-grey\">\n<p class=\"pt10\">Votre premi\u00e8re t\u00e2che sera d\u2019\u00e9tudier pour vos examens sectoriels. Les lois et les r\u00e8glements sur les valeurs mobili\u00e8res exigent que tous les repr\u00e9sentants en services financiers r\u00e9ussissent les cours suivants pour pouvoir offrir des titres :<\/p>\n<ul class=\"pb20\">\n<li>Le Cours sur le commerce des valeurs mobili\u00e8res au Canada (CCVM)<\/li>\n<li>Le Cours relatif au Manuel sur les normes de conduite (CMNC)<\/li>\n<\/ul>\n<p>Afin d\u2019obtenir les permis n\u00e9cessaires pour offrir des produits d\u2019assurance, les repr\u00e9sentants en services financiers doivent \u00e9galement suivre le Programme de qualification en assurance de personnes (PQAP).<\/p>\n<h4>Pr\u00e9parez-vous \u00e0 travailler, mais pas seul<\/h4>\n<p>Le secteur des services financiers est complexe et en constante \u00e9volution. En tant que repr\u00e9sentant en services financiers, vous devez bien comprendre les diff\u00e9rents placements qui s\u2019offrent \u00e0 vos clients, la r\u00e9glementation en mati\u00e8re de convenance pour le client et les r\u00e8gles g\u00e9n\u00e9rales du secteur. Vous devez donc ma\u00eetriser toutes ces notions de mani\u00e8re \u00e0 pouvoir offrir des solutions personnalis\u00e9es aux clients en toute confiance.<\/p>\n<p>Se pr\u00e9parer aux examens du CCVM, du CMNC et du PQAP est difficile et n\u00e9cessite beaucoup de temps.<\/p>\n<ul class=\"pb20\">\n<li>Les stagiaires consacrent <strong>un minimum de 45 heures d\u2019\u00e9tudes par semaine pendant la p\u00e9riode<\/strong> d\u2019\u00e9tude pr\u00e9paratoire aux examens.<\/li>\n<\/ul>\n<h4>\u00catre r\u00e9mun\u00e9r\u00e9 pendant les \u00e9tudes<\/h4>\n<p>Pendant l\u2019int\u00e9gration, vous deviendrez un associ\u00e9 \u00e0 temps plein d\u2019Edward Jones et recevrez une r\u00e9mun\u00e9ration toutes les deux semaines. Cela vous permettra de vous concentrer sur la formation, le perfectionnement et vos \u00e9tudes en vue d\u2019obtenir vos permis et de commencer \u00e0 apprendre des strat\u00e9gies de d\u00e9veloppement des affaires.<\/p>\n<h4>Tout ce dont vous avez besoin pour r\u00e9ussir<\/h4>\n<p>Gr\u00e2ce \u00e0 notre programme d\u2019\u00e9tude, vous disposerez de tout le soutien dont vous avez besoin pour r\u00e9ussir les examens du CCVM, du CMNC et du PQAP. Attendez-vous \u00e0 :<\/p>\n<ul class=\"pb20\">\n<li>Recevoir des documents d\u2019\u00e9tude complets et des tests pratiques<\/li>\n<li>B\u00e9n\u00e9ficier du soutien d\u2019une \u00e9quipe d\u2019\u00e9tude qui surveillera vos progr\u00e8s et r\u00e9pondra \u00e0 vos questions sur la mati\u00e8re<\/li>\n<li>Des outils et des ressources pour vous aider en cours de route<\/li>\n<\/ul>\n<\/div>\n<\/div>\n<p>[\/av_textblock]<\/p>\n<p>[av_textblock size=\u00a0\u00bb font_color=\u00a0\u00bb color=\u00a0\u00bb custom_class=&rsquo;pb40&prime;]<\/p>\n<div class=\"grey-bg-header-section h3fs17\">\n<h3>Deuxi\u00e8me \u00e9tape : Apprentissage virtuel et en personne<\/h3>\n<div class=\"inner-grey\">\n<p class=\"pt10\">Au cours de la p\u00e9riode d\u2019\u00e9tude, vous participerez \u00e0 des s\u00e9ances d\u2019apprentissage \u00e0 distance pour vous aider \u00e0 acqu\u00e9rir des connaissances sur le secteur et les placements. Vous b\u00e9n\u00e9ficierez \u00e9galement du soutien et de la collaboration d\u2019autres repr\u00e9sentants en services financiers de votre r\u00e9gion. Vers la fin de la p\u00e9riode d\u2019int\u00e9gration, vous vous rendrez au si\u00e8ge social d\u2019Edward Jones \u00e0 Mississauga, en Ontario, pour une formation en personne et des ateliers avec d\u2019autres repr\u00e9sentants en services financiers en formation. Ces s\u00e9ances offrent une excellente occasion d\u2019interagir, de collaborer et de r\u00e9fl\u00e9chir avec vos coll\u00e8gues de partout au pays, alors que vous vous pr\u00e9parez \u00e0 b\u00e2tir votre client\u00e8le.<\/p>\n<ul class=\"pb20\">\n<li>Conna\u00eetre vos clients<\/li>\n<li>Lancer votre pratique<\/li>\n<li>Programme de perfectionnement de votre pratique<\/li>\n<\/ul>\n<\/div>\n<\/div>\n<p>[\/av_textblock]<\/p>\n<p>[av_textblock size=\u00a0\u00bb font_color=\u00a0\u00bb color=\u00a0\u00bb custom_class=\u00a0\u00bb]<\/p>\n<div class=\"grey-bg-header-section h3fs17\">\n<h3>Troisi\u00e8me \u00e9tape : Ouvrons votre bureau!<\/h3>\n<div class=\"inner-grey\">\n<p class=\"pt10\">Vous \u00eates fin pr\u00eat \u00e0 commencer \u00e0 b\u00e2tir votre client\u00e8le dans une succursale de votre choix.<\/p>\n<p class=\"pb20\">C\u2019est \u00e0 ce moment-l\u00e0 que nos syst\u00e8mes de soutien l\u00e9gendaires entrent en jeu, et c\u2019est ce que nous entendons par \u00ab seul, mais jamais seul \u00bb. En tant que repr\u00e9sentant en services financiers d\u2019Edward Jones, vous aurez acc\u00e8s \u00e0 de l\u2019encadrement professionnel pour vous aider \u00e0 int\u00e9grer ce que vous avez appris en formation \u00e0 vos activit\u00e9s d\u2019affaires. Des repr\u00e9sentants du si\u00e8ge social et sur le terrain seront toujours l\u00e0 pour vous aider \u00e0 d\u00e9velopper vos affaires. Nous ne cesserons jamais d\u2019\u00eatre l\u00e0 pour vous aider et vous offrir des occasions d\u2019apprentissage.<\/p>\n<\/div>\n<\/div>\n<p>[\/av_textblock]<\/p>\n<p>[\/av_three_fourth][av_one_fourth min_height=\u00a0\u00bb vertical_alignment=&rsquo;av-align-top&rsquo; space=\u00a0\u00bb margin=&rsquo;0px&rsquo; margin_sync=&rsquo;true&rsquo; padding=&rsquo;0px&rsquo; padding_sync=&rsquo;true&rsquo; border=\u00a0\u00bb border_color=\u00a0\u00bb radius=&rsquo;0px&rsquo; radius_sync=&rsquo;true&rsquo; background_color=&rsquo;#fde57f&rsquo; src=\u00a0\u00bb attachment=\u00a0\u00bb attachment_size=\u00a0\u00bb background_position=&rsquo;top left&rsquo; background_repeat=&rsquo;no-repeat&rsquo; animation=\u00a0\u00bb mobile_display=\u00a0\u00bb custom_class=&rsquo;search-widget search-widget-vertical&rsquo;]<\/p>\n<p>[av_sidebar widget_area=&rsquo;Home &#8211; fr-CA Under banner Job Search Widget &lsquo;]<\/p>\n<p>[\/av_one_fourth][\/av_section]<\/p>\n","protected":false},"excerpt":{"rendered":"<p>[av_section min_height=\u00a0\u00bb min_height_px=&rsquo;60px&rsquo; padding=&rsquo;no-padding&rsquo; shadow=&rsquo;no-border-styling&rsquo; bottom_border=&rsquo;no-border-styling&rsquo; bottom_border_diagonal_color=&rsquo;#333333&prime; bottom_border_diagonal_direction=\u00a0\u00bb bottom_border_style=\u00a0\u00bb id=\u00a0\u00bb<\/p>\n","protected":false},"author":1415,"featured_media":0,"parent":18978,"menu_order":0,"comment_status":"closed","ping_status":"closed","template":"100-width.php","meta":{"_acf_changed":false,"pgc_meta":"","footnotes":""},"persona":[],"class_list":["post-19162","page","type-page","status-publish","hentry"],"yoast_head":"<!-- This site is optimized with the Yoast SEO Premium plugin v23.0 (Yoast SEO v23.0) - https:\/\/yoast.com\/wordpress\/plugins\/seo\/ -->\n<title>Obtenez un salaire pendant vos \u00e9tudes pour les examens du secteur des valeurs mobili\u00e8res | Edward Jones<\/title>\n<meta name=\"description\" content=\"Les nouveaux repr\u00e9sentants en services financiers en ont beaucoup \u00e0 apprendre sur le secteur des valeurs mobili\u00e8res. Nous vous payons pendant que vous \u00e9tudiez en vue de vos examens CCVM et CMNC. D\u00e9couvrez comment nous investissons dans votre r\u00e9ussite.\" \/>\n<meta name=\"robots\" content=\"index, follow, max-snippet:-1, max-image-preview:large, max-video-preview:-1\" \/>\n<link rel=\"canonical\" href=\"https:\/\/careers.edwardjones.com\/fr-CA\/domaines-de-carriere\/nouveaux-representants-en-services-financiers\/permis-et-soutien\/\" \/>\n<meta property=\"og:locale\" content=\"fr_CA\" \/>\n<meta property=\"og:type\" content=\"article\" \/>\n<meta property=\"og:title\" content=\"Permis et soutien\" \/>\n<meta property=\"og:description\" content=\"Les nouveaux repr\u00e9sentants en services financiers en ont beaucoup \u00e0 apprendre sur le secteur des valeurs mobili\u00e8res. Nous vous payons pendant que vous \u00e9tudiez en vue de vos examens CCVM et CMNC. D\u00e9couvrez comment nous investissons dans votre r\u00e9ussite.\" \/>\n<meta property=\"og:url\" content=\"https:\/\/edwardjones.site.findly.com\/fr-CA\/domaines-de-carriere\/nouveaux-representants-en-services-financiers\/permis-et-soutien\/\" \/>\n<meta property=\"og:site_name\" content=\"Edwardjones\" \/>\n<meta property=\"article:modified_time\" content=\"2021-02-05T01:59:45+00:00\" \/>\n<meta property=\"og:image\" content=\"https:\/\/edwardjones.site.findly.com\/wp-content\/uploads\/sites\/3808\/2020\/10\/EdwardJonesCareers-logo-200x200px.jpg\" \/>\n\t<meta property=\"og:image:width\" content=\"200\" \/>\n\t<meta property=\"og:image:height\" content=\"200\" \/>\n\t<meta property=\"og:image:type\" content=\"image\/jpeg\" \/>\n<meta name=\"twitter:label1\" content=\"Estimation du temps de lecture\" \/>\n\t<meta name=\"twitter:data1\" content=\"8 minutes\" \/>\n<script type=\"application\/ld+json\" class=\"yoast-schema-graph\">{\"@context\":\"https:\/\/schema.org\",\"@graph\":[{\"@type\":\"WebPage\",\"@id\":\"https:\/\/edwardjones.site.findly.com\/fr-CA\/domaines-de-carriere\/nouveaux-representants-en-services-financiers\/permis-et-soutien\/\",\"url\":\"https:\/\/edwardjones.site.findly.com\/fr-CA\/domaines-de-carriere\/nouveaux-representants-en-services-financiers\/permis-et-soutien\/\",\"name\":\"Obtenez un salaire pendant vos \u00e9tudes pour les examens du secteur des valeurs mobili\u00e8res | Edward Jones\",\"isPartOf\":{\"@id\":\"https:\/\/careers.edwardjones.com\/#website\"},\"datePublished\":\"2020-12-28T14:17:10+00:00\",\"dateModified\":\"2021-02-05T01:59:45+00:00\",\"description\":\"Les nouveaux repr\u00e9sentants en services financiers en ont beaucoup \u00e0 apprendre sur le secteur des valeurs mobili\u00e8res. Nous vous payons pendant que vous \u00e9tudiez en vue de vos examens CCVM et CMNC. D\u00e9couvrez comment nous investissons dans votre r\u00e9ussite.\",\"breadcrumb\":{\"@id\":\"https:\/\/edwardjones.site.findly.com\/fr-CA\/domaines-de-carriere\/nouveaux-representants-en-services-financiers\/permis-et-soutien\/#breadcrumb\"},\"inLanguage\":\"fr-CA\",\"potentialAction\":[{\"@type\":\"ReadAction\",\"target\":[\"https:\/\/edwardjones.site.findly.com\/fr-CA\/domaines-de-carriere\/nouveaux-representants-en-services-financiers\/permis-et-soutien\/\"]}]},{\"@type\":\"BreadcrumbList\",\"@id\":\"https:\/\/edwardjones.site.findly.com\/fr-CA\/domaines-de-carriere\/nouveaux-representants-en-services-financiers\/permis-et-soutien\/#breadcrumb\",\"itemListElement\":[{\"@type\":\"ListItem\",\"position\":1,\"name\":\"Home\",\"item\":\"https:\/\/edwardjones.site.findly.com\/fr-CA\/\"},{\"@type\":\"ListItem\",\"position\":2,\"name\":\"Domaines de carri\u00e8re\",\"item\":\"https:\/\/careers.edwardjones.com\/career-areas\/\"},{\"@type\":\"ListItem\",\"position\":3,\"name\":\"Nouveaux repr\u00e9sentants en services financiers\",\"item\":\"https:\/\/careers.edwardjones.com\/career-areas\/new-financial-advisor\/\"},{\"@type\":\"ListItem\",\"position\":4,\"name\":\"Permis et soutien\"}]},{\"@type\":\"WebSite\",\"@id\":\"https:\/\/careers.edwardjones.com\/#website\",\"url\":\"https:\/\/careers.edwardjones.com\/\",\"name\":\"Edwardjones\",\"description\":\"ibee Demo Site\",\"potentialAction\":[{\"@type\":\"SearchAction\",\"target\":{\"@type\":\"EntryPoint\",\"urlTemplate\":\"https:\/\/careers.edwardjones.com\/?s={search_term_string}\"},\"query-input\":\"required name=search_term_string\"}],\"inLanguage\":\"fr-CA\"}]}<\/script>\n<!-- \/ Yoast SEO Premium plugin. -->","yoast_head_json":{"title":"Obtenez un salaire pendant vos \u00e9tudes pour les examens du secteur des valeurs mobili\u00e8res | Edward Jones","description":"Les nouveaux repr\u00e9sentants en services financiers en ont beaucoup \u00e0 apprendre sur le secteur des valeurs mobili\u00e8res. Nous vous payons pendant que vous \u00e9tudiez en vue de vos examens CCVM et CMNC. D\u00e9couvrez comment nous investissons dans votre r\u00e9ussite.","robots":{"index":"index","follow":"follow","max-snippet":"max-snippet:-1","max-image-preview":"max-image-preview:large","max-video-preview":"max-video-preview:-1"},"canonical":"https:\/\/careers.edwardjones.com\/fr-CA\/domaines-de-carriere\/nouveaux-representants-en-services-financiers\/permis-et-soutien\/","og_locale":"fr_CA","og_type":"article","og_title":"Permis et soutien","og_description":"Les nouveaux repr\u00e9sentants en services financiers en ont beaucoup \u00e0 apprendre sur le secteur des valeurs mobili\u00e8res. Nous vous payons pendant que vous \u00e9tudiez en vue de vos examens CCVM et CMNC. D\u00e9couvrez comment nous investissons dans votre r\u00e9ussite.","og_url":"https:\/\/edwardjones.site.findly.com\/fr-CA\/domaines-de-carriere\/nouveaux-representants-en-services-financiers\/permis-et-soutien\/","og_site_name":"Edwardjones","article_modified_time":"2021-02-05T01:59:45+00:00","og_image":[{"width":200,"height":200,"url":"https:\/\/edwardjones.site.findly.com\/wp-content\/uploads\/sites\/3808\/2020\/10\/EdwardJonesCareers-logo-200x200px.jpg","type":"image\/jpeg"}],"twitter_misc":{"Estimation du temps de lecture":"8 minutes"},"schema":{"@context":"https:\/\/schema.org","@graph":[{"@type":"WebPage","@id":"https:\/\/edwardjones.site.findly.com\/fr-CA\/domaines-de-carriere\/nouveaux-representants-en-services-financiers\/permis-et-soutien\/","url":"https:\/\/edwardjones.site.findly.com\/fr-CA\/domaines-de-carriere\/nouveaux-representants-en-services-financiers\/permis-et-soutien\/","name":"Obtenez un salaire pendant vos \u00e9tudes pour les examens du secteur des valeurs mobili\u00e8res | Edward Jones","isPartOf":{"@id":"https:\/\/careers.edwardjones.com\/#website"},"datePublished":"2020-12-28T14:17:10+00:00","dateModified":"2021-02-05T01:59:45+00:00","description":"Les nouveaux repr\u00e9sentants en services financiers en ont beaucoup \u00e0 apprendre sur le secteur des valeurs mobili\u00e8res. Nous vous payons pendant que vous \u00e9tudiez en vue de vos examens CCVM et CMNC. D\u00e9couvrez comment nous investissons dans votre r\u00e9ussite.","breadcrumb":{"@id":"https:\/\/edwardjones.site.findly.com\/fr-CA\/domaines-de-carriere\/nouveaux-representants-en-services-financiers\/permis-et-soutien\/#breadcrumb"},"inLanguage":"fr-CA","potentialAction":[{"@type":"ReadAction","target":["https:\/\/edwardjones.site.findly.com\/fr-CA\/domaines-de-carriere\/nouveaux-representants-en-services-financiers\/permis-et-soutien\/"]}]},{"@type":"BreadcrumbList","@id":"https:\/\/edwardjones.site.findly.com\/fr-CA\/domaines-de-carriere\/nouveaux-representants-en-services-financiers\/permis-et-soutien\/#breadcrumb","itemListElement":[{"@type":"ListItem","position":1,"name":"Home","item":"https:\/\/edwardjones.site.findly.com\/fr-CA\/"},{"@type":"ListItem","position":2,"name":"Domaines de carri\u00e8re","item":"https:\/\/careers.edwardjones.com\/career-areas\/"},{"@type":"ListItem","position":3,"name":"Nouveaux repr\u00e9sentants en services financiers","item":"https:\/\/careers.edwardjones.com\/career-areas\/new-financial-advisor\/"},{"@type":"ListItem","position":4,"name":"Permis et soutien"}]},{"@type":"WebSite","@id":"https:\/\/careers.edwardjones.com\/#website","url":"https:\/\/careers.edwardjones.com\/","name":"Edwardjones","description":"ibee Demo Site","potentialAction":[{"@type":"SearchAction","target":{"@type":"EntryPoint","urlTemplate":"https:\/\/careers.edwardjones.com\/?s={search_term_string}"},"query-input":"required name=search_term_string"}],"inLanguage":"fr-CA"}]}},"acf":[],"pgc_meta":"","_links":{"self":[{"href":"https:\/\/edwardjones.site.findly.com\/fr-CA\/wp-json\/wp\/v2\/pages\/19162","targetHints":{"allow":["GET"]}}],"collection":[{"href":"https:\/\/edwardjones.site.findly.com\/fr-CA\/wp-json\/wp\/v2\/pages"}],"about":[{"href":"https:\/\/edwardjones.site.findly.com\/fr-CA\/wp-json\/wp\/v2\/types\/page"}],"author":[{"embeddable":true,"href":"https:\/\/edwardjones.site.findly.com\/fr-CA\/wp-json\/wp\/v2\/users\/1415"}],"replies":[{"embeddable":true,"href":"https:\/\/edwardjones.site.findly.com\/fr-CA\/wp-json\/wp\/v2\/comments?post=19162"}],"version-history":[{"count":0,"href":"https:\/\/edwardjones.site.findly.com\/fr-CA\/wp-json\/wp\/v2\/pages\/19162\/revisions"}],"up":[{"embeddable":true,"href":"https:\/\/edwardjones.site.findly.com\/fr-CA\/wp-json\/wp\/v2\/pages\/18978"}],"wp:attachment":[{"href":"https:\/\/edwardjones.site.findly.com\/fr-CA\/wp-json\/wp\/v2\/media?parent=19162"}],"wp:term":[{"taxonomy":"persona","embeddable":true,"href":"https:\/\/edwardjones.site.findly.com\/fr-CA\/wp-json\/wp\/v2\/persona?post=19162"}],"curies":[{"name":"wp","href":"https:\/\/api.w.org\/{rel}","templated":true}]}}