{"id":19157,"date":"2020-12-28T13:44:43","date_gmt":"2020-12-28T13:44:43","guid":{"rendered":"https:\/\/careers.edwardjones.com\/?page_id=19157"},"modified":"2021-02-06T16:17:26","modified_gmt":"2021-02-06T16:17:26","slug":"renseignements-personnels","status":"publish","type":"page","link":"https:\/\/edwardjones.site.findly.com\/fr-CA\/renseignements-personnels\/","title":{"rendered":"M\u00e9fiez-vous des escroqueries dans le domaine de l\u2019emploi"},"content":{"rendered":"<p>[av_section min_height=\u00a0\u00bb min_height_px=&rsquo;500px&rsquo; padding=&rsquo;no-padding&rsquo; shadow=&rsquo;no-border-styling&rsquo; bottom_border=&rsquo;no-border-styling&rsquo; bottom_border_diagonal_color=&rsquo;#333333&prime; bottom_border_diagonal_direction=\u00a0\u00bb bottom_border_style=\u00a0\u00bb id=\u00a0\u00bb color=&rsquo;main_color&rsquo; custom_bg=\u00a0\u00bb src=\u00a0\u00bb attachment=\u00a0\u00bb attachment_size=\u00a0\u00bb attach=&rsquo;scroll&rsquo; position=&rsquo;top left&rsquo; repeat=&rsquo;no-repeat&rsquo; video=\u00a0\u00bb video_ratio=&rsquo;16:9&prime; overlay_opacity=&rsquo;0.5&prime; overlay_color=\u00a0\u00bb overlay_pattern=\u00a0\u00bb overlay_custom_pattern=\u00a0\u00bb custom_class=&rsquo;banner-text&rsquo;]<br \/>\n[av_textblock size=\u00a0\u00bb font_color=\u00a0\u00bb color=\u00a0\u00bb custom_class=&rsquo;pt70 pb70&prime;]<\/p>\n<h1>M\u00e9fiez-vous des escroqueries dans le domaine de l\u2019emploi<\/h1>\n<p>[\/av_textblock]<br \/>\n[\/av_section]<\/p>\n<p>[av_section min_height=\u00a0\u00bb min_height_px=&rsquo;500px&rsquo; padding=&rsquo;no-padding&rsquo; shadow=&rsquo;no-border-styling&rsquo; bottom_border=&rsquo;no-border-styling&rsquo; bottom_border_diagonal_color=&rsquo;#333333&prime; bottom_border_diagonal_direction=\u00a0\u00bb bottom_border_style=\u00a0\u00bb id=\u00a0\u00bb color=&rsquo;main_color&rsquo; custom_bg=\u00a0\u00bb src=\u00a0\u00bb attachment=\u00a0\u00bb attachment_size=\u00a0\u00bb attach=&rsquo;scroll&rsquo; position=&rsquo;top left&rsquo; repeat=&rsquo;no-repeat&rsquo; video=\u00a0\u00bb video_ratio=&rsquo;16:9&prime; overlay_opacity=&rsquo;0.5&prime; overlay_color=\u00a0\u00bb overlay_pattern=\u00a0\u00bb overlay_custom_pattern=\u00a0\u00bb custom_class=&rsquo;pt60 pb110&prime;]<\/p>\n<p>[av_textblock size=\u00a0\u00bb font_color=\u00a0\u00bb color=\u00a0\u00bb custom_class=&rsquo;h2fs28 h2fw600&prime;]<\/p>\n<h2>La s\u00e9curit\u00e9 de vos renseignements personnels est importante pour nous.<\/h2>\n<p>Edward Jones a appris que certaines organisations ou certains particuliers se font passer pour des repr\u00e9sentants d\u2019Edward Jones et ont communiqu\u00e9 avec des individus qui se cherchent un emploi ou des candidats potentiels au moyen de fausses communications li\u00e9es \u00e0 l\u2019emploi afin de faire de fausses offres d\u2019emploi chez Edward Jones.<\/p>\n<p class=\"m0\">Veuillez noter que dans le cadre du processus de recrutement :<\/p>\n<ul class=\"pb20\">\n<li>Edward Jones ne demande des renseignements personnels qu\u2019au moyen de notre syst\u00e8me s\u00e9curis\u00e9 de suivi des candidats.<\/li>\n<li>Edward Jones ne demande pas de renseignements sur les comptes bancaires.<\/li>\n<li>Edward Jones n\u2019exige aucun paiement de la part de ses candidats.<\/li>\n<li>Les employ\u00e9s d\u2019Edward Jones communiquent uniquement avec les candidats \u00e0 partir d\u2019adresses courriel qui se terminent par \u00ab @edwardjones.com \u00bb ou par l\u2019entremise du syst\u00e8me de gestion des contacts d\u2019Edward Jones.<\/li>\n<li>Edward Jones n\u2019exige pas que les candidats cr\u00e9ent une nouvelle adresse courriel.<\/li>\n<\/ul>\n<p>Si vous croyez \u00eatre victime de telles communications, vous pouvez effectuer un signalement aupr\u00e8s des autorit\u00e9s comp\u00e9tentes, comme le Centre antifraude du Canada (organisme parrain\u00e9 par le gouvernement du Canada), \u00e0 l\u2019adresse <a href=\"https:\/\/www.antifraudcentre-centreantifraude.ca\/index-fra.htm\" target=\"_blank\" rel=\"noopener noreferrer\">https:\/\/www.antifraudcentre-centreantifraude.ca\/index-fra.htm<\/a>.<br \/>\n[\/av_textblock]<\/p>\n<p>[\/av_section]<\/p>\n","protected":false},"excerpt":{"rendered":"<p>[av_section min_height=\u00a0\u00bb min_height_px=&rsquo;500px&rsquo; padding=&rsquo;no-padding&rsquo; shadow=&rsquo;no-border-styling&rsquo; bottom_border=&rsquo;no-border-styling&rsquo; bottom_border_diagonal_color=&rsquo;#333333&prime; bottom_border_diagonal_direction=\u00a0\u00bb bottom_border_style=\u00a0\u00bb id=\u00a0\u00bb<\/p>\n","protected":false},"author":1415,"featured_media":0,"parent":0,"menu_order":0,"comment_status":"closed","ping_status":"closed","template":"","meta":{"_acf_changed":false,"pgc_meta":"","footnotes":""},"persona":[],"class_list":["post-19157","page","type-page","status-publish","hentry"],"yoast_head":"<!-- This site is optimized with the Yoast SEO Premium plugin v23.0 (Yoast SEO v23.0) - https:\/\/yoast.com\/wordpress\/plugins\/seo\/ -->\n<title>La s\u00e9curit\u00e9 de vos renseignements personnels est importante pour nous.<\/title>\n<meta name=\"robots\" content=\"index, follow, max-snippet:-1, max-image-preview:large, max-video-preview:-1\" \/>\n<link rel=\"canonical\" href=\"https:\/\/careers.edwardjones.com\/fr-CA\/renseignements-personnels\/\" \/>\n<meta property=\"og:locale\" content=\"fr_CA\" \/>\n<meta property=\"og:type\" content=\"article\" \/>\n<meta property=\"og:title\" content=\"M\u00e9fiez-vous des escroqueries dans le domaine de l\u2019emploi\" \/>\n<meta property=\"og:description\" content=\"[av_section min_height=\u00a0\u00bb min_height_px=&rsquo;500px&rsquo; padding=&rsquo;no-padding&rsquo; shadow=&rsquo;no-border-styling&rsquo; bottom_border=&rsquo;no-border-styling&rsquo; bottom_border_diagonal_color=&rsquo;#333333&prime; bottom_border_diagonal_direction=\u00a0\u00bb bottom_border_style=\u00a0\u00bb id=\u00a0\u00bb\" \/>\n<meta property=\"og:url\" content=\"https:\/\/edwardjones.site.findly.com\/fr-CA\/renseignements-personnels\/\" \/>\n<meta property=\"og:site_name\" content=\"Edwardjones\" \/>\n<meta property=\"article:modified_time\" content=\"2021-02-06T16:17:26+00:00\" \/>\n<meta property=\"og:image\" content=\"https:\/\/edwardjones.site.findly.com\/wp-content\/uploads\/sites\/3808\/2020\/10\/EdwardJonesCareers-logo-200x200px.jpg\" \/>\n\t<meta property=\"og:image:width\" content=\"200\" \/>\n\t<meta property=\"og:image:height\" content=\"200\" \/>\n\t<meta property=\"og:image:type\" content=\"image\/jpeg\" \/>\n<meta name=\"twitter:label1\" content=\"Estimation du temps de lecture\" \/>\n\t<meta name=\"twitter:data1\" content=\"2 minutes\" \/>\n<script type=\"application\/ld+json\" class=\"yoast-schema-graph\">{\"@context\":\"https:\/\/schema.org\",\"@graph\":[{\"@type\":\"WebPage\",\"@id\":\"https:\/\/edwardjones.site.findly.com\/fr-CA\/renseignements-personnels\/\",\"url\":\"https:\/\/edwardjones.site.findly.com\/fr-CA\/renseignements-personnels\/\",\"name\":\"La s\u00e9curit\u00e9 de vos renseignements personnels est importante pour nous.\",\"isPartOf\":{\"@id\":\"https:\/\/careers.edwardjones.com\/#website\"},\"datePublished\":\"2020-12-28T13:44:43+00:00\",\"dateModified\":\"2021-02-06T16:17:26+00:00\",\"breadcrumb\":{\"@id\":\"https:\/\/edwardjones.site.findly.com\/fr-CA\/renseignements-personnels\/#breadcrumb\"},\"inLanguage\":\"fr-CA\",\"potentialAction\":[{\"@type\":\"ReadAction\",\"target\":[\"https:\/\/edwardjones.site.findly.com\/fr-CA\/renseignements-personnels\/\"]}]},{\"@type\":\"BreadcrumbList\",\"@id\":\"https:\/\/edwardjones.site.findly.com\/fr-CA\/renseignements-personnels\/#breadcrumb\",\"itemListElement\":[{\"@type\":\"ListItem\",\"position\":1,\"name\":\"Home\",\"item\":\"https:\/\/edwardjones.site.findly.com\/fr-CA\/\"},{\"@type\":\"ListItem\",\"position\":2,\"name\":\"M\u00e9fiez-vous des escroqueries dans le domaine de l\u2019emploi\"}]},{\"@type\":\"WebSite\",\"@id\":\"https:\/\/careers.edwardjones.com\/#website\",\"url\":\"https:\/\/careers.edwardjones.com\/\",\"name\":\"Edwardjones\",\"description\":\"ibee Demo Site\",\"potentialAction\":[{\"@type\":\"SearchAction\",\"target\":{\"@type\":\"EntryPoint\",\"urlTemplate\":\"https:\/\/careers.edwardjones.com\/?s={search_term_string}\"},\"query-input\":\"required name=search_term_string\"}],\"inLanguage\":\"fr-CA\"}]}<\/script>\n<!-- \/ Yoast SEO Premium plugin. -->","yoast_head_json":{"title":"La s\u00e9curit\u00e9 de vos renseignements personnels est importante pour nous.","robots":{"index":"index","follow":"follow","max-snippet":"max-snippet:-1","max-image-preview":"max-image-preview:large","max-video-preview":"max-video-preview:-1"},"canonical":"https:\/\/careers.edwardjones.com\/fr-CA\/renseignements-personnels\/","og_locale":"fr_CA","og_type":"article","og_title":"M\u00e9fiez-vous des escroqueries dans le domaine de l\u2019emploi","og_description":"[av_section min_height=\u00a0\u00bb min_height_px=&rsquo;500px&rsquo; padding=&rsquo;no-padding&rsquo; shadow=&rsquo;no-border-styling&rsquo; bottom_border=&rsquo;no-border-styling&rsquo; bottom_border_diagonal_color=&rsquo;#333333&prime; bottom_border_diagonal_direction=\u00a0\u00bb bottom_border_style=\u00a0\u00bb id=\u00a0\u00bb","og_url":"https:\/\/edwardjones.site.findly.com\/fr-CA\/renseignements-personnels\/","og_site_name":"Edwardjones","article_modified_time":"2021-02-06T16:17:26+00:00","og_image":[{"width":200,"height":200,"url":"https:\/\/edwardjones.site.findly.com\/wp-content\/uploads\/sites\/3808\/2020\/10\/EdwardJonesCareers-logo-200x200px.jpg","type":"image\/jpeg"}],"twitter_misc":{"Estimation du temps de lecture":"2 minutes"},"schema":{"@context":"https:\/\/schema.org","@graph":[{"@type":"WebPage","@id":"https:\/\/edwardjones.site.findly.com\/fr-CA\/renseignements-personnels\/","url":"https:\/\/edwardjones.site.findly.com\/fr-CA\/renseignements-personnels\/","name":"La s\u00e9curit\u00e9 de vos renseignements personnels est importante pour nous.","isPartOf":{"@id":"https:\/\/careers.edwardjones.com\/#website"},"datePublished":"2020-12-28T13:44:43+00:00","dateModified":"2021-02-06T16:17:26+00:00","breadcrumb":{"@id":"https:\/\/edwardjones.site.findly.com\/fr-CA\/renseignements-personnels\/#breadcrumb"},"inLanguage":"fr-CA","potentialAction":[{"@type":"ReadAction","target":["https:\/\/edwardjones.site.findly.com\/fr-CA\/renseignements-personnels\/"]}]},{"@type":"BreadcrumbList","@id":"https:\/\/edwardjones.site.findly.com\/fr-CA\/renseignements-personnels\/#breadcrumb","itemListElement":[{"@type":"ListItem","position":1,"name":"Home","item":"https:\/\/edwardjones.site.findly.com\/fr-CA\/"},{"@type":"ListItem","position":2,"name":"M\u00e9fiez-vous des escroqueries dans le domaine de l\u2019emploi"}]},{"@type":"WebSite","@id":"https:\/\/careers.edwardjones.com\/#website","url":"https:\/\/careers.edwardjones.com\/","name":"Edwardjones","description":"ibee Demo Site","potentialAction":[{"@type":"SearchAction","target":{"@type":"EntryPoint","urlTemplate":"https:\/\/careers.edwardjones.com\/?s={search_term_string}"},"query-input":"required name=search_term_string"}],"inLanguage":"fr-CA"}]}},"acf":[],"pgc_meta":"","_links":{"self":[{"href":"https:\/\/edwardjones.site.findly.com\/fr-CA\/wp-json\/wp\/v2\/pages\/19157","targetHints":{"allow":["GET"]}}],"collection":[{"href":"https:\/\/edwardjones.site.findly.com\/fr-CA\/wp-json\/wp\/v2\/pages"}],"about":[{"href":"https:\/\/edwardjones.site.findly.com\/fr-CA\/wp-json\/wp\/v2\/types\/page"}],"author":[{"embeddable":true,"href":"https:\/\/edwardjones.site.findly.com\/fr-CA\/wp-json\/wp\/v2\/users\/1415"}],"replies":[{"embeddable":true,"href":"https:\/\/edwardjones.site.findly.com\/fr-CA\/wp-json\/wp\/v2\/comments?post=19157"}],"version-history":[{"count":0,"href":"https:\/\/edwardjones.site.findly.com\/fr-CA\/wp-json\/wp\/v2\/pages\/19157\/revisions"}],"wp:attachment":[{"href":"https:\/\/edwardjones.site.findly.com\/fr-CA\/wp-json\/wp\/v2\/media?parent=19157"}],"wp:term":[{"taxonomy":"persona","embeddable":true,"href":"https:\/\/edwardjones.site.findly.com\/fr-CA\/wp-json\/wp\/v2\/persona?post=19157"}],"curies":[{"name":"wp","href":"https:\/\/api.w.org\/{rel}","templated":true}]}}