{"id":19148,"date":"2020-12-28T13:36:46","date_gmt":"2020-12-28T13:36:46","guid":{"rendered":"https:\/\/careers.edwardjones.com\/?page_id=19148"},"modified":"2021-01-19T13:02:14","modified_gmt":"2021-01-19T13:02:14","slug":"mississauga","status":"publish","type":"page","link":"https:\/\/edwardjones.site.findly.com\/fr-CA\/domaines-de-carriere\/sieges-sociaux\/mississauga\/","title":{"rendered":"Mississauga"},"content":{"rendered":"<p>[av_section min_height=\u00a0\u00bb min_height_px=&rsquo;60px&rsquo; padding=&rsquo;no-padding&rsquo; shadow=&rsquo;no-border-styling&rsquo; bottom_border=&rsquo;no-border-styling&rsquo; bottom_border_diagonal_color=&rsquo;#333333&prime; bottom_border_diagonal_direction=\u00a0\u00bb bottom_border_style=\u00a0\u00bb id=\u00a0\u00bb color=&rsquo;main_color&rsquo; custom_bg=\u00a0\u00bb src=\u00a0\u00bb attachment=\u00a0\u00bb attachment_size=\u00a0\u00bb attach=&rsquo;scroll&rsquo; position=&rsquo;top left&rsquo; repeat=&rsquo;no-repeat&rsquo; video=\u00a0\u00bb video_ratio=&rsquo;16:9&prime; overlay_opacity=&rsquo;0.5&prime; overlay_color=\u00a0\u00bb overlay_pattern=\u00a0\u00bb overlay_custom_pattern=\u00a0\u00bb custom_class=&rsquo;breadcrumb-section minht0 pb40&prime;]<br \/>\n[av_textblock size=\u00a0\u00bb font_color=\u00a0\u00bb color=\u00a0\u00bb custom_class=\u00a0\u00bb]<br \/>\n[cws_bread_crumb separator=&gt;]<br \/>\n[\/av_textblock]<br \/>\n[\/av_section]<\/p>\n<p>[av_section min_height=\u00a0\u00bb min_height_px=&rsquo;500px&rsquo; padding=&rsquo;no-padding&rsquo; shadow=&rsquo;no-border-styling&rsquo; bottom_border=&rsquo;no-border-styling&rsquo; bottom_border_diagonal_color=&rsquo;#333333&prime; bottom_border_diagonal_direction=\u00a0\u00bb bottom_border_style=\u00a0\u00bb id=\u00a0\u00bb color=&rsquo;main_color&rsquo; custom_bg=\u00a0\u00bb src=\u00a0\u00bb attachment=\u00a0\u00bb attachment_size=\u00a0\u00bb attach=&rsquo;scroll&rsquo; position=&rsquo;top left&rsquo; repeat=&rsquo;no-repeat&rsquo; video=\u00a0\u00bb video_ratio=&rsquo;16:9&prime; overlay_opacity=&rsquo;0.5&prime; overlay_color=\u00a0\u00bb overlay_pattern=\u00a0\u00bb overlay_custom_pattern=\u00a0\u00bb custom_class=&rsquo;left-text-right-image reverse-col small-image pb130&prime;]<br \/>\n[av_one_half first min_height=&rsquo;av-equal-height-column&rsquo; vertical_alignment=&rsquo;av-align-middle&rsquo; space=&rsquo;no_margin&rsquo; margin=&rsquo;0px&rsquo; margin_sync=&rsquo;true&rsquo; padding=&rsquo;0px&rsquo; padding_sync=&rsquo;true&rsquo; border=\u00a0\u00bb border_color=\u00a0\u00bb radius=&rsquo;0px&rsquo; radius_sync=&rsquo;true&rsquo; background_color=&rsquo;#f1f3f4&prime; src=\u00a0\u00bb attachment=\u00a0\u00bb attachment_size=\u00a0\u00bb background_position=&rsquo;top left&rsquo; background_repeat=&rsquo;no-repeat&rsquo; animation=\u00a0\u00bb mobile_display=\u00a0\u00bb custom_class=&rsquo;l-text&rsquo;]<\/p>\n<p>[av_textblock size=\u00a0\u00bb font_color=\u00a0\u00bb color=\u00a0\u00bb custom_class=\u00a0\u00bb]<\/p>\n<h1>Aper\u00e7u de Mississauga<\/h1>\n<p>Cette ville situ\u00e9e au bord du lac Ontario n\u2019est peut-\u00eatre pas aussi connue que sa voisine, Toronto, mais ses berges anim\u00e9es, les sentiers polyvalents qui sont am\u00e9nag\u00e9s dans ses parcs, ses boutiques, ses festivals multiculturels, sa patinoire et ses tours jumelles \u00ab Marilyn Monroe \u00bb spectaculaires, font probablement de Mississauga le secret le mieux gard\u00e9 au Canada.<br \/>\n[\/av_textblock]<\/p>\n<p>[\/av_one_half][av_one_half min_height=\u00a0\u00bb vertical_alignment=&rsquo;av-align-top&rsquo; space=\u00a0\u00bb margin=&rsquo;0px&rsquo; margin_sync=&rsquo;true&rsquo; padding=&rsquo;0px&rsquo; padding_sync=&rsquo;true&rsquo; border=\u00a0\u00bb border_color=\u00a0\u00bb radius=&rsquo;0px&rsquo; radius_sync=&rsquo;true&rsquo; background_color=\u00a0\u00bb src=\u00a0\u00bb attachment=\u00a0\u00bb attachment_size=\u00a0\u00bb background_position=&rsquo;top left&rsquo; background_repeat=&rsquo;no-repeat&rsquo; animation=\u00a0\u00bb mobile_display=\u00a0\u00bb custom_class=&rsquo;r-img&rsquo;]<\/p>\n<p>[av_image src=&rsquo;\/wp-content\/uploads\/sites\/1392\/2020\/12\/iStock-1012730350.jpg&rsquo; attachment=&rsquo;19150&prime; attachment_size=&rsquo;full&rsquo; align=&rsquo;right&rsquo; styling=\u00a0\u00bb hover=\u00a0\u00bb link=\u00a0\u00bb target=\u00a0\u00bb caption=\u00a0\u00bb font_size=\u00a0\u00bb appearance=\u00a0\u00bb overlay_opacity=&rsquo;0.4&prime; overlay_color=&rsquo;#000000&prime; overlay_text_color=&rsquo;#ffffff&rsquo; animation=&rsquo;no-animation&rsquo; custom_class=\u00a0\u00bb][\/av_image]<\/p>\n<p>[\/av_one_half]<br \/>\n[\/av_section]<\/p>\n<p>[av_section min_height=\u00a0\u00bb min_height_px=&rsquo;500px&rsquo; padding=&rsquo;no-padding&rsquo; shadow=&rsquo;no-border-styling&rsquo; bottom_border=&rsquo;no-border-styling&rsquo; bottom_border_diagonal_color=&rsquo;#333333&prime; bottom_border_diagonal_direction=\u00a0\u00bb bottom_border_style=\u00a0\u00bb id=\u00a0\u00bb color=&rsquo;main_color&rsquo; custom_bg=\u00a0\u00bb src=\u00a0\u00bb attachment=\u00a0\u00bb attachment_size=\u00a0\u00bb attach=&rsquo;scroll&rsquo; position=&rsquo;top left&rsquo; repeat=&rsquo;no-repeat&rsquo; video=\u00a0\u00bb video_ratio=&rsquo;16:9&prime; overlay_opacity=&rsquo;0.5&prime; overlay_color=\u00a0\u00bb overlay_pattern=\u00a0\u00bb overlay_custom_pattern=\u00a0\u00bb custom_class=&rsquo;pb130 locations-text-widget search-widget-vertical-container&rsquo;]<\/p>\n<p>[av_three_fourth first min_height=\u00a0\u00bb vertical_alignment=&rsquo;av-align-top&rsquo; space=\u00a0\u00bb margin=&rsquo;0px&rsquo; margin_sync=&rsquo;true&rsquo; padding=&rsquo;0px&rsquo; padding_sync=&rsquo;true&rsquo; border=\u00a0\u00bb border_color=\u00a0\u00bb radius=&rsquo;0px&rsquo; radius_sync=&rsquo;true&rsquo; background_color=\u00a0\u00bb src=\u00a0\u00bb attachment=\u00a0\u00bb attachment_size=\u00a0\u00bb background_position=&rsquo;top left&rsquo; background_repeat=&rsquo;no-repeat&rsquo; animation=\u00a0\u00bb mobile_display=\u00a0\u00bb custom_class=\u00a0\u00bb]<\/p>\n<p>[av_textblock size=\u00a0\u00bb font_color=\u00a0\u00bb color=\u00a0\u00bb custom_class=&rsquo;locations-list pl30&prime;]<\/p>\n<ul class=\"locations-ul li-pb20\">\n<li>L\u2019a\u00e9roport qui s\u2019y trouve est le plus achaland\u00e9 au Canada. De fait, 32 millions de passagers transitent par l\u2019a\u00e9roport international Pearson de Toronto chaque jour pour se rendre dans 180 destinations desservies par plus de 70 compagnies a\u00e9riennes.<\/li>\n<li>La ville a \u00e9t\u00e9 fond\u00e9e en 1974 et nomm\u00e9e en l\u2019honneur de la nation autochtone qui occupait la r\u00e9gion et qui y vit toujours.<\/li>\n<li>Elle est reconnue comme \u00e9tant la ville la plus s\u00e9curitaire au Canada depuis huit ans.<\/li>\n<li>Les tours jumelles Absolute World ou \u00ab Marilyn Monroe \u00bb se reconnaissent \u00e0 leurs courbes g\u00e9n\u00e9reuses.<\/li>\n<li>Le village de Port Credit situ\u00e9 au bord du lac est r\u00e9put\u00e9 pour ses boutiques, ses caf\u00e9s, ses bars, son phare toujours en service et sa marina o\u00f9 l\u2019on trouve un cargo abandonn\u00e9.<\/li>\n<li>Le Square One mall et le Celebration Square proposent des restaurants, une salle de cin\u00e9ma, une patinoire ext\u00e9rieure, le parc Playdium, une piste de karting, ainsi que des divertissements et des festivals toute l\u2019ann\u00e9e.<\/li>\n<li>Un magnifique sentier de randonn\u00e9e p\u00e9destre m\u00e8ne \u00e0 Wahoosh Falls, une oasis urbaine baign\u00e9e de calme.<\/li>\n<li>Un nombre surprenant d\u2019\u00e9missions et de films populaires ont \u00e9t\u00e9 tourn\u00e9s ici, notamment : Suits : Avocats sur mesure, Les passages de l\u2019espoir, Black Mirror, Hannibal, Baiser fatal, Sans origine : Orphan Black et Nikita.<\/li>\n<\/ul>\n<p>[\/av_textblock]<\/p>\n<p>[\/av_three_fourth][av_one_fourth min_height=\u00a0\u00bb vertical_alignment=&rsquo;av-align-top&rsquo; space=\u00a0\u00bb margin=&rsquo;0px&rsquo; margin_sync=&rsquo;true&rsquo; padding=&rsquo;0px&rsquo; padding_sync=&rsquo;true&rsquo; border=\u00a0\u00bb border_color=\u00a0\u00bb radius=&rsquo;0px&rsquo; radius_sync=&rsquo;true&rsquo; background_color=&rsquo;#fde57f&rsquo; src=\u00a0\u00bb attachment=\u00a0\u00bb attachment_size=\u00a0\u00bb background_position=&rsquo;top left&rsquo; background_repeat=&rsquo;no-repeat&rsquo; animation=\u00a0\u00bb mobile_display=\u00a0\u00bb custom_class=&rsquo;search-widget search-widget-vertical&rsquo;]<\/p>\n<p>[av_sidebar widget_area=&rsquo;Home &#8211; fr-CA Under banner Job Search Widget &lsquo;]<\/p>\n<p>[\/av_one_fourth][\/av_section]<\/p>\n","protected":false},"excerpt":{"rendered":"<p>[av_section min_height=\u00a0\u00bb min_height_px=&rsquo;60px&rsquo; padding=&rsquo;no-padding&rsquo; shadow=&rsquo;no-border-styling&rsquo; bottom_border=&rsquo;no-border-styling&rsquo; bottom_border_diagonal_color=&rsquo;#333333&prime; bottom_border_diagonal_direction=\u00a0\u00bb bottom_border_style=\u00a0\u00bb id=\u00a0\u00bb<\/p>\n","protected":false},"author":1415,"featured_media":0,"parent":19013,"menu_order":0,"comment_status":"closed","ping_status":"closed","template":"","meta":{"_acf_changed":false,"pgc_meta":"","footnotes":""},"persona":[],"class_list":["post-19148","page","type-page","status-publish","hentry"],"yoast_head":"<!-- This site is optimized with the Yoast SEO Premium plugin v23.0 (Yoast SEO v23.0) - https:\/\/yoast.com\/wordpress\/plugins\/seo\/ -->\n<title>Travaillez \u00e0 notre si\u00e8ge social de Mississauga | Edward Jones<\/title>\n<meta name=\"description\" content=\"Situ\u00e9 au c\u0153ur de la ville, il offre une vue spectaculaire de Celebration Square. D\u00e9couvrez notre si\u00e8ge social.\" \/>\n<meta name=\"robots\" content=\"index, follow, max-snippet:-1, max-image-preview:large, max-video-preview:-1\" \/>\n<link rel=\"canonical\" href=\"https:\/\/careers.edwardjones.com\/fr-CA\/domaines-de-carriere\/sieges-sociaux\/mississauga\/\" \/>\n<meta property=\"og:locale\" content=\"fr_CA\" \/>\n<meta property=\"og:type\" content=\"article\" \/>\n<meta property=\"og:title\" content=\"Mississauga\" \/>\n<meta property=\"og:description\" content=\"Situ\u00e9 au c\u0153ur de la ville, il offre une vue spectaculaire de Celebration Square. D\u00e9couvrez notre si\u00e8ge social.\" \/>\n<meta property=\"og:url\" content=\"https:\/\/edwardjones.site.findly.com\/fr-CA\/domaines-de-carriere\/sieges-sociaux\/mississauga\/\" \/>\n<meta property=\"og:site_name\" content=\"Edwardjones\" \/>\n<meta property=\"article:modified_time\" content=\"2021-01-19T13:02:14+00:00\" \/>\n<meta property=\"og:image\" content=\"https:\/\/edwardjones.site.findly.com\/wp-content\/uploads\/sites\/3808\/2020\/10\/EdwardJonesCareers-logo-200x200px.jpg\" \/>\n\t<meta property=\"og:image:width\" content=\"200\" \/>\n\t<meta property=\"og:image:height\" content=\"200\" \/>\n\t<meta property=\"og:image:type\" content=\"image\/jpeg\" \/>\n<meta name=\"twitter:label1\" content=\"Estimation du temps de lecture\" \/>\n\t<meta name=\"twitter:data1\" content=\"5 minutes\" \/>\n<script type=\"application\/ld+json\" class=\"yoast-schema-graph\">{\"@context\":\"https:\/\/schema.org\",\"@graph\":[{\"@type\":\"WebPage\",\"@id\":\"https:\/\/edwardjones.site.findly.com\/fr-CA\/domaines-de-carriere\/sieges-sociaux\/mississauga\/\",\"url\":\"https:\/\/edwardjones.site.findly.com\/fr-CA\/domaines-de-carriere\/sieges-sociaux\/mississauga\/\",\"name\":\"Travaillez \u00e0 notre si\u00e8ge social de Mississauga | Edward Jones\",\"isPartOf\":{\"@id\":\"https:\/\/careers.edwardjones.com\/#website\"},\"datePublished\":\"2020-12-28T13:36:46+00:00\",\"dateModified\":\"2021-01-19T13:02:14+00:00\",\"description\":\"Situ\u00e9 au c\u0153ur de la ville, il offre une vue spectaculaire de Celebration Square. D\u00e9couvrez notre si\u00e8ge social.\",\"breadcrumb\":{\"@id\":\"https:\/\/edwardjones.site.findly.com\/fr-CA\/domaines-de-carriere\/sieges-sociaux\/mississauga\/#breadcrumb\"},\"inLanguage\":\"fr-CA\",\"potentialAction\":[{\"@type\":\"ReadAction\",\"target\":[\"https:\/\/edwardjones.site.findly.com\/fr-CA\/domaines-de-carriere\/sieges-sociaux\/mississauga\/\"]}]},{\"@type\":\"BreadcrumbList\",\"@id\":\"https:\/\/edwardjones.site.findly.com\/fr-CA\/domaines-de-carriere\/sieges-sociaux\/mississauga\/#breadcrumb\",\"itemListElement\":[{\"@type\":\"ListItem\",\"position\":1,\"name\":\"Home\",\"item\":\"https:\/\/edwardjones.site.findly.com\/fr-CA\/\"},{\"@type\":\"ListItem\",\"position\":2,\"name\":\"Domaines de carri\u00e8re\",\"item\":\"https:\/\/careers.edwardjones.com\/career-areas\/\"},{\"@type\":\"ListItem\",\"position\":3,\"name\":\"Si\u00e8ges sociaux\",\"item\":\"https:\/\/edwardjones.site.findly.com\/fr-CA\/domaines-de-carriere\/sieges-sociaux\/\"},{\"@type\":\"ListItem\",\"position\":4,\"name\":\"Mississauga\"}]},{\"@type\":\"WebSite\",\"@id\":\"https:\/\/careers.edwardjones.com\/#website\",\"url\":\"https:\/\/careers.edwardjones.com\/\",\"name\":\"Edwardjones\",\"description\":\"ibee Demo Site\",\"potentialAction\":[{\"@type\":\"SearchAction\",\"target\":{\"@type\":\"EntryPoint\",\"urlTemplate\":\"https:\/\/careers.edwardjones.com\/?s={search_term_string}\"},\"query-input\":\"required name=search_term_string\"}],\"inLanguage\":\"fr-CA\"}]}<\/script>\n<!-- \/ Yoast SEO Premium plugin. -->","yoast_head_json":{"title":"Travaillez \u00e0 notre si\u00e8ge social de Mississauga | Edward Jones","description":"Situ\u00e9 au c\u0153ur de la ville, il offre une vue spectaculaire de Celebration Square. D\u00e9couvrez notre si\u00e8ge social.","robots":{"index":"index","follow":"follow","max-snippet":"max-snippet:-1","max-image-preview":"max-image-preview:large","max-video-preview":"max-video-preview:-1"},"canonical":"https:\/\/careers.edwardjones.com\/fr-CA\/domaines-de-carriere\/sieges-sociaux\/mississauga\/","og_locale":"fr_CA","og_type":"article","og_title":"Mississauga","og_description":"Situ\u00e9 au c\u0153ur de la ville, il offre une vue spectaculaire de Celebration Square. D\u00e9couvrez notre si\u00e8ge social.","og_url":"https:\/\/edwardjones.site.findly.com\/fr-CA\/domaines-de-carriere\/sieges-sociaux\/mississauga\/","og_site_name":"Edwardjones","article_modified_time":"2021-01-19T13:02:14+00:00","og_image":[{"width":200,"height":200,"url":"https:\/\/edwardjones.site.findly.com\/wp-content\/uploads\/sites\/3808\/2020\/10\/EdwardJonesCareers-logo-200x200px.jpg","type":"image\/jpeg"}],"twitter_misc":{"Estimation du temps de lecture":"5 minutes"},"schema":{"@context":"https:\/\/schema.org","@graph":[{"@type":"WebPage","@id":"https:\/\/edwardjones.site.findly.com\/fr-CA\/domaines-de-carriere\/sieges-sociaux\/mississauga\/","url":"https:\/\/edwardjones.site.findly.com\/fr-CA\/domaines-de-carriere\/sieges-sociaux\/mississauga\/","name":"Travaillez \u00e0 notre si\u00e8ge social de Mississauga | Edward Jones","isPartOf":{"@id":"https:\/\/careers.edwardjones.com\/#website"},"datePublished":"2020-12-28T13:36:46+00:00","dateModified":"2021-01-19T13:02:14+00:00","description":"Situ\u00e9 au c\u0153ur de la ville, il offre une vue spectaculaire de Celebration Square. D\u00e9couvrez notre si\u00e8ge social.","breadcrumb":{"@id":"https:\/\/edwardjones.site.findly.com\/fr-CA\/domaines-de-carriere\/sieges-sociaux\/mississauga\/#breadcrumb"},"inLanguage":"fr-CA","potentialAction":[{"@type":"ReadAction","target":["https:\/\/edwardjones.site.findly.com\/fr-CA\/domaines-de-carriere\/sieges-sociaux\/mississauga\/"]}]},{"@type":"BreadcrumbList","@id":"https:\/\/edwardjones.site.findly.com\/fr-CA\/domaines-de-carriere\/sieges-sociaux\/mississauga\/#breadcrumb","itemListElement":[{"@type":"ListItem","position":1,"name":"Home","item":"https:\/\/edwardjones.site.findly.com\/fr-CA\/"},{"@type":"ListItem","position":2,"name":"Domaines de carri\u00e8re","item":"https:\/\/careers.edwardjones.com\/career-areas\/"},{"@type":"ListItem","position":3,"name":"Si\u00e8ges sociaux","item":"https:\/\/edwardjones.site.findly.com\/fr-CA\/domaines-de-carriere\/sieges-sociaux\/"},{"@type":"ListItem","position":4,"name":"Mississauga"}]},{"@type":"WebSite","@id":"https:\/\/careers.edwardjones.com\/#website","url":"https:\/\/careers.edwardjones.com\/","name":"Edwardjones","description":"ibee Demo Site","potentialAction":[{"@type":"SearchAction","target":{"@type":"EntryPoint","urlTemplate":"https:\/\/careers.edwardjones.com\/?s={search_term_string}"},"query-input":"required name=search_term_string"}],"inLanguage":"fr-CA"}]}},"acf":[],"pgc_meta":"","_links":{"self":[{"href":"https:\/\/edwardjones.site.findly.com\/fr-CA\/wp-json\/wp\/v2\/pages\/19148","targetHints":{"allow":["GET"]}}],"collection":[{"href":"https:\/\/edwardjones.site.findly.com\/fr-CA\/wp-json\/wp\/v2\/pages"}],"about":[{"href":"https:\/\/edwardjones.site.findly.com\/fr-CA\/wp-json\/wp\/v2\/types\/page"}],"author":[{"embeddable":true,"href":"https:\/\/edwardjones.site.findly.com\/fr-CA\/wp-json\/wp\/v2\/users\/1415"}],"replies":[{"embeddable":true,"href":"https:\/\/edwardjones.site.findly.com\/fr-CA\/wp-json\/wp\/v2\/comments?post=19148"}],"version-history":[{"count":0,"href":"https:\/\/edwardjones.site.findly.com\/fr-CA\/wp-json\/wp\/v2\/pages\/19148\/revisions"}],"up":[{"embeddable":true,"href":"https:\/\/edwardjones.site.findly.com\/fr-CA\/wp-json\/wp\/v2\/pages\/19013"}],"wp:attachment":[{"href":"https:\/\/edwardjones.site.findly.com\/fr-CA\/wp-json\/wp\/v2\/media?parent=19148"}],"wp:term":[{"taxonomy":"persona","embeddable":true,"href":"https:\/\/edwardjones.site.findly.com\/fr-CA\/wp-json\/wp\/v2\/persona?post=19148"}],"curies":[{"name":"wp","href":"https:\/\/api.w.org\/{rel}","templated":true}]}}