{"id":19138,"date":"2020-12-28T12:13:34","date_gmt":"2020-12-28T12:13:34","guid":{"rendered":"https:\/\/careers.edwardjones.com\/?page_id=19138"},"modified":"2021-02-01T14:58:57","modified_gmt":"2021-02-01T14:58:57","slug":"processus-dembauche","status":"publish","type":"page","link":"https:\/\/edwardjones.site.findly.com\/fr-CA\/domaines-de-carriere\/sieges-sociaux\/processus-dembauche\/","title":{"rendered":"Processus d\u2019embauche"},"content":{"rendered":"<p>[av_section min_height=\u00a0\u00bb min_height_px=&rsquo;60px&rsquo; padding=&rsquo;no-padding&rsquo; shadow=&rsquo;no-border-styling&rsquo; bottom_border=&rsquo;no-border-styling&rsquo; bottom_border_diagonal_color=&rsquo;#333333&prime; bottom_border_diagonal_direction=\u00a0\u00bb bottom_border_style=\u00a0\u00bb id=\u00a0\u00bb color=&rsquo;main_color&rsquo; custom_bg=\u00a0\u00bb src=\u00a0\u00bb attachment=\u00a0\u00bb attachment_size=\u00a0\u00bb attach=&rsquo;scroll&rsquo; position=&rsquo;top left&rsquo; repeat=&rsquo;no-repeat&rsquo; video=\u00a0\u00bb video_ratio=&rsquo;16:9&prime; overlay_opacity=&rsquo;0.5&prime; overlay_color=\u00a0\u00bb overlay_pattern=\u00a0\u00bb overlay_custom_pattern=\u00a0\u00bb custom_class=&rsquo;breadcrumb-section minht0 pb40&prime;]<br \/>\n[av_textblock size=\u00a0\u00bb font_color=\u00a0\u00bb color=\u00a0\u00bb custom_class=\u00a0\u00bb]<br \/>\n[cws_bread_crumb separator=&gt;]<br \/>\n[\/av_textblock]<br \/>\n[\/av_section]<\/p>\n<p>[av_section min_height=\u00a0\u00bb min_height_px=&rsquo;500px&rsquo; padding=&rsquo;no-padding&rsquo; shadow=&rsquo;no-border-styling&rsquo; bottom_border=&rsquo;no-border-styling&rsquo; bottom_border_diagonal_color=&rsquo;#333333&prime; bottom_border_diagonal_direction=\u00a0\u00bb bottom_border_style=\u00a0\u00bb id=\u00a0\u00bb color=&rsquo;main_color&rsquo; custom_bg=\u00a0\u00bb src=\u00a0\u00bb attachment=\u00a0\u00bb attachment_size=\u00a0\u00bb attach=&rsquo;scroll&rsquo; position=&rsquo;top left&rsquo; repeat=&rsquo;no-repeat&rsquo; video=\u00a0\u00bb video_ratio=&rsquo;16:9&prime; overlay_opacity=&rsquo;0.5&prime; overlay_color=\u00a0\u00bb overlay_pattern=\u00a0\u00bb overlay_custom_pattern=\u00a0\u00bb custom_class=&rsquo;left-text-right-image reverse-col two-col-wideimg equal-wid image-l50 one-third-text fs-22banner&rsquo;]<br \/>\n[av_one_half first min_height=&rsquo;av-equal-height-column&rsquo; vertical_alignment=&rsquo;av-align-middle&rsquo; space=&rsquo;no_margin&rsquo; margin=&rsquo;0px&rsquo; margin_sync=&rsquo;true&rsquo; padding=&rsquo;0px&rsquo; padding_sync=&rsquo;true&rsquo; border=\u00a0\u00bb border_color=\u00a0\u00bb radius=&rsquo;0px&rsquo; radius_sync=&rsquo;true&rsquo; background_color=&rsquo;#f1f3f4&prime; src=\u00a0\u00bb attachment=\u00a0\u00bb attachment_size=\u00a0\u00bb background_position=&rsquo;top left&rsquo; background_repeat=&rsquo;no-repeat&rsquo; animation=\u00a0\u00bb mobile_display=\u00a0\u00bb custom_class=&rsquo;l-text&rsquo;]<\/p>\n<p>[av_textblock size=\u00a0\u00bb font_color=\u00a0\u00bb color=\u00a0\u00bb custom_class=\u00a0\u00bb]<\/p>\n<h1 id=\"pageHeaderTop\" tabindex=\"-1\">Pr\u00eat \u00e0 poser votre candidature? Suivez ces \u00e9tapes simples.<\/h1>\n<p>[\/av_textblock]<\/p>\n<p>[\/av_one_half][av_one_half min_height=&rsquo;av-equal-height-column&rsquo; vertical_alignment=&rsquo;av-align-middle&rsquo; space=&rsquo;no_margin&rsquo; margin=&rsquo;0px&rsquo; margin_sync=&rsquo;true&rsquo; padding=&rsquo;0px&rsquo; padding_sync=&rsquo;true&rsquo; border=\u00a0\u00bb border_color=\u00a0\u00bb radius=&rsquo;0px&rsquo; radius_sync=&rsquo;true&rsquo; background_color=\u00a0\u00bb src=\u00a0\u00bb attachment=\u00a0\u00bb attachment_size=\u00a0\u00bb background_position=&rsquo;top left&rsquo; background_repeat=&rsquo;no-repeat&rsquo; animation=\u00a0\u00bb mobile_display=\u00a0\u00bb custom_class=&rsquo;r-img&rsquo;]<\/p>\n<p>[av_image src=&rsquo;\/wp-content\/uploads\/sites\/1392\/2020\/12\/6p5p4-hero-1.jpg&rsquo; attachment=&rsquo;19140&prime; attachment_size=&rsquo;full&rsquo; align=&rsquo;right&rsquo; styling=\u00a0\u00bb hover=\u00a0\u00bb link=\u00a0\u00bb target=\u00a0\u00bb caption=\u00a0\u00bb font_size=\u00a0\u00bb appearance=\u00a0\u00bb overlay_opacity=&rsquo;0.4&prime; overlay_color=&rsquo;#000000&prime; overlay_text_color=&rsquo;#ffffff&rsquo; animation=&rsquo;no-animation&rsquo; custom_class=\u00a0\u00bb][\/av_image]<\/p>\n<p>[\/av_one_half]<br \/>\n[\/av_section]<\/p>\n<p>[av_section min_height=\u00a0\u00bb min_height_px=&rsquo;500px&rsquo; padding=&rsquo;no-padding&rsquo; shadow=&rsquo;no-border-styling&rsquo; bottom_border=&rsquo;no-border-styling&rsquo; bottom_border_diagonal_color=&rsquo;#333333&prime; bottom_border_diagonal_direction=\u00a0\u00bb bottom_border_style=\u00a0\u00bb id=\u00a0\u00bb color=&rsquo;main_color&rsquo; custom_bg=\u00a0\u00bb src=\u00a0\u00bb attachment=\u00a0\u00bb attachment_size=\u00a0\u00bb attach=&rsquo;scroll&rsquo; position=&rsquo;top left&rsquo; repeat=&rsquo;no-repeat&rsquo; video=\u00a0\u00bb video_ratio=&rsquo;16:9&prime; overlay_opacity=&rsquo;0.5&prime; overlay_color=\u00a0\u00bb overlay_pattern=\u00a0\u00bb overlay_custom_pattern=\u00a0\u00bb custom_class=&rsquo;pt90 pb100 search-widget-vertical-container&rsquo;]<\/p>\n<p>[av_three_fourth first min_height=\u00a0\u00bb vertical_alignment=&rsquo;av-align-top&rsquo; space=\u00a0\u00bb margin=&rsquo;0px&rsquo; margin_sync=&rsquo;true&rsquo; padding=&rsquo;0px&rsquo; padding_sync=&rsquo;true&rsquo; border=\u00a0\u00bb border_color=\u00a0\u00bb radius=&rsquo;0px&rsquo; radius_sync=&rsquo;true&rsquo; background_color=\u00a0\u00bb src=\u00a0\u00bb attachment=\u00a0\u00bb attachment_size=\u00a0\u00bb background_position=&rsquo;top left&rsquo; background_repeat=&rsquo;no-repeat&rsquo; animation=\u00a0\u00bb mobile_display=\u00a0\u00bb custom_class=\u00a0\u00bb]<\/p>\n<p>[av_textblock size=\u00a0\u00bb font_color=\u00a0\u00bb color=\u00a0\u00bb custom_class=\u00a0\u00bb]<\/p>\n<h2>Notre processus d\u2019embauche<\/h2>\n<p>[\/av_textblock]<\/p>\n<p>[av_textblock size=\u00a0\u00bb font_color=\u00a0\u00bb color=\u00a0\u00bb custom_class=&rsquo;our-hiring-process-steps-textblock&rsquo;]<\/p>\n<div class=\"our-hiring-process-steps pb30\">\n<div class=\"left-text\">\n<p class=\"pfs28 pcaps m0\">\u00c9tape 1<\/p>\n<h3>Soumettre votre curriculum vitae<\/h3>\n<p>Une fois que vous avez trouv\u00e9 un poste int\u00e9ressant, cr\u00e9ez un profil de candidat et soumettez votre curriculum vitae en ligne.<\/p>\n<\/div>\n<div class=\"right-img\"><img decoding=\"async\" src=\"\/wp-content\/uploads\/sites\/1392\/2020\/10\/edjones-metaphor-images_0004_istock-618830382.jpg\" alt=\"Bouton Soumettre sur le clavier d\u2019un ordinateur portable\" \/><\/div>\n<\/div>\n<div class=\"our-hiring-process-steps pt50 pb30\">\n<div class=\"left-text\">\n<p class=\"pfs28 pcaps m0\">\u00c9tape 2<\/p>\n<h3>Confirmation de r\u00e9ception de votre curriculum vitae<\/h3>\n<p>Vous recevrez un courriel de confirmation lorsque nous recevrons votre curriculum vitae (remarque : si vous avez un bloqueur de pourriels, veuillez vous assurer que vous pouvez recevoir des courriels de <a href=\"mailto:donotreply@trm.brassring.com\">donotreply@trm.brassring.com<\/a>).<\/p>\n<\/div>\n<div class=\"right-img\"><img decoding=\"async\" src=\"\/wp-content\/uploads\/sites\/1392\/2020\/10\/edjones-metaphor-images_0005_shutterstock_367328567.jpg\" alt=\"Enveloppe blanche tombant au sol\" \/><\/div>\n<\/div>\n<div class=\"our-hiring-process-steps pt50 pb30\">\n<div class=\"left-text\">\n<p class=\"pfs28 pcaps m0\">\u00c9tape 3<\/p>\n<h3>\u00c9valuation du recruteur<\/h3>\n<p>Un recruteur \u00e9valuera vos qualifications et invitera les candidats les plus qualifi\u00e9s \u00e0 participer \u00e0 notre processus de s\u00e9lection.<\/p>\n<\/div>\n<div class=\"right-img\"><img decoding=\"async\" src=\"\/wp-content\/uploads\/sites\/1392\/2020\/10\/edjones-metaphor-images_0002_iStock-172485805.jpg\" alt=\"Balance de la justice\" \/><\/div>\n<\/div>\n<div class=\"our-hiring-process-steps pt50 pb30\">\n<div class=\"left-text\">\n<p class=\"pfs28 pcaps m0\">\u00c9tape 4<\/p>\n<h3>Entrevue<\/h3>\n<p>Si vous \u00eates s\u00e9lectionn\u00e9 pour la prochaine \u00e9tape, vous participerez \u00e0 des entrevues sous divers formats, y compris une entrevue num\u00e9rique, une conversation t\u00e9l\u00e9phonique de suivi et une entrevue en personne ou virtuelle avec le responsable de l\u2019embauche.<\/p>\n<\/div>\n<div class=\"right-img\"><img decoding=\"async\" src=\"\/wp-content\/uploads\/sites\/1392\/2020\/10\/edjones-metaphor-images_0003_shutterstock_421163095.jpg\" alt=\"Bulles de texte\" \/><\/div>\n<\/div>\n<div class=\"our-hiring-process-steps pt50 pb30\">\n<div class=\"left-text\">\n<p class=\"pfs28 pcaps m0\">\u00c9tape 5<\/p>\n<h3>Participation \u00e0 l\u2019\u00e9valuation<\/h3>\n<p>Vous pourriez \u00e9galement \u00eatre invit\u00e9 \u00e0 participer \u00e0 une \u00e9valuation en ligne aux derni\u00e8res \u00e9tapes du processus.<\/p>\n<\/div>\n<div class=\"right-img\"><img decoding=\"async\" src=\"\/wp-content\/uploads\/sites\/1392\/2020\/10\/edjones-metaphor-images_0003_iStock-1173896966.jpg\" alt=\"Main tenant une tablette blanche\" \/><\/div>\n<\/div>\n<div class=\"our-hiring-process-steps pt50 pb30\">\n<div class=\"left-text\">\n<p class=\"pfs28 pcaps m0\">\u00c9tape 6<\/p>\n<h3>Derni\u00e8res \u00e9tapes de l\u2019\u00e9valuation et pr\u00e9sentation de l\u2019offre<\/h3>\n<p>Notre responsable de l\u2019embauche et le recruteur finalisent le processus d\u2019\u00e9valuation et d\u00e9terminent le candidat qui recevra une offre d\u2019emploi.<\/p>\n<\/div>\n<div class=\"right-img\"><img decoding=\"async\" src=\"\/wp-content\/uploads\/sites\/1392\/2020\/10\/edjones-metaphor-images_0000_iStock-1224265287.jpg\" alt=\"Neuf chevilles de bois plac\u00e9es en formation en \u00ab v \u00bb\" \/><\/div>\n<\/div>\n<div class=\"our-hiring-process-steps pt50 pb30\">\n<div class=\"left-text\">\n<p class=\"pfs28 pcaps m0\">\u00c9tape 7<\/p>\n<h3>V\u00e9rifications pr\u00e9alables \u00e0 l\u2019embauche<\/h3>\n<p>L\u2019embauche d\u2019un candidat est conditionnelle \u00e0 certaines v\u00e9rifications pr\u00e9alables, notamment des ant\u00e9c\u00e9dents.<\/p>\n<\/div>\n<div class=\"right-img\"><img decoding=\"async\" src=\"\/wp-content\/uploads\/sites\/1392\/2020\/10\/edjones-metaphor-images_0000_shutterstock_310847528.jpg\" alt=\"Loupe\" \/><\/div>\n<\/div>\n<div role=\"\u201dcomplementary\u201d\" class=\"pb20 pt50\">\n<p><em><span style=\"font-weight: 400;\">Gardez \u00e0 l\u2019esprit que le processus de recrutement complet peut prendre de deux semaines \u00e0 plusieurs mois, en fonction de facteurs comme le salaire, l\u2019emplacement g\u00e9ographique et le poste.<\/span><\/em><\/p>\n<p><em>Rechercher nos <a class=\"edj-link pb20\" href=\"\/fr-CA\/resultats-de-la-recherche-demploi\/?category=Headquarters&amp;location=Canada&amp;country=CA&amp;radius=25\">offres d\u2019emploi actuelles<\/a> et postuler \u00e0 un poste au si\u00e8ge social d\u2019Edward Jones.<\/em><\/p>\n<\/div>\n<p>[\/av_textblock]<\/p>\n<p>[av_textblock size=\u00a0\u00bb font_color=\u00a0\u00bb color=\u00a0\u00bb custom_class=&rsquo;h2fs20 h2pb0 pt50&prime;]<\/p>\n<h2>Conseils pour une entrevue r\u00e9ussie<\/h2>\n<p>Le processus d\u2019entrevue nous permet d\u2019apprendre \u00e0 vous conna\u00eetre et vous permet d\u2019en savoir plus sur nous. Nous tenons \u00e0 ce que vous soyez le mieux pr\u00e9par\u00e9 possible, de sorte que votre entrevue nous aide tous les deux \u00e0 d\u00e9terminer si un poste chez Edward Jones vous conviendrait<\/p>\n<p>Nous mettons l\u2019accent sur plusieurs comp\u00e9tences li\u00e9es \u00e0 votre exp\u00e9rience ant\u00e9rieure. Cela nous aide \u00e0 comprendre comment vous avez abord\u00e9 diverses situations professionnelles par le pass\u00e9 et ce que vous avez appris.<\/p>\n<p class=\"m0\">Lorsque vous vous pr\u00e9parez pour une entrevue avec nous, tenez compte de ce qui suit :<\/p>\n<ul class=\"pb20\">\n<li>\u00c9tudiez la description du poste pour comprendre le lien avec votre exp\u00e9rience ant\u00e9rieure;<\/li>\n<li>Soyez pr\u00eat \u00e0 discuter de cas pr\u00e9cis et \u00e0 donner des exemples v\u00e9cus dans le cadre de vos emplois pr\u00e9c\u00e9dents qui sont directement li\u00e9s \u00e0 ce qui est demand\u00e9 dans la description du poste ou des fonctions.<\/li>\n<\/ul>\n<p class=\"m0\">R\u00e9pondez aux questions d\u2019entrevue de la mani\u00e8re suivante :<\/p>\n<ul>\n<li>R\u00e9sumez bri\u00e8vement la situation ou le sc\u00e9nario;<\/li>\n<li>Expliquez VOTRE contribution ou la fa\u00e7on dont vous avez agi;<\/li>\n<li>Expliquez le r\u00e9sultat et (le cas \u00e9ch\u00e9ant) ce que vous avez appris;<\/li>\n<li>Restez concentr\u00e9 et ne vous \u00e9loignez pas du sujet;<\/li>\n<li>Pr\u00e9parez-vous \u00e0 poser des questions r\u00e9fl\u00e9chies;<\/li>\n<li>PRATIQUEZ-VOUS avec un ami ou un membre de votre famille en qui vous avez confiance.<\/li>\n<\/ul>\n<p>[\/av_textblock]<\/p>\n<p>[\/av_three_fourth][av_one_fourth min_height=\u00a0\u00bb vertical_alignment=&rsquo;av-align-top&rsquo; space=\u00a0\u00bb margin=&rsquo;0px&rsquo; margin_sync=&rsquo;true&rsquo; padding=&rsquo;0px&rsquo; padding_sync=&rsquo;true&rsquo; border=\u00a0\u00bb border_color=\u00a0\u00bb radius=&rsquo;0px&rsquo; radius_sync=&rsquo;true&rsquo; background_color=&rsquo;#fde57f&rsquo; src=\u00a0\u00bb attachment=\u00a0\u00bb attachment_size=\u00a0\u00bb background_position=&rsquo;top left&rsquo; background_repeat=&rsquo;no-repeat&rsquo; animation=\u00a0\u00bb mobile_display=\u00a0\u00bb custom_class=&rsquo;search-widget search-widget-vertical&rsquo;]<\/p>\n<p>[av_sidebar widget_area=&rsquo;Home &#8211; fr-CA Under banner Job Search Widget &lsquo;]<\/p>\n<p>[\/av_one_fourth][\/av_section]<\/p>\n","protected":false},"excerpt":{"rendered":"<p>[av_section min_height=\u00a0\u00bb min_height_px=&rsquo;60px&rsquo; padding=&rsquo;no-padding&rsquo; shadow=&rsquo;no-border-styling&rsquo; bottom_border=&rsquo;no-border-styling&rsquo; bottom_border_diagonal_color=&rsquo;#333333&prime; bottom_border_diagonal_direction=\u00a0\u00bb bottom_border_style=\u00a0\u00bb id=\u00a0\u00bb<\/p>\n","protected":false},"author":1415,"featured_media":0,"parent":19013,"menu_order":0,"comment_status":"closed","ping_status":"closed","template":"100-width.php","meta":{"_acf_changed":false,"pgc_meta":"","footnotes":""},"persona":[],"class_list":["post-19138","page","type-page","status-publish","hentry"],"yoast_head":"<!-- This site is optimized with the Yoast SEO Premium plugin v23.0 (Yoast SEO v23.0) - https:\/\/yoast.com\/wordpress\/plugins\/seo\/ -->\n<title>Envoyez votre curriculum vitae en ligne pour postuler pour un emploi au si\u00e8ge social de Mississauga, en Ontario | Edward Jones<\/title>\n<meta name=\"description\" content=\"\u00cates-vous pr\u00eat \u00e0 postuler pour un emploi \u00e0 nos si\u00e8ges sociaux? Vous n\u2019avez qu\u2019\u00e0 soumettre votre curriculum vitae en ligne, et nous nous chargerons du reste. Soumettez votre candidature d\u00e8s maintenant.\" \/>\n<meta name=\"robots\" content=\"index, follow, max-snippet:-1, max-image-preview:large, max-video-preview:-1\" \/>\n<link rel=\"canonical\" href=\"https:\/\/careers.edwardjones.com\/fr-CA\/domaines-de-carriere\/sieges-sociaux\/processus-dembauche\/\" \/>\n<meta property=\"og:locale\" content=\"fr_CA\" \/>\n<meta property=\"og:type\" content=\"article\" \/>\n<meta property=\"og:title\" content=\"Processus d\u2019embauche\" \/>\n<meta property=\"og:description\" content=\"\u00cates-vous pr\u00eat \u00e0 postuler pour un emploi \u00e0 nos si\u00e8ges sociaux? Vous n\u2019avez qu\u2019\u00e0 soumettre votre curriculum vitae en ligne, et nous nous chargerons du reste. Soumettez votre candidature d\u00e8s maintenant.\" \/>\n<meta property=\"og:url\" content=\"https:\/\/edwardjones.site.findly.com\/fr-CA\/domaines-de-carriere\/sieges-sociaux\/processus-dembauche\/\" \/>\n<meta property=\"og:site_name\" content=\"Edwardjones\" \/>\n<meta property=\"article:modified_time\" content=\"2021-02-01T14:58:57+00:00\" \/>\n<meta property=\"og:image\" content=\"https:\/\/edwardjones.site.findly.com\/wp-content\/uploads\/sites\/3808\/2020\/10\/EdwardJonesCareers-logo-200x200px.jpg\" \/>\n\t<meta property=\"og:image:width\" content=\"200\" \/>\n\t<meta property=\"og:image:height\" content=\"200\" \/>\n\t<meta property=\"og:image:type\" content=\"image\/jpeg\" \/>\n<meta name=\"twitter:label1\" content=\"Estimation du temps de lecture\" \/>\n\t<meta name=\"twitter:data1\" content=\"6 minutes\" \/>\n<script type=\"application\/ld+json\" class=\"yoast-schema-graph\">{\"@context\":\"https:\/\/schema.org\",\"@graph\":[{\"@type\":\"WebPage\",\"@id\":\"https:\/\/edwardjones.site.findly.com\/fr-CA\/domaines-de-carriere\/sieges-sociaux\/processus-dembauche\/\",\"url\":\"https:\/\/edwardjones.site.findly.com\/fr-CA\/domaines-de-carriere\/sieges-sociaux\/processus-dembauche\/\",\"name\":\"Envoyez votre curriculum vitae en ligne pour postuler pour un emploi au si\u00e8ge social de Mississauga, en Ontario | Edward Jones\",\"isPartOf\":{\"@id\":\"https:\/\/careers.edwardjones.com\/#website\"},\"datePublished\":\"2020-12-28T12:13:34+00:00\",\"dateModified\":\"2021-02-01T14:58:57+00:00\",\"description\":\"\u00cates-vous pr\u00eat \u00e0 postuler pour un emploi \u00e0 nos si\u00e8ges sociaux? Vous n\u2019avez qu\u2019\u00e0 soumettre votre curriculum vitae en ligne, et nous nous chargerons du reste. Soumettez votre candidature d\u00e8s maintenant.\",\"breadcrumb\":{\"@id\":\"https:\/\/edwardjones.site.findly.com\/fr-CA\/domaines-de-carriere\/sieges-sociaux\/processus-dembauche\/#breadcrumb\"},\"inLanguage\":\"fr-CA\",\"potentialAction\":[{\"@type\":\"ReadAction\",\"target\":[\"https:\/\/edwardjones.site.findly.com\/fr-CA\/domaines-de-carriere\/sieges-sociaux\/processus-dembauche\/\"]}]},{\"@type\":\"BreadcrumbList\",\"@id\":\"https:\/\/edwardjones.site.findly.com\/fr-CA\/domaines-de-carriere\/sieges-sociaux\/processus-dembauche\/#breadcrumb\",\"itemListElement\":[{\"@type\":\"ListItem\",\"position\":1,\"name\":\"Home\",\"item\":\"https:\/\/edwardjones.site.findly.com\/fr-CA\/\"},{\"@type\":\"ListItem\",\"position\":2,\"name\":\"Domaines de carri\u00e8re\",\"item\":\"https:\/\/edwardjones.site.findly.com\/fr-CA\/domaines-de-carriere\/\"},{\"@type\":\"ListItem\",\"position\":3,\"name\":\"Si\u00e8ges sociaux\",\"item\":\"https:\/\/edwardjones.site.findly.com\/fr-CA\/domaines-de-carriere\/sieges-sociaux\/\"},{\"@type\":\"ListItem\",\"position\":4,\"name\":\"Processus d\u2019embauche\"}]},{\"@type\":\"WebSite\",\"@id\":\"https:\/\/careers.edwardjones.com\/#website\",\"url\":\"https:\/\/careers.edwardjones.com\/\",\"name\":\"Edwardjones\",\"description\":\"ibee Demo Site\",\"potentialAction\":[{\"@type\":\"SearchAction\",\"target\":{\"@type\":\"EntryPoint\",\"urlTemplate\":\"https:\/\/careers.edwardjones.com\/?s={search_term_string}\"},\"query-input\":\"required name=search_term_string\"}],\"inLanguage\":\"fr-CA\"}]}<\/script>\n<!-- \/ Yoast SEO Premium plugin. -->","yoast_head_json":{"title":"Envoyez votre curriculum vitae en ligne pour postuler pour un emploi au si\u00e8ge social de Mississauga, en Ontario | Edward Jones","description":"\u00cates-vous pr\u00eat \u00e0 postuler pour un emploi \u00e0 nos si\u00e8ges sociaux? Vous n\u2019avez qu\u2019\u00e0 soumettre votre curriculum vitae en ligne, et nous nous chargerons du reste. Soumettez votre candidature d\u00e8s maintenant.","robots":{"index":"index","follow":"follow","max-snippet":"max-snippet:-1","max-image-preview":"max-image-preview:large","max-video-preview":"max-video-preview:-1"},"canonical":"https:\/\/careers.edwardjones.com\/fr-CA\/domaines-de-carriere\/sieges-sociaux\/processus-dembauche\/","og_locale":"fr_CA","og_type":"article","og_title":"Processus d\u2019embauche","og_description":"\u00cates-vous pr\u00eat \u00e0 postuler pour un emploi \u00e0 nos si\u00e8ges sociaux? Vous n\u2019avez qu\u2019\u00e0 soumettre votre curriculum vitae en ligne, et nous nous chargerons du reste. Soumettez votre candidature d\u00e8s maintenant.","og_url":"https:\/\/edwardjones.site.findly.com\/fr-CA\/domaines-de-carriere\/sieges-sociaux\/processus-dembauche\/","og_site_name":"Edwardjones","article_modified_time":"2021-02-01T14:58:57+00:00","og_image":[{"width":200,"height":200,"url":"https:\/\/edwardjones.site.findly.com\/wp-content\/uploads\/sites\/3808\/2020\/10\/EdwardJonesCareers-logo-200x200px.jpg","type":"image\/jpeg"}],"twitter_misc":{"Estimation du temps de lecture":"6 minutes"},"schema":{"@context":"https:\/\/schema.org","@graph":[{"@type":"WebPage","@id":"https:\/\/edwardjones.site.findly.com\/fr-CA\/domaines-de-carriere\/sieges-sociaux\/processus-dembauche\/","url":"https:\/\/edwardjones.site.findly.com\/fr-CA\/domaines-de-carriere\/sieges-sociaux\/processus-dembauche\/","name":"Envoyez votre curriculum vitae en ligne pour postuler pour un emploi au si\u00e8ge social de Mississauga, en Ontario | Edward Jones","isPartOf":{"@id":"https:\/\/careers.edwardjones.com\/#website"},"datePublished":"2020-12-28T12:13:34+00:00","dateModified":"2021-02-01T14:58:57+00:00","description":"\u00cates-vous pr\u00eat \u00e0 postuler pour un emploi \u00e0 nos si\u00e8ges sociaux? Vous n\u2019avez qu\u2019\u00e0 soumettre votre curriculum vitae en ligne, et nous nous chargerons du reste. Soumettez votre candidature d\u00e8s maintenant.","breadcrumb":{"@id":"https:\/\/edwardjones.site.findly.com\/fr-CA\/domaines-de-carriere\/sieges-sociaux\/processus-dembauche\/#breadcrumb"},"inLanguage":"fr-CA","potentialAction":[{"@type":"ReadAction","target":["https:\/\/edwardjones.site.findly.com\/fr-CA\/domaines-de-carriere\/sieges-sociaux\/processus-dembauche\/"]}]},{"@type":"BreadcrumbList","@id":"https:\/\/edwardjones.site.findly.com\/fr-CA\/domaines-de-carriere\/sieges-sociaux\/processus-dembauche\/#breadcrumb","itemListElement":[{"@type":"ListItem","position":1,"name":"Home","item":"https:\/\/edwardjones.site.findly.com\/fr-CA\/"},{"@type":"ListItem","position":2,"name":"Domaines de carri\u00e8re","item":"https:\/\/edwardjones.site.findly.com\/fr-CA\/domaines-de-carriere\/"},{"@type":"ListItem","position":3,"name":"Si\u00e8ges sociaux","item":"https:\/\/edwardjones.site.findly.com\/fr-CA\/domaines-de-carriere\/sieges-sociaux\/"},{"@type":"ListItem","position":4,"name":"Processus d\u2019embauche"}]},{"@type":"WebSite","@id":"https:\/\/careers.edwardjones.com\/#website","url":"https:\/\/careers.edwardjones.com\/","name":"Edwardjones","description":"ibee Demo Site","potentialAction":[{"@type":"SearchAction","target":{"@type":"EntryPoint","urlTemplate":"https:\/\/careers.edwardjones.com\/?s={search_term_string}"},"query-input":"required name=search_term_string"}],"inLanguage":"fr-CA"}]}},"acf":[],"pgc_meta":"","_links":{"self":[{"href":"https:\/\/edwardjones.site.findly.com\/fr-CA\/wp-json\/wp\/v2\/pages\/19138","targetHints":{"allow":["GET"]}}],"collection":[{"href":"https:\/\/edwardjones.site.findly.com\/fr-CA\/wp-json\/wp\/v2\/pages"}],"about":[{"href":"https:\/\/edwardjones.site.findly.com\/fr-CA\/wp-json\/wp\/v2\/types\/page"}],"author":[{"embeddable":true,"href":"https:\/\/edwardjones.site.findly.com\/fr-CA\/wp-json\/wp\/v2\/users\/1415"}],"replies":[{"embeddable":true,"href":"https:\/\/edwardjones.site.findly.com\/fr-CA\/wp-json\/wp\/v2\/comments?post=19138"}],"version-history":[{"count":0,"href":"https:\/\/edwardjones.site.findly.com\/fr-CA\/wp-json\/wp\/v2\/pages\/19138\/revisions"}],"up":[{"embeddable":true,"href":"https:\/\/edwardjones.site.findly.com\/fr-CA\/wp-json\/wp\/v2\/pages\/19013"}],"wp:attachment":[{"href":"https:\/\/edwardjones.site.findly.com\/fr-CA\/wp-json\/wp\/v2\/media?parent=19138"}],"wp:term":[{"taxonomy":"persona","embeddable":true,"href":"https:\/\/edwardjones.site.findly.com\/fr-CA\/wp-json\/wp\/v2\/persona?post=19138"}],"curies":[{"name":"wp","href":"https:\/\/api.w.org\/{rel}","templated":true}]}}