{"id":19123,"date":"2020-12-27T19:59:18","date_gmt":"2020-12-27T19:59:18","guid":{"rendered":"https:\/\/careers.edwardjones.com\/?page_id=19123"},"modified":"2021-02-02T20:00:42","modified_gmt":"2021-02-02T20:00:42","slug":"soutien-et-perfectionnement","status":"publish","type":"page","link":"https:\/\/edwardjones.site.findly.com\/fr-CA\/domaines-de-carriere\/sieges-sociaux\/soutien-et-perfectionnement\/","title":{"rendered":"Soutien et perfectionnement"},"content":{"rendered":"<p>[av_section min_height=\u00a0\u00bb min_height_px=&rsquo;60px&rsquo; padding=&rsquo;no-padding&rsquo; shadow=&rsquo;no-border-styling&rsquo; bottom_border=&rsquo;no-border-styling&rsquo; bottom_border_diagonal_color=&rsquo;#333333&prime; bottom_border_diagonal_direction=\u00a0\u00bb bottom_border_style=\u00a0\u00bb id=\u00a0\u00bb color=&rsquo;main_color&rsquo; custom_bg=\u00a0\u00bb src=\u00a0\u00bb attachment=\u00a0\u00bb attachment_size=\u00a0\u00bb attach=&rsquo;scroll&rsquo; position=&rsquo;top left&rsquo; repeat=&rsquo;no-repeat&rsquo; video=\u00a0\u00bb video_ratio=&rsquo;16:9&prime; overlay_opacity=&rsquo;0.5&prime; overlay_color=\u00a0\u00bb overlay_pattern=\u00a0\u00bb overlay_custom_pattern=\u00a0\u00bb custom_class=&rsquo;breadcrumb-section minht0 pb40&prime;]<br \/>\n[av_textblock size=\u00a0\u00bb font_color=\u00a0\u00bb color=\u00a0\u00bb custom_class=\u00a0\u00bb]<br \/>\n[cws_bread_crumb separator=&gt;]<br \/>\n[\/av_textblock]<br \/>\n[\/av_section]<\/p>\n<p>[av_section min_height=\u00a0\u00bb min_height_px=&rsquo;500px&rsquo; padding=&rsquo;no-padding&rsquo; shadow=&rsquo;no-border-styling&rsquo; bottom_border=&rsquo;no-border-styling&rsquo; bottom_border_diagonal_color=&rsquo;#333333&prime; bottom_border_diagonal_direction=\u00a0\u00bb bottom_border_style=\u00a0\u00bb id=\u00a0\u00bb color=&rsquo;main_color&rsquo; custom_bg=\u00a0\u00bb src=\u00a0\u00bb attachment=\u00a0\u00bb attachment_size=\u00a0\u00bb attach=&rsquo;scroll&rsquo; position=&rsquo;top left&rsquo; repeat=&rsquo;no-repeat&rsquo; video=\u00a0\u00bb video_ratio=&rsquo;16:9&prime; overlay_opacity=&rsquo;0.5&prime; overlay_color=\u00a0\u00bb overlay_pattern=\u00a0\u00bb overlay_custom_pattern=\u00a0\u00bb custom_class=&rsquo;left-text-right-image reverse-col small-image pb130&prime;]<br \/>\n[av_one_half first min_height=&rsquo;av-equal-height-column&rsquo; vertical_alignment=&rsquo;av-align-middle&rsquo; space=&rsquo;no_margin&rsquo; margin=&rsquo;0px&rsquo; margin_sync=&rsquo;true&rsquo; padding=&rsquo;0px&rsquo; padding_sync=&rsquo;true&rsquo; border=\u00a0\u00bb border_color=\u00a0\u00bb radius=&rsquo;0px&rsquo; radius_sync=&rsquo;true&rsquo; background_color=&rsquo;#f1f3f4&prime; src=\u00a0\u00bb attachment=\u00a0\u00bb attachment_size=\u00a0\u00bb background_position=&rsquo;top left&rsquo; background_repeat=&rsquo;no-repeat&rsquo; animation=\u00a0\u00bb mobile_display=\u00a0\u00bb custom_class=&rsquo;l-text&rsquo;]<\/p>\n<p>[av_textblock size=\u00a0\u00bb font_color=\u00a0\u00bb color=\u00a0\u00bb custom_class=\u00a0\u00bb]<\/p>\n<h1>Formation pour vous aider \u00e0 r\u00e9ussir, \u00e0 vous surpasser et \u00e0 diriger.<\/h1>\n<p>C\u2019est votre destin. Il vous appartient. Gr\u00e2ce \u00e0 une formation personnalis\u00e9e, nous vous aiderons \u00e0 le concr\u00e9tiser. Les comp\u00e9tences et l\u2019exp\u00e9rience que vous apportez nous sont pr\u00e9cieuses et nous trouverons des occasions de vous faire participer \u00e0 des projets o\u00f9 vous pourrez perfectionner ces comp\u00e9tences et en acqu\u00e9rir de nouvelles.<br \/>\n[\/av_textblock]<\/p>\n<p>[\/av_one_half][av_one_half min_height=\u00a0\u00bb vertical_alignment=&rsquo;av-align-top&rsquo; space=\u00a0\u00bb margin=&rsquo;0px&rsquo; margin_sync=&rsquo;true&rsquo; padding=&rsquo;0px&rsquo; padding_sync=&rsquo;true&rsquo; border=\u00a0\u00bb border_color=\u00a0\u00bb radius=&rsquo;0px&rsquo; radius_sync=&rsquo;true&rsquo; background_color=\u00a0\u00bb src=\u00a0\u00bb attachment=\u00a0\u00bb attachment_size=\u00a0\u00bb background_position=&rsquo;top left&rsquo; background_repeat=&rsquo;no-repeat&rsquo; animation=\u00a0\u00bb mobile_display=\u00a0\u00bb custom_class=&rsquo;r-img&rsquo;]<\/p>\n<p>[av_image src=&rsquo;\/wp-content\/uploads\/sites\/1392\/2020\/12\/image-16.jpg&rsquo; attachment=&rsquo;19125&prime; attachment_size=&rsquo;full&rsquo; align=&rsquo;right&rsquo; styling=\u00a0\u00bb hover=\u00a0\u00bb link=\u00a0\u00bb target=\u00a0\u00bb caption=\u00a0\u00bb font_size=\u00a0\u00bb appearance=\u00a0\u00bb overlay_opacity=&rsquo;0.4&prime; overlay_color=&rsquo;#000000&prime; overlay_text_color=&rsquo;#ffffff&rsquo; animation=&rsquo;no-animation&rsquo; custom_class=\u00a0\u00bb][\/av_image]<\/p>\n<p>[\/av_one_half]<br \/>\n[\/av_section]<\/p>\n<p>[av_section min_height=\u00a0\u00bb min_height_px=&rsquo;500px&rsquo; padding=&rsquo;no-padding&rsquo; shadow=&rsquo;no-border-styling&rsquo; bottom_border=&rsquo;no-border-styling&rsquo; bottom_border_diagonal_color=&rsquo;#333333&prime; bottom_border_diagonal_direction=\u00a0\u00bb bottom_border_style=\u00a0\u00bb id=\u00a0\u00bb color=&rsquo;main_color&rsquo; custom_bg=\u00a0\u00bb src=\u00a0\u00bb attachment=\u00a0\u00bb attachment_size=\u00a0\u00bb attach=&rsquo;scroll&rsquo; position=&rsquo;top left&rsquo; repeat=&rsquo;no-repeat&rsquo; video=\u00a0\u00bb video_ratio=&rsquo;16:9&prime; overlay_opacity=&rsquo;0.5&prime; overlay_color=\u00a0\u00bb overlay_pattern=\u00a0\u00bb overlay_custom_pattern=\u00a0\u00bb custom_class=&rsquo;pb130 search-widget-vertical-container&rsquo;]<\/p>\n<p>[av_three_fourth first min_height=\u00a0\u00bb vertical_alignment=&rsquo;av-align-top&rsquo; space=\u00a0\u00bb margin=&rsquo;0px&rsquo; margin_sync=&rsquo;true&rsquo; padding=&rsquo;0px&rsquo; padding_sync=&rsquo;true&rsquo; border=\u00a0\u00bb border_color=\u00a0\u00bb radius=&rsquo;0px&rsquo; radius_sync=&rsquo;true&rsquo; background_color=\u00a0\u00bb src=\u00a0\u00bb attachment=\u00a0\u00bb attachment_size=\u00a0\u00bb background_position=&rsquo;top left&rsquo; background_repeat=&rsquo;no-repeat&rsquo; animation=\u00a0\u00bb mobile_display=\u00a0\u00bb custom_class=\u00a0\u00bb]<\/p>\n<p>[av_textblock size=\u00a0\u00bb font_color=\u00a0\u00bb color=\u00a0\u00bb custom_class=&rsquo;h2fs20 h2pb0&prime;]<br \/>\nCe qui commence par une formation et un mentorat officiels peut rapidement \u00e9voluer vers le jumelage d\u2019emploi, l\u2019apprentissage entre diff\u00e9rents services et les occasions de direction \u00e0 l\u2019\u00e9chelle des divisions, des services et des r\u00f4les en profitant de votre cr\u00e9ativit\u00e9 et en vous aidant \u00e0 d\u00e9couvrir la mani\u00e8re dont vous pouvez contribuer au plus haut niveau, devenir un leader et b\u00e2tir la carri\u00e8re de vos r\u00eaves.<\/p>\n<h2>Formation officielle<\/h2>\n<p>Nos programmes de formation structur\u00e9s sont adapt\u00e9s \u00e0 vos besoins individuels. Nous encouragerons et soutiendrons votre d\u00e9veloppement professionnel tout au long de votre carri\u00e8re. En fonction de vos int\u00e9r\u00eats et de vos besoins en mati\u00e8re de perfectionnement, vous pourrez r\u00e9aliser des formations qui vous aideront \u00e0 mieux comprendre nos produits, \u00e0 am\u00e9liorer vos comp\u00e9tences en gestion ou \u00e0 accro\u00eetre vos capacit\u00e9s dans un certain nombre de domaines. Votre formation pourrait vous donner l\u2019occasion d\u2019en apprendre davantage sur un autre domaine de la soci\u00e9t\u00e9 en \u00e9tant jumel\u00e9 \u00e0 un coll\u00e8gue. La formation officielle se poursuit longtemps apr\u00e8s la fin des cours, au moyen de la mise en application en milieu de travail, de l\u2019\u00e9largissement des responsabilit\u00e9s, de l\u2019encadrement et de la r\u00e9troaction et du soutien au rendement.<\/p>\n<h2>Mentorat<\/h2>\n<p>Nous offrons \u00e0 tous les associ\u00e9s des si\u00e8ges sociaux des occasions de mentorat officiel dans le cadre de notre programme de mentorat d\u2019accueil. Le mentorat est un d\u00e9veloppement bidirectionnel. Pour les mentor\u00e9s, il s\u2019agit d\u2019une occasion d\u2019apprendre d\u2019une personne qui a une exp\u00e9rience qui diff\u00e8re de la v\u00f4tre. Les mentors sont en mesure de perfectionner et m\u00eame d\u2019approfondir leur compr\u00e9hension d\u2019un sujet pr\u00e9cis tout en encadrant leurs mentor\u00e9s. Dans les deux cas, il s\u2019agit d\u2019une occasion inestimable de voir les choses du point de vue de quelqu\u2019un d\u2019autre et de cro\u00eetre en parall\u00e8le \u00e0 son propre perfectionnement.<\/p>\n<h2>Formation continue<\/h2>\n<p>Le perfectionnement professionnel ne se limite pas \u00e0 la formation que nous offrons chez Edward Jones. De nombreux postes requi\u00e8rent ou encouragent l\u2019obtention de permis ou de titres professionnels pour approfondir l\u2019expertise (p. ex., CCVM, CMNC, PQAP, etc.). Nous offrons \u00e9galement le remboursement des frais de scolarit\u00e9 \u00e0 ceux qui travaillent en vue d\u2019obtenir un dipl\u00f4me de premier cycle ou d\u2019\u00e9tudes sup\u00e9rieures.<br \/>\n[\/av_textblock]<\/p>\n<p>[\/av_three_fourth][av_one_fourth min_height=\u00a0\u00bb vertical_alignment=&rsquo;av-align-top&rsquo; space=\u00a0\u00bb margin=&rsquo;0px&rsquo; margin_sync=&rsquo;true&rsquo; padding=&rsquo;0px&rsquo; padding_sync=&rsquo;true&rsquo; border=\u00a0\u00bb border_color=\u00a0\u00bb radius=&rsquo;0px&rsquo; radius_sync=&rsquo;true&rsquo; background_color=&rsquo;#fde57f&rsquo; src=\u00a0\u00bb attachment=\u00a0\u00bb attachment_size=\u00a0\u00bb background_position=&rsquo;top left&rsquo; background_repeat=&rsquo;no-repeat&rsquo; animation=\u00a0\u00bb mobile_display=\u00a0\u00bb custom_class=&rsquo;search-widget search-widget-vertical&rsquo;]<\/p>\n<p>[av_sidebar widget_area=&rsquo;Home &#8211; fr-CA Under banner Job Search Widget &lsquo;]<\/p>\n<p>[\/av_one_fourth][\/av_section]<\/p>\n","protected":false},"excerpt":{"rendered":"<p>[av_section min_height=\u00a0\u00bb min_height_px=&rsquo;60px&rsquo; padding=&rsquo;no-padding&rsquo; shadow=&rsquo;no-border-styling&rsquo; bottom_border=&rsquo;no-border-styling&rsquo; bottom_border_diagonal_color=&rsquo;#333333&prime; bottom_border_diagonal_direction=\u00a0\u00bb bottom_border_style=\u00a0\u00bb id=\u00a0\u00bb<\/p>\n","protected":false},"author":423,"featured_media":0,"parent":19013,"menu_order":0,"comment_status":"closed","ping_status":"closed","template":"100-width.php","meta":{"_acf_changed":false,"pgc_meta":"","footnotes":""},"persona":[],"class_list":["post-19123","page","type-page","status-publish","hentry"],"yoast_head":"<!-- This site is optimized with the Yoast SEO Premium plugin v23.0 (Yoast SEO v23.0) - https:\/\/yoast.com\/wordpress\/plugins\/seo\/ -->\n<title>Formation et perfectionnement personnalis\u00e9s pour les associ\u00e9s des si\u00e8ges sociaux | Edward Jones<\/title>\n<meta name=\"description\" content=\"Formation officielle et en cours d\u2019emploi pour nos professionnels des si\u00e8ges sociaux de Mississauga, en Ontario, et de Saint-Louis, au Missouri, ax\u00e9e sur l\u2019apprentissage multiservices et les occasions de leadership. Propulsez votre carri\u00e8re chez Edward Jones.\" \/>\n<meta name=\"robots\" content=\"index, follow, max-snippet:-1, max-image-preview:large, max-video-preview:-1\" \/>\n<link rel=\"canonical\" href=\"https:\/\/careers.edwardjones.com\/fr-CA\/domaines-de-carriere\/sieges-sociaux\/soutien-et-perfectionnement\/\" \/>\n<meta property=\"og:locale\" content=\"fr_CA\" \/>\n<meta property=\"og:type\" content=\"article\" \/>\n<meta property=\"og:title\" content=\"Soutien et perfectionnement\" \/>\n<meta property=\"og:description\" content=\"Formation officielle et en cours d\u2019emploi pour nos professionnels des si\u00e8ges sociaux de Mississauga, en Ontario, et de Saint-Louis, au Missouri, ax\u00e9e sur l\u2019apprentissage multiservices et les occasions de leadership. Propulsez votre carri\u00e8re chez Edward Jones.\" \/>\n<meta property=\"og:url\" content=\"https:\/\/edwardjones.site.findly.com\/fr-CA\/domaines-de-carriere\/sieges-sociaux\/soutien-et-perfectionnement\/\" \/>\n<meta property=\"og:site_name\" content=\"Edwardjones\" \/>\n<meta property=\"article:modified_time\" content=\"2021-02-02T20:00:42+00:00\" \/>\n<meta property=\"og:image\" content=\"https:\/\/edwardjones.site.findly.com\/wp-content\/uploads\/sites\/3808\/2020\/10\/EdwardJonesCareers-logo-200x200px.jpg\" \/>\n\t<meta property=\"og:image:width\" content=\"200\" \/>\n\t<meta property=\"og:image:height\" content=\"200\" \/>\n\t<meta property=\"og:image:type\" content=\"image\/jpeg\" \/>\n<meta name=\"twitter:label1\" content=\"Estimation du temps de lecture\" \/>\n\t<meta name=\"twitter:data1\" content=\"5 minutes\" \/>\n<script type=\"application\/ld+json\" class=\"yoast-schema-graph\">{\"@context\":\"https:\/\/schema.org\",\"@graph\":[{\"@type\":\"WebPage\",\"@id\":\"https:\/\/edwardjones.site.findly.com\/fr-CA\/domaines-de-carriere\/sieges-sociaux\/soutien-et-perfectionnement\/\",\"url\":\"https:\/\/edwardjones.site.findly.com\/fr-CA\/domaines-de-carriere\/sieges-sociaux\/soutien-et-perfectionnement\/\",\"name\":\"Formation et perfectionnement personnalis\u00e9s pour les associ\u00e9s des si\u00e8ges sociaux | Edward Jones\",\"isPartOf\":{\"@id\":\"https:\/\/careers.edwardjones.com\/#website\"},\"datePublished\":\"2020-12-27T19:59:18+00:00\",\"dateModified\":\"2021-02-02T20:00:42+00:00\",\"description\":\"Formation officielle et en cours d\u2019emploi pour nos professionnels des si\u00e8ges sociaux de Mississauga, en Ontario, et de Saint-Louis, au Missouri, ax\u00e9e sur l\u2019apprentissage multiservices et les occasions de leadership. Propulsez votre carri\u00e8re chez Edward Jones.\",\"breadcrumb\":{\"@id\":\"https:\/\/edwardjones.site.findly.com\/fr-CA\/domaines-de-carriere\/sieges-sociaux\/soutien-et-perfectionnement\/#breadcrumb\"},\"inLanguage\":\"fr-CA\",\"potentialAction\":[{\"@type\":\"ReadAction\",\"target\":[\"https:\/\/edwardjones.site.findly.com\/fr-CA\/domaines-de-carriere\/sieges-sociaux\/soutien-et-perfectionnement\/\"]}]},{\"@type\":\"BreadcrumbList\",\"@id\":\"https:\/\/edwardjones.site.findly.com\/fr-CA\/domaines-de-carriere\/sieges-sociaux\/soutien-et-perfectionnement\/#breadcrumb\",\"itemListElement\":[{\"@type\":\"ListItem\",\"position\":1,\"name\":\"Home\",\"item\":\"https:\/\/edwardjones.site.findly.com\/fr-CA\/\"},{\"@type\":\"ListItem\",\"position\":2,\"name\":\"Domaines de carri\u00e8re\",\"item\":\"https:\/\/careers.edwardjones.com\/career-areas\/\"},{\"@type\":\"ListItem\",\"position\":3,\"name\":\"Si\u00e8ges sociaux\",\"item\":\"https:\/\/edwardjones.site.findly.com\/fr-CA\/domaines-de-carriere\/sieges-sociaux\/\"},{\"@type\":\"ListItem\",\"position\":4,\"name\":\"Soutien et perfectionnement\"}]},{\"@type\":\"WebSite\",\"@id\":\"https:\/\/careers.edwardjones.com\/#website\",\"url\":\"https:\/\/careers.edwardjones.com\/\",\"name\":\"Edwardjones\",\"description\":\"ibee Demo Site\",\"potentialAction\":[{\"@type\":\"SearchAction\",\"target\":{\"@type\":\"EntryPoint\",\"urlTemplate\":\"https:\/\/careers.edwardjones.com\/?s={search_term_string}\"},\"query-input\":\"required name=search_term_string\"}],\"inLanguage\":\"fr-CA\"}]}<\/script>\n<!-- \/ Yoast SEO Premium plugin. -->","yoast_head_json":{"title":"Formation et perfectionnement personnalis\u00e9s pour les associ\u00e9s des si\u00e8ges sociaux | Edward Jones","description":"Formation officielle et en cours d\u2019emploi pour nos professionnels des si\u00e8ges sociaux de Mississauga, en Ontario, et de Saint-Louis, au Missouri, ax\u00e9e sur l\u2019apprentissage multiservices et les occasions de leadership. Propulsez votre carri\u00e8re chez Edward Jones.","robots":{"index":"index","follow":"follow","max-snippet":"max-snippet:-1","max-image-preview":"max-image-preview:large","max-video-preview":"max-video-preview:-1"},"canonical":"https:\/\/careers.edwardjones.com\/fr-CA\/domaines-de-carriere\/sieges-sociaux\/soutien-et-perfectionnement\/","og_locale":"fr_CA","og_type":"article","og_title":"Soutien et perfectionnement","og_description":"Formation officielle et en cours d\u2019emploi pour nos professionnels des si\u00e8ges sociaux de Mississauga, en Ontario, et de Saint-Louis, au Missouri, ax\u00e9e sur l\u2019apprentissage multiservices et les occasions de leadership. Propulsez votre carri\u00e8re chez Edward Jones.","og_url":"https:\/\/edwardjones.site.findly.com\/fr-CA\/domaines-de-carriere\/sieges-sociaux\/soutien-et-perfectionnement\/","og_site_name":"Edwardjones","article_modified_time":"2021-02-02T20:00:42+00:00","og_image":[{"width":200,"height":200,"url":"https:\/\/edwardjones.site.findly.com\/wp-content\/uploads\/sites\/3808\/2020\/10\/EdwardJonesCareers-logo-200x200px.jpg","type":"image\/jpeg"}],"twitter_misc":{"Estimation du temps de lecture":"5 minutes"},"schema":{"@context":"https:\/\/schema.org","@graph":[{"@type":"WebPage","@id":"https:\/\/edwardjones.site.findly.com\/fr-CA\/domaines-de-carriere\/sieges-sociaux\/soutien-et-perfectionnement\/","url":"https:\/\/edwardjones.site.findly.com\/fr-CA\/domaines-de-carriere\/sieges-sociaux\/soutien-et-perfectionnement\/","name":"Formation et perfectionnement personnalis\u00e9s pour les associ\u00e9s des si\u00e8ges sociaux | Edward Jones","isPartOf":{"@id":"https:\/\/careers.edwardjones.com\/#website"},"datePublished":"2020-12-27T19:59:18+00:00","dateModified":"2021-02-02T20:00:42+00:00","description":"Formation officielle et en cours d\u2019emploi pour nos professionnels des si\u00e8ges sociaux de Mississauga, en Ontario, et de Saint-Louis, au Missouri, ax\u00e9e sur l\u2019apprentissage multiservices et les occasions de leadership. Propulsez votre carri\u00e8re chez Edward Jones.","breadcrumb":{"@id":"https:\/\/edwardjones.site.findly.com\/fr-CA\/domaines-de-carriere\/sieges-sociaux\/soutien-et-perfectionnement\/#breadcrumb"},"inLanguage":"fr-CA","potentialAction":[{"@type":"ReadAction","target":["https:\/\/edwardjones.site.findly.com\/fr-CA\/domaines-de-carriere\/sieges-sociaux\/soutien-et-perfectionnement\/"]}]},{"@type":"BreadcrumbList","@id":"https:\/\/edwardjones.site.findly.com\/fr-CA\/domaines-de-carriere\/sieges-sociaux\/soutien-et-perfectionnement\/#breadcrumb","itemListElement":[{"@type":"ListItem","position":1,"name":"Home","item":"https:\/\/edwardjones.site.findly.com\/fr-CA\/"},{"@type":"ListItem","position":2,"name":"Domaines de carri\u00e8re","item":"https:\/\/careers.edwardjones.com\/career-areas\/"},{"@type":"ListItem","position":3,"name":"Si\u00e8ges sociaux","item":"https:\/\/edwardjones.site.findly.com\/fr-CA\/domaines-de-carriere\/sieges-sociaux\/"},{"@type":"ListItem","position":4,"name":"Soutien et perfectionnement"}]},{"@type":"WebSite","@id":"https:\/\/careers.edwardjones.com\/#website","url":"https:\/\/careers.edwardjones.com\/","name":"Edwardjones","description":"ibee Demo Site","potentialAction":[{"@type":"SearchAction","target":{"@type":"EntryPoint","urlTemplate":"https:\/\/careers.edwardjones.com\/?s={search_term_string}"},"query-input":"required name=search_term_string"}],"inLanguage":"fr-CA"}]}},"acf":[],"pgc_meta":"","_links":{"self":[{"href":"https:\/\/edwardjones.site.findly.com\/fr-CA\/wp-json\/wp\/v2\/pages\/19123","targetHints":{"allow":["GET"]}}],"collection":[{"href":"https:\/\/edwardjones.site.findly.com\/fr-CA\/wp-json\/wp\/v2\/pages"}],"about":[{"href":"https:\/\/edwardjones.site.findly.com\/fr-CA\/wp-json\/wp\/v2\/types\/page"}],"author":[{"embeddable":true,"href":"https:\/\/edwardjones.site.findly.com\/fr-CA\/wp-json\/wp\/v2\/users\/423"}],"replies":[{"embeddable":true,"href":"https:\/\/edwardjones.site.findly.com\/fr-CA\/wp-json\/wp\/v2\/comments?post=19123"}],"version-history":[{"count":0,"href":"https:\/\/edwardjones.site.findly.com\/fr-CA\/wp-json\/wp\/v2\/pages\/19123\/revisions"}],"up":[{"embeddable":true,"href":"https:\/\/edwardjones.site.findly.com\/fr-CA\/wp-json\/wp\/v2\/pages\/19013"}],"wp:attachment":[{"href":"https:\/\/edwardjones.site.findly.com\/fr-CA\/wp-json\/wp\/v2\/media?parent=19123"}],"wp:term":[{"taxonomy":"persona","embeddable":true,"href":"https:\/\/edwardjones.site.findly.com\/fr-CA\/wp-json\/wp\/v2\/persona?post=19123"}],"curies":[{"name":"wp","href":"https:\/\/api.w.org\/{rel}","templated":true}]}}