{"id":18968,"date":"2020-12-24T11:16:48","date_gmt":"2020-12-24T11:16:48","guid":{"rendered":"https:\/\/careers.edwardjones.com\/?page_id=18968"},"modified":"2025-01-13T12:14:13","modified_gmt":"2025-01-13T12:14:13","slug":"notre-processus-dembauche","status":"publish","type":"page","link":"https:\/\/edwardjones.site.findly.com\/fr-CA\/domaines-de-carriere\/equipe-du-soutien-client-old\/notre-processus-dembauche\/","title":{"rendered":"Notre processus d\u2019embauche"},"content":{"rendered":"<p>[av_section min_height=\u00a0\u00bb min_height_px=&rsquo;60px&rsquo; padding=&rsquo;no-padding&rsquo; shadow=&rsquo;no-border-styling&rsquo; bottom_border=&rsquo;no-border-styling&rsquo; bottom_border_diagonal_color=&rsquo;#333333&prime; bottom_border_diagonal_direction=\u00a0\u00bb bottom_border_style=\u00a0\u00bb id=\u00a0\u00bb color=&rsquo;main_color&rsquo; custom_bg=\u00a0\u00bb src=\u00a0\u00bb attachment=\u00a0\u00bb attachment_size=\u00a0\u00bb attach=&rsquo;scroll&rsquo; position=&rsquo;top left&rsquo; repeat=&rsquo;no-repeat&rsquo; video=\u00a0\u00bb video_ratio=&rsquo;16:9&prime; overlay_opacity=&rsquo;0.5&prime; overlay_color=\u00a0\u00bb overlay_pattern=\u00a0\u00bb overlay_custom_pattern=\u00a0\u00bb custom_class=&rsquo;breadcrumb-section minht0 pb40&prime;]<br \/>\n[av_textblock size=\u00a0\u00bb font_color=\u00a0\u00bb color=\u00a0\u00bb custom_class=\u00a0\u00bb]<br \/>\n[cws_bread_crumb separator=&gt;]<br \/>\n[\/av_textblock]<br \/>\n[\/av_section]<\/p>\n<p>[av_section min_height=\u00a0\u00bb min_height_px=&rsquo;500px&rsquo; padding=&rsquo;no-padding&rsquo; shadow=&rsquo;no-border-styling&rsquo; bottom_border=&rsquo;no-border-styling&rsquo; bottom_border_diagonal_color=&rsquo;#333333&prime; bottom_border_diagonal_direction=\u00a0\u00bb bottom_border_style=\u00a0\u00bb id=\u00a0\u00bb color=&rsquo;main_color&rsquo; custom_bg=\u00a0\u00bb src=\u00a0\u00bb attachment=\u00a0\u00bb attachment_size=\u00a0\u00bb attach=&rsquo;scroll&rsquo; position=&rsquo;top left&rsquo; repeat=&rsquo;no-repeat&rsquo; video=\u00a0\u00bb video_ratio=&rsquo;16:9&prime; overlay_opacity=&rsquo;0.5&prime; overlay_color=\u00a0\u00bb overlay_pattern=\u00a0\u00bb overlay_custom_pattern=\u00a0\u00bb custom_class=&rsquo;left-text-right-image reverse-col two-col-wideimg equal-wid image-l50 one-third-text fs-22banner&rsquo;]<br \/>\n[av_one_half first min_height=&rsquo;av-equal-height-column&rsquo; vertical_alignment=&rsquo;av-align-middle&rsquo; space=&rsquo;no_margin&rsquo; margin=&rsquo;0px&rsquo; margin_sync=&rsquo;true&rsquo; padding=&rsquo;0px&rsquo; padding_sync=&rsquo;true&rsquo; border=\u00a0\u00bb border_color=\u00a0\u00bb radius=&rsquo;0px&rsquo; radius_sync=&rsquo;true&rsquo; background_color=&rsquo;#f1f3f4&prime; src=\u00a0\u00bb attachment=\u00a0\u00bb attachment_size=\u00a0\u00bb background_position=&rsquo;top left&rsquo; background_repeat=&rsquo;no-repeat&rsquo; animation=\u00a0\u00bb mobile_display=\u00a0\u00bb custom_class=&rsquo;l-text&rsquo;]<\/p>\n<p>[av_textblock size=\u00a0\u00bb font_color=\u00a0\u00bb color=\u00a0\u00bb custom_class=\u00a0\u00bb]<\/p>\n<h1>Pr\u00eat \u00e0 poser votre candidature? Suivez ces \u00e9tapes simples.<\/h1>\n<p>[\/av_textblock]<\/p>\n<p>[\/av_one_half][av_one_half min_height=&rsquo;av-equal-height-column&rsquo; vertical_alignment=&rsquo;av-align-middle&rsquo; space=&rsquo;no_margin&rsquo; margin=&rsquo;0px&rsquo; margin_sync=&rsquo;true&rsquo; padding=&rsquo;0px&rsquo; padding_sync=&rsquo;true&rsquo; border=\u00a0\u00bb border_color=\u00a0\u00bb radius=&rsquo;0px&rsquo; radius_sync=&rsquo;true&rsquo; background_color=\u00a0\u00bb src=\u00a0\u00bb attachment=\u00a0\u00bb attachment_size=\u00a0\u00bb background_position=&rsquo;top left&rsquo; background_repeat=&rsquo;no-repeat&rsquo; animation=\u00a0\u00bb mobile_display=\u00a0\u00bb custom_class=&rsquo;r-img&rsquo;]<\/p>\n<p>[av_image src=&rsquo;\/wp-content\/uploads\/sites\/1392\/2020\/12\/iStock-531741465-1.jpg&rsquo; attachment=&rsquo;18970&prime; attachment_size=&rsquo;full&rsquo; align=&rsquo;right&rsquo; styling=\u00a0\u00bb hover=\u00a0\u00bb link=\u00a0\u00bb target=\u00a0\u00bb caption=\u00a0\u00bb font_size=\u00a0\u00bb appearance=\u00a0\u00bb overlay_opacity=&rsquo;0.4&prime; overlay_color=&rsquo;#000000&prime; overlay_text_color=&rsquo;#ffffff&rsquo; animation=&rsquo;no-animation&rsquo; custom_class=\u00a0\u00bb][\/av_image]<\/p>\n<p>[\/av_one_half]<br \/>\n[\/av_section]<\/p>\n<p>[av_section min_height=\u00a0\u00bb min_height_px=&rsquo;500px&rsquo; padding=&rsquo;no-padding&rsquo; shadow=&rsquo;no-border-styling&rsquo; bottom_border=&rsquo;no-border-styling&rsquo; bottom_border_diagonal_color=&rsquo;#333333&prime; bottom_border_diagonal_direction=\u00a0\u00bb bottom_border_style=\u00a0\u00bb id=\u00a0\u00bb color=&rsquo;main_color&rsquo; custom_bg=\u00a0\u00bb src=\u00a0\u00bb attachment=\u00a0\u00bb attachment_size=\u00a0\u00bb attach=&rsquo;scroll&rsquo; position=&rsquo;top left&rsquo; repeat=&rsquo;no-repeat&rsquo; video=\u00a0\u00bb video_ratio=&rsquo;16:9&prime; overlay_opacity=&rsquo;0.5&prime; overlay_color=\u00a0\u00bb overlay_pattern=\u00a0\u00bb overlay_custom_pattern=\u00a0\u00bb custom_class=&rsquo;pt90 pb100 search-widget-vertical-container&rsquo;]<\/p>\n<p>[av_three_fourth first min_height=\u00a0\u00bb vertical_alignment=&rsquo;av-align-top&rsquo; space=\u00a0\u00bb margin=&rsquo;0px&rsquo; margin_sync=&rsquo;true&rsquo; padding=&rsquo;0px&rsquo; padding_sync=&rsquo;true&rsquo; border=\u00a0\u00bb border_color=\u00a0\u00bb radius=&rsquo;0px&rsquo; radius_sync=&rsquo;true&rsquo; background_color=\u00a0\u00bb src=\u00a0\u00bb attachment=\u00a0\u00bb attachment_size=\u00a0\u00bb background_position=&rsquo;top left&rsquo; background_repeat=&rsquo;no-repeat&rsquo; animation=\u00a0\u00bb mobile_display=\u00a0\u00bb custom_class=\u00a0\u00bb]<\/p>\n<p>[av_textblock size=\u00a0\u00bb font_color=\u00a0\u00bb color=\u00a0\u00bb custom_class=\u00a0\u00bb]<\/p>\n<h2>Notre processus d\u2019embauche<\/h2>\n<p>[\/av_textblock]<\/p>\n<p>[av_textblock size=\u00a0\u00bb font_color=\u00a0\u00bb color=\u00a0\u00bb custom_class=&rsquo;our-hiring-process-steps-textblock&rsquo;]<\/p>\n<div class=\"our-hiring-process-steps pt30 pb30\">\n<div class=\"left-text\">\n<p class=\"pfs28 pcaps m0\">\u00c9tape 1<\/p>\n<h3>Soumettre votre curriculum vitae<\/h3>\n<p>Une fois que vous avez trouv\u00e9 un poste int\u00e9ressant, cr\u00e9ez un profil de candidat et soumettez votre curriculum vitae en ligne.<\/p>\n<\/div>\n<div class=\"right-img\"><img decoding=\"async\" src=\"\/wp-content\/uploads\/sites\/1392\/2020\/10\/edjones-metaphor-images_0004_istock-618830382.jpg\" alt=\"\" \/><\/div>\n<\/div>\n<div class=\"our-hiring-process-steps pt50 pb30\">\n<div class=\"left-text\">\n<p class=\"pfs28 pcaps m0\">\u00c9tape 2<\/p>\n<h3>Confirmation de r\u00e9ception de votre curriculum vitae<\/h3>\n<p>Vous recevrez un courriel de confirmation lorsque nous recevrons votre curriculum vitae (remarque : si vous avez un bloqueur de pourriels, veuillez vous assurer que vous pouvez recevoir des courriels de <a href=\"mailto:donotreply@trm.brassring.com\">donotreply@trm.brassring.com<\/a>).<\/p>\n<\/div>\n<div class=\"right-img\"><img decoding=\"async\" src=\"\/wp-content\/uploads\/sites\/1392\/2020\/10\/edjones-metaphor-images_0005_shutterstock_367328567.jpg\" alt=\"\" \/><\/div>\n<\/div>\n<div class=\"our-hiring-process-steps pt50 pb30\">\n<div class=\"left-text\">\n<p class=\"pfs28 pcaps m0\">\u00c9tape 3<\/p>\n<h3>\u00c9valuation du recruteur<\/h3>\n<p>Un recruteur \u00e9valuera vos qualifications et invitera les candidats les plus qualifi\u00e9s \u00e0 participer \u00e0 notre processus de s\u00e9lection.<\/p>\n<\/div>\n<div class=\"right-img\"><img decoding=\"async\" src=\"\/wp-content\/uploads\/sites\/1392\/2020\/10\/edjones-metaphor-images_0002_iStock-172485805.jpg\" alt=\"\" \/><\/div>\n<\/div>\n<div class=\"our-hiring-process-steps pt50 pb30\">\n<div class=\"left-text\">\n<p class=\"pfs28 pcaps m0\">\u00c9tape 4<\/p>\n<h3>Entrevue<\/h3>\n<p>Si vous \u00eates s\u00e9lectionn\u00e9 pour la prochaine \u00e9tape, vous participerez \u00e0 des entrevues sous divers formats, y compris une entrevue num\u00e9rique, une conversation t\u00e9l\u00e9phonique de suivi et une entrevue en personne ou virtuelle avec le responsable de l\u2019embauche.<\/p>\n<\/div>\n<div class=\"right-img\"><img decoding=\"async\" src=\"\/wp-content\/uploads\/sites\/1392\/2020\/10\/edjones-metaphor-images_0003_shutterstock_421163095.jpg\" alt=\"\" \/><\/div>\n<\/div>\n<div class=\"our-hiring-process-steps pt50 pb30\">\n<div class=\"left-text\">\n<p class=\"pfs28 pcaps m0\">\u00c9tape 5<\/p>\n<h3>Participation \u00e0 l\u2019\u00e9valuation<\/h3>\n<p>Vous pourriez \u00e9galement \u00eatre invit\u00e9 \u00e0 participer \u00e0 une \u00e9valuation en ligne aux derni\u00e8res \u00e9tapes du processus.<\/p>\n<\/div>\n<div class=\"right-img\"><img decoding=\"async\" src=\"\/wp-content\/uploads\/sites\/1392\/2020\/10\/edjones-metaphor-images_0003_iStock-1173896966.jpg\" alt=\"\" \/><\/div>\n<\/div>\n<div class=\"our-hiring-process-steps pt50 pb30\">\n<div class=\"left-text\">\n<p class=\"pfs28 pcaps m0\">\u00c9tape 6<\/p>\n<h3>Derni\u00e8res \u00e9tapes de l\u2019\u00e9valuation et pr\u00e9sentation de l\u2019offre<\/h3>\n<p>Notre responsable de l\u2019embauche et le recruteur finalisent le processus d\u2019\u00e9valuation et d\u00e9terminent le candidat qui recevra une offre d\u2019emploi.<\/p>\n<\/div>\n<div class=\"right-img\"><img decoding=\"async\" src=\"\/wp-content\/uploads\/sites\/1392\/2020\/10\/edjones-metaphor-images_0000_iStock-1224265287.jpg\" alt=\"\" \/><\/div>\n<\/div>\n<div class=\"our-hiring-process-steps pt50 pb30\">\n<div class=\"left-text\">\n<p class=\"pfs28 pcaps m0\">\u00c9tape 7<\/p>\n<h3>V\u00e9rifications pr\u00e9alables \u00e0 l\u2019embauche<\/h3>\n<p>L\u2019embauche d\u2019un candidat est conditionnelle \u00e0 certaines v\u00e9rifications pr\u00e9alables, notamment des ant\u00e9c\u00e9dents.<\/p>\n<\/div>\n<div class=\"right-img\"><img decoding=\"async\" src=\"\/wp-content\/uploads\/sites\/1392\/2020\/10\/edjones-metaphor-images_0000_shutterstock_310847528.jpg\" alt=\"\" \/><\/div>\n<\/div>\n<div role=\"\u201dcomplementary\u201d\" class=\"pb20 pt50\">\n<p><em><span style=\"font-weight: 400;\"><span>La dur\u00e9e du processus de recrutement varie en fonction de divers facteurs comme le salaire, l\u2019emplacement g\u00e9ographique et le type de poste.<\/span><\/span><\/em><\/p>\n<p><em>Rechercher nos <a class=\"edj-link pb20\" href=\"\/fr-CA\/resultats-de-la-recherche-demploi\/?category=Client%20Support%20Team&amp;location=Canada&amp;country=CA&amp;radius=25&amp;units=km\">offres d\u2019emploi actuelles<\/a> et postuler \u00e0 un poste de \u00c9quipe du soutien client \u00e0 Edward Jones.<\/em><\/p>\n<\/div>\n<p>[\/av_textblock]<\/p>\n<p>[av_textblock size=\u00a0\u00bb font_color=\u00a0\u00bb color=\u00a0\u00bb custom_class=&rsquo;h2fs20 h2pb0 pt50&prime;]<\/p>\n<h3 class=\"pb10\">Conseils pour une entrevue r\u00e9ussie<\/h3>\n<p>Le processus d\u2019entrevue est une occasion de nous conna\u00eetre. Nous vous offrons donc ces conseils pour vous y pr\u00e9parer en cons\u00e9quence.<\/p>\n<p class=\"m0\">Nous mettons l\u2019accent sur les comp\u00e9tences et les aptitudes li\u00e9es \u00e0 votre exp\u00e9rience ant\u00e9rieure pour nous aider \u00e0 comprendre votre fa\u00e7on d\u2019approcher diverses situations professionnelles et d\u2019en tirer des le\u00e7ons.<\/p>\n<ol class=\"pb20\">\n<li>Renseignez-vous sur l\u2019emplacement, la circulation, le stationnement et arrivez de 10 \u00e0 15 minutes \u00e0 l\u2019avance.<\/li>\n<li>La tenue de ville est de mise chez Edward Jones. Veuillez donc vous pr\u00e9senter \u00e0 votre entrevue en portant une tenue professionnelle et appropri\u00e9e.<br \/>\n<strong class=\"pb20\">Pr\u00e9parez-vous!<\/strong><\/p>\n<ol class=\"list-alpha\" type=\"a\">\n<li>Apportez plusieurs exemplaires de votre curriculum vitae qui doit \u00eatre \u00e0 jour et d\u00e9taill\u00e9.<\/li>\n<li>Attendez-vous \u00e0 ce que le repr\u00e9sentant en services financiers vous pose des questions de mise en situation; c\u2019est le moment de souligner vos r\u00e9alisations en d\u00e9crivant une situation particuli\u00e8re, vos actions et le r\u00e9sultat global.<\/li>\n<li>Pr\u00e9parez des questions pour le repr\u00e9sentant en services financiers; vous pouvez consulter le site Web d\u2019Edward Jones pour obtenir de l\u2019information sur la succursale, l\u2019entreprise et le poste. Adressez-vous \u00e0 votre \u00e9quipe de recrutement pour les questions concernant la r\u00e9mun\u00e9ration et les avantages sociaux.<\/li>\n<\/ol>\n<\/li>\n<li>Faites une bonne premi\u00e8re impression : l\u2019entrevue commence \u00e0 votre arriv\u00e9e au bureau.<\/li>\n<\/ol>\n<p class=\"m0\">Vous voulez laisser une impression durable? Pensez \u00e0 envoyer une lettre de remerciement manuscrite ou un courriel de remerciement dans les 24 heures suivant l\u2019entrevue.<\/p>\n<p>[\/av_textblock]<\/p>\n<p>[\/av_three_fourth][av_one_fourth min_height=\u00a0\u00bb vertical_alignment=&rsquo;av-align-top&rsquo; space=\u00a0\u00bb margin=&rsquo;0px&rsquo; margin_sync=&rsquo;true&rsquo; padding=&rsquo;0px&rsquo; padding_sync=&rsquo;true&rsquo; border=\u00a0\u00bb border_color=\u00a0\u00bb radius=&rsquo;0px&rsquo; radius_sync=&rsquo;true&rsquo; background_color=&rsquo;#fde57f&rsquo; src=\u00a0\u00bb attachment=\u00a0\u00bb attachment_size=\u00a0\u00bb background_position=&rsquo;top left&rsquo; background_repeat=&rsquo;no-repeat&rsquo; animation=\u00a0\u00bb mobile_display=\u00a0\u00bb custom_class=&rsquo;search-widget search-widget-vertical&rsquo;]<\/p>\n<p>[av_sidebar widget_area=&rsquo;Home &#8211; fr-CA Under banner Job Search Widget &lsquo;]<\/p>\n<p>[\/av_one_fourth][\/av_section]<\/p>\n","protected":false},"excerpt":{"rendered":"<p>[av_section min_height=\u00a0\u00bb min_height_px=&rsquo;60px&rsquo; padding=&rsquo;no-padding&rsquo; shadow=&rsquo;no-border-styling&rsquo; bottom_border=&rsquo;no-border-styling&rsquo; bottom_border_diagonal_color=&rsquo;#333333&prime; bottom_border_diagonal_direction=\u00a0\u00bb bottom_border_style=\u00a0\u00bb id=\u00a0\u00bb<\/p>\n","protected":false},"author":2609,"featured_media":0,"parent":19538,"menu_order":0,"comment_status":"closed","ping_status":"closed","template":"","meta":{"_acf_changed":false,"pgc_meta":"","footnotes":""},"persona":[],"class_list":["post-18968","page","type-page","status-publish","hentry"],"yoast_head":"<!-- This site is optimized with the Yoast SEO Premium plugin v23.0 (Yoast SEO v23.0) - https:\/\/yoast.com\/wordpress\/plugins\/seo\/ -->\n<title>Postuler pour un emploi d\u2019administrateur de succursale est simple | Edward Jones<\/title>\n<meta name=\"description\" content=\"Le r\u00f4le d\u2019administrateur de succursale exige de la souplesse, de la cr\u00e9ativit\u00e9 et la capacit\u00e9 de travailler de mani\u00e8re autonome. Pour en savoir plus sur le poste et notre processus d\u2019embauche.\" \/>\n<meta name=\"robots\" content=\"index, follow, max-snippet:-1, max-image-preview:large, max-video-preview:-1\" \/>\n<link rel=\"canonical\" href=\"https:\/\/careers.edwardjones.com\/fr-CA\/domaines-de-carriere\/equipe-du-soutien-client-old\/notre-processus-dembauche\/\" \/>\n<meta property=\"og:locale\" content=\"fr_CA\" \/>\n<meta property=\"og:type\" content=\"article\" \/>\n<meta property=\"og:title\" content=\"Notre processus d\u2019embauche\" \/>\n<meta property=\"og:description\" content=\"Le r\u00f4le d\u2019administrateur de succursale exige de la souplesse, de la cr\u00e9ativit\u00e9 et la capacit\u00e9 de travailler de mani\u00e8re autonome. Pour en savoir plus sur le poste et notre processus d\u2019embauche.\" \/>\n<meta property=\"og:url\" content=\"https:\/\/edwardjones.site.findly.com\/fr-CA\/domaines-de-carriere\/equipe-du-soutien-client-old\/notre-processus-dembauche\/\" \/>\n<meta property=\"og:site_name\" content=\"Edwardjones\" \/>\n<meta property=\"article:modified_time\" content=\"2025-01-13T12:14:13+00:00\" \/>\n<meta property=\"og:image\" content=\"https:\/\/edwardjones.site.findly.com\/wp-content\/uploads\/sites\/3808\/2020\/10\/EdwardJonesCareers-logo-200x200px.jpg\" \/>\n\t<meta property=\"og:image:width\" content=\"200\" \/>\n\t<meta property=\"og:image:height\" content=\"200\" \/>\n\t<meta property=\"og:image:type\" content=\"image\/jpeg\" \/>\n<meta name=\"twitter:label1\" content=\"Estimation du temps de lecture\" \/>\n\t<meta name=\"twitter:data1\" content=\"5 minutes\" \/>\n<script type=\"application\/ld+json\" class=\"yoast-schema-graph\">{\"@context\":\"https:\/\/schema.org\",\"@graph\":[{\"@type\":\"WebPage\",\"@id\":\"https:\/\/edwardjones.site.findly.com\/fr-CA\/domaines-de-carriere\/equipe-du-soutien-client-old\/notre-processus-dembauche\/\",\"url\":\"https:\/\/edwardjones.site.findly.com\/fr-CA\/domaines-de-carriere\/equipe-du-soutien-client-old\/notre-processus-dembauche\/\",\"name\":\"Postuler pour un emploi d\u2019administrateur de succursale est simple | Edward Jones\",\"isPartOf\":{\"@id\":\"https:\/\/careers.edwardjones.com\/#website\"},\"datePublished\":\"2020-12-24T11:16:48+00:00\",\"dateModified\":\"2025-01-13T12:14:13+00:00\",\"description\":\"Le r\u00f4le d\u2019administrateur de succursale exige de la souplesse, de la cr\u00e9ativit\u00e9 et la capacit\u00e9 de travailler de mani\u00e8re autonome. Pour en savoir plus sur le poste et notre processus d\u2019embauche.\",\"breadcrumb\":{\"@id\":\"https:\/\/edwardjones.site.findly.com\/fr-CA\/domaines-de-carriere\/equipe-du-soutien-client-old\/notre-processus-dembauche\/#breadcrumb\"},\"inLanguage\":\"fr-CA\",\"potentialAction\":[{\"@type\":\"ReadAction\",\"target\":[\"https:\/\/edwardjones.site.findly.com\/fr-CA\/domaines-de-carriere\/equipe-du-soutien-client-old\/notre-processus-dembauche\/\"]}]},{\"@type\":\"BreadcrumbList\",\"@id\":\"https:\/\/edwardjones.site.findly.com\/fr-CA\/domaines-de-carriere\/equipe-du-soutien-client-old\/notre-processus-dembauche\/#breadcrumb\",\"itemListElement\":[{\"@type\":\"ListItem\",\"position\":1,\"name\":\"Home\",\"item\":\"https:\/\/edwardjones.site.findly.com\/fr-CA\/\"},{\"@type\":\"ListItem\",\"position\":2,\"name\":\"Domaines de carri\u00e8re\",\"item\":\"https:\/\/careers.edwardjones.com\/career-areas\/\"},{\"@type\":\"ListItem\",\"position\":3,\"name\":\"\u00c9quipe du soutien client old\",\"item\":\"https:\/\/edwardjones.site.findly.com\/fr-CA\/domaines-de-carriere\/equipe-du-soutien-client-old\/\"},{\"@type\":\"ListItem\",\"position\":4,\"name\":\"Notre processus d\u2019embauche\"}]},{\"@type\":\"WebSite\",\"@id\":\"https:\/\/careers.edwardjones.com\/#website\",\"url\":\"https:\/\/careers.edwardjones.com\/\",\"name\":\"Edwardjones\",\"description\":\"ibee Demo Site\",\"potentialAction\":[{\"@type\":\"SearchAction\",\"target\":{\"@type\":\"EntryPoint\",\"urlTemplate\":\"https:\/\/careers.edwardjones.com\/?s={search_term_string}\"},\"query-input\":\"required name=search_term_string\"}],\"inLanguage\":\"fr-CA\"}]}<\/script>\n<!-- \/ Yoast SEO Premium plugin. -->","yoast_head_json":{"title":"Postuler pour un emploi d\u2019administrateur de succursale est simple | Edward Jones","description":"Le r\u00f4le d\u2019administrateur de succursale exige de la souplesse, de la cr\u00e9ativit\u00e9 et la capacit\u00e9 de travailler de mani\u00e8re autonome. Pour en savoir plus sur le poste et notre processus d\u2019embauche.","robots":{"index":"index","follow":"follow","max-snippet":"max-snippet:-1","max-image-preview":"max-image-preview:large","max-video-preview":"max-video-preview:-1"},"canonical":"https:\/\/careers.edwardjones.com\/fr-CA\/domaines-de-carriere\/equipe-du-soutien-client-old\/notre-processus-dembauche\/","og_locale":"fr_CA","og_type":"article","og_title":"Notre processus d\u2019embauche","og_description":"Le r\u00f4le d\u2019administrateur de succursale exige de la souplesse, de la cr\u00e9ativit\u00e9 et la capacit\u00e9 de travailler de mani\u00e8re autonome. Pour en savoir plus sur le poste et notre processus d\u2019embauche.","og_url":"https:\/\/edwardjones.site.findly.com\/fr-CA\/domaines-de-carriere\/equipe-du-soutien-client-old\/notre-processus-dembauche\/","og_site_name":"Edwardjones","article_modified_time":"2025-01-13T12:14:13+00:00","og_image":[{"width":200,"height":200,"url":"https:\/\/edwardjones.site.findly.com\/wp-content\/uploads\/sites\/3808\/2020\/10\/EdwardJonesCareers-logo-200x200px.jpg","type":"image\/jpeg"}],"twitter_misc":{"Estimation du temps de lecture":"5 minutes"},"schema":{"@context":"https:\/\/schema.org","@graph":[{"@type":"WebPage","@id":"https:\/\/edwardjones.site.findly.com\/fr-CA\/domaines-de-carriere\/equipe-du-soutien-client-old\/notre-processus-dembauche\/","url":"https:\/\/edwardjones.site.findly.com\/fr-CA\/domaines-de-carriere\/equipe-du-soutien-client-old\/notre-processus-dembauche\/","name":"Postuler pour un emploi d\u2019administrateur de succursale est simple | Edward Jones","isPartOf":{"@id":"https:\/\/careers.edwardjones.com\/#website"},"datePublished":"2020-12-24T11:16:48+00:00","dateModified":"2025-01-13T12:14:13+00:00","description":"Le r\u00f4le d\u2019administrateur de succursale exige de la souplesse, de la cr\u00e9ativit\u00e9 et la capacit\u00e9 de travailler de mani\u00e8re autonome. Pour en savoir plus sur le poste et notre processus d\u2019embauche.","breadcrumb":{"@id":"https:\/\/edwardjones.site.findly.com\/fr-CA\/domaines-de-carriere\/equipe-du-soutien-client-old\/notre-processus-dembauche\/#breadcrumb"},"inLanguage":"fr-CA","potentialAction":[{"@type":"ReadAction","target":["https:\/\/edwardjones.site.findly.com\/fr-CA\/domaines-de-carriere\/equipe-du-soutien-client-old\/notre-processus-dembauche\/"]}]},{"@type":"BreadcrumbList","@id":"https:\/\/edwardjones.site.findly.com\/fr-CA\/domaines-de-carriere\/equipe-du-soutien-client-old\/notre-processus-dembauche\/#breadcrumb","itemListElement":[{"@type":"ListItem","position":1,"name":"Home","item":"https:\/\/edwardjones.site.findly.com\/fr-CA\/"},{"@type":"ListItem","position":2,"name":"Domaines de carri\u00e8re","item":"https:\/\/careers.edwardjones.com\/career-areas\/"},{"@type":"ListItem","position":3,"name":"\u00c9quipe du soutien client old","item":"https:\/\/edwardjones.site.findly.com\/fr-CA\/domaines-de-carriere\/equipe-du-soutien-client-old\/"},{"@type":"ListItem","position":4,"name":"Notre processus d\u2019embauche"}]},{"@type":"WebSite","@id":"https:\/\/careers.edwardjones.com\/#website","url":"https:\/\/careers.edwardjones.com\/","name":"Edwardjones","description":"ibee Demo Site","potentialAction":[{"@type":"SearchAction","target":{"@type":"EntryPoint","urlTemplate":"https:\/\/careers.edwardjones.com\/?s={search_term_string}"},"query-input":"required name=search_term_string"}],"inLanguage":"fr-CA"}]}},"acf":[],"pgc_meta":"","_links":{"self":[{"href":"https:\/\/edwardjones.site.findly.com\/fr-CA\/wp-json\/wp\/v2\/pages\/18968","targetHints":{"allow":["GET"]}}],"collection":[{"href":"https:\/\/edwardjones.site.findly.com\/fr-CA\/wp-json\/wp\/v2\/pages"}],"about":[{"href":"https:\/\/edwardjones.site.findly.com\/fr-CA\/wp-json\/wp\/v2\/types\/page"}],"author":[{"embeddable":true,"href":"https:\/\/edwardjones.site.findly.com\/fr-CA\/wp-json\/wp\/v2\/users\/2609"}],"replies":[{"embeddable":true,"href":"https:\/\/edwardjones.site.findly.com\/fr-CA\/wp-json\/wp\/v2\/comments?post=18968"}],"version-history":[{"count":2,"href":"https:\/\/edwardjones.site.findly.com\/fr-CA\/wp-json\/wp\/v2\/pages\/18968\/revisions"}],"predecessor-version":[{"id":34477,"href":"https:\/\/edwardjones.site.findly.com\/fr-CA\/wp-json\/wp\/v2\/pages\/18968\/revisions\/34477"}],"up":[{"embeddable":true,"href":"https:\/\/edwardjones.site.findly.com\/fr-CA\/wp-json\/wp\/v2\/pages\/19538"}],"wp:attachment":[{"href":"https:\/\/edwardjones.site.findly.com\/fr-CA\/wp-json\/wp\/v2\/media?parent=18968"}],"wp:term":[{"taxonomy":"persona","embeddable":true,"href":"https:\/\/edwardjones.site.findly.com\/fr-CA\/wp-json\/wp\/v2\/persona?post=18968"}],"curies":[{"name":"wp","href":"https:\/\/api.w.org\/{rel}","templated":true}]}}